{"id":1906,"date":"2025-01-30T11:07:07","date_gmt":"2025-01-30T11:07:07","guid":{"rendered":"https:\/\/isabelpalau.com\/politique-de-confidentialite\/"},"modified":"2025-11-13T11:56:14","modified_gmt":"2025-11-13T11:56:14","slug":"politique-de-confidentialite","status":"publish","type":"page","link":"https:\/\/isabelpalau.com\/fr\/politique-de-confidentialite\/","title":{"rendered":"Politique de confidentialit\u00e9"},"content":{"rendered":"\t\t<div data-elementor-type=\"wp-page\" data-elementor-id=\"1906\" class=\"elementor elementor-1906 elementor-595\" data-elementor-post-type=\"page\">\n\t\t\t\t<div class=\"elementor-element elementor-element-6f146dc e-flex e-con-boxed e-con e-parent\" data-id=\"6f146dc\" data-element_type=\"container\" data-settings=\"{&quot;background_background&quot;:&quot;video&quot;,&quot;background_video_link&quot;:&quot;https:\\\/\\\/videos.pexels.com\\\/video-files\\\/7918375\\\/7918375-hd_1920_1080_30fps.mp4&quot;,&quot;background_play_on_mobile&quot;:&quot;yes&quot;}\">\n\t\t\t\t\t<div class=\"e-con-inner\">\n\t\t<div class=\"elementor-background-video-container\" aria-hidden=\"true\">\n\t\t\t\t\t\t\t<video class=\"elementor-background-video-hosted\" autoplay muted playsinline loop><\/video>\n\t\t\t\t\t<\/div>\t\t<div class=\"elementor-element elementor-element-ae3f441 elementor-widget elementor-widget-heading\" data-id=\"ae3f441\" data-element_type=\"widget\" data-widget_type=\"heading.default\">\n\t\t\t\t<div class=\"elementor-widget-container\">\n\t\t\t\t\t<h2 class=\"elementor-heading-title elementor-size-default\">Politique de confidentialit\u00e9<\/h2>\t\t\t\t<\/div>\n\t\t\t\t<\/div>\n\t\t\t\t\t<\/div>\n\t\t\t\t<\/div>\n\t\t<div class=\"elementor-element elementor-element-4a8c093 e-flex e-con-boxed e-con e-parent\" data-id=\"4a8c093\" data-element_type=\"container\">\n\t\t\t\t\t<div class=\"e-con-inner\">\n\t\t\t\t<div class=\"elementor-element elementor-element-671e8fe elementor-widget elementor-widget-text-editor\" data-id=\"671e8fe\" data-element_type=\"widget\" data-widget_type=\"text-editor.default\">\n\t\t\t\t<div class=\"elementor-widget-container\">\n\t\t\t\t\t\t\t\t\t<h4><strong>INTRODUCCI\u00d3N<\/strong><\/h4>\n\n<p>\n Esta Pol\u00edtica de Privacidad describe el tratamiento de datos personales\nrealizado por <strong>www.isabelpalau.com<\/strong>, en conformidad con la Ley\nOrg\u00e1nica 3\/2018, de 5 de diciembre, de Protecci\u00f3n de Datos Personales y\ngarant\u00eda de los derechos digitales, y el\n<strong>Reglamento (UE) 2016\/679<\/strong> del Parlamento Europeo y del\nConsejo, de 27 de abril de 2016.\n<\/p>\n<br><h4><strong>RESPONSABLE DEL TRATAMIENTO<\/strong><\/h4>\n<ul>\n  <li>Identidad: Isabel Palau Casellas<\/li>\n  <li>Nombre comercial: ISABEL PALAU CASELLAS<\/li>\n  <li>CIF: 46612660D<\/li>\n  <li>Direcci\u00f3n: Av. de les Ac\u00e0cies, 23, 08328, Alella<\/li>\n  <li>Tel\u00e9fono: +34 935 400 700<\/li>\n  <li>Correo electr\u00f3nico: info@isabelpalau.com<\/li>\n<\/ul>\n<br><p>\n Para cualquier consulta o comunicaci\u00f3n, puede contactarnos en\n<span><strong>info@isabelpalau.com<\/strong><\/span> o por correo postal a la\ndirecci\u00f3n indicada.\n<\/p>\n<br><h4><strong>DATOS PERSONALES TRATADOS<\/strong><\/h4>\n\n<p>Podemos tratar las siguientes categor\u00edas de datos personales:<\/p>\n<ul>\n  <li>Datos identificativos: Nombre, apellidos, DNI\/CIF\/NIE.<\/li>\n  <li>Datos de contacto: Correo electr\u00f3nico, direcci\u00f3n, tel\u00e9fono.<\/li>\n  <li>Datos profesionales: Empresa y cargo dentro de la organizaci\u00f3n.<\/li>\n  <li>\n Informaci\u00f3n adicional proporcionada voluntariamente en formularios web.\n  <\/li>\n<\/ul>\n<br><h4><strong>FINALIDAD DEL TRATAMIENTO<\/strong><\/h4>\n\n<p>Los datos personales se tratar\u00e1n para los siguientes fines:<\/p>\n<ul>\n  <li>Prestaci\u00f3n de servicios solicitados y ejecuci\u00f3n de contratos.<\/li>\n  <li>Elaboraci\u00f3n de propuestas de servicios y gesti\u00f3n de clientes.<\/li>\n  <li>Facturaci\u00f3n y cumplimiento de obligaciones legales.<\/li>\n  <li>Env\u00edo de comunicaciones sobre novedades y eventos de la empresa.<\/li>\n  <li>Gesti\u00f3n de solicitudes de contacto.<\/li>\n  <li>Env\u00edo de comunicaciones comerciales con consentimiento previo.<\/li>\n  <li>An\u00e1lisis estad\u00edstico y estudios de mercado.<\/li>\n<\/ul>\n\n<br><h4><strong>BASE LEGAL PARA EL TRATAMIENTO<\/strong><\/h4>\n\n<p>El tratamiento de los datos se realiza en base a:<\/p>\n<ul>\n  <li>Ejecuci\u00f3n contractual: Para la prestaci\u00f3n de servicios solicitados.<\/li>\n  <li>Consentimiento: Para el env\u00edo de comunicaciones comerciales.<\/li>\n  <li>Inter\u00e9s leg\u00edtimo: Para el mantenimiento de la relaci\u00f3n comercial.<\/li>\n  <li>Obligaci\u00f3n legal: Para el cumplimiento de normativas aplicables.<\/li>\n<\/ul>\n<br><h4><strong>PLAZO DE CONSERVACI\u00d3N DE LOS DATOS<\/strong><\/h4>\n\n<p>\n Los datos se conservar\u00e1n mientras sean necesarios para la finalidad por la que\nfueron recogidos o mientras exista una relaci\u00f3n contractual. Posteriormente,\nse mantendr\u00e1n bloqueados por los plazos exigidos por la normativa vigente. \n<\/p>\n<br><h4><strong>DESTINATARIOS DE LOS DATOS<\/strong><\/h4>\n\n<p>Los datos podr\u00e1n ser comunicados a:<\/p>\n<ul>\n  <li>\n Administraciones p\u00fablicas y organismos judiciales cuando sea obligatorio.\n  <\/li>\n  <li>\n Proveedores de servicios tecnol\u00f3gicos, contables o legales, bajo acuerdos de\nconfidencialidad.\n  <\/li>\n  <li>\n Entidades con las que colaboramos en la prestaci\u00f3n de servicios\nprofesionales.\n  <\/li>\n<\/ul>\n<br><p>\n No se realizar\u00e1n transferencias internacionales de datos salvo obligaci\u00f3n\nlegal o consentimiento expreso del interesado.\n<\/p>\n<br><h4><strong>DERECHOS DEL USUARIO<\/strong><\/h4>\n\n<p>El usuario puede ejercer los siguientes derechos:<\/p>\n<ul>\n  <li>Acceso: Conocer qu\u00e9 datos tratamos.<\/li>\n  <li>Rectificaci\u00f3n: Corregir datos inexactos.<\/li>\n  <li>Supresi\u00f3n: Solicitar la eliminaci\u00f3n de datos.<\/li>\n  <li>Limitaci\u00f3n: Restringir el tratamiento en ciertos casos.<\/li>\n  <li>Portabilidad: Obtener sus datos en formato estructurado.<\/li>\n  <li>Oposici\u00f3n: Negarse al tratamiento en determinados supuestos.<\/li>\n  <li>\n Revocaci\u00f3n del consentimiento: Retirar en cualquier momento el\nconsentimiento otorgado.\n  <\/li>\n<\/ul>\n<br><p>\n Para ejercer estos derechos, env\u00ede un correo electr\u00f3nico a\n<strong>info@isabelpalau.com<\/strong>, indicando su nombre, apellidos y\nadjuntando una copia de su DNI o NIE. Tambi\u00e9n puede presentar una reclamaci\u00f3n\nante la Agencia Espa\u00f1ola de Protecci\u00f3n de Datos\n(<strong>www.aepd.es<\/strong>). \n<\/p>\n\t\t\t\t\t\t\t\t<\/div>\n\t\t\t\t<\/div>\n\t\t\t\t\t<\/div>\n\t\t\t\t<\/div>\n\t\t\t\t<\/div>\n\t\t","protected":false},"excerpt":{"rendered":"<p>Politique de confidentialit\u00e9 INTRODUCCI\u00d3N Esta Pol\u00edtica de Privacidad describe el tratamiento de datos personales realizado por www.isabelpalau.com, en conformidad con la Ley Org\u00e1nica 3\/2018, de 5 de diciembre, de Protecci\u00f3n de Datos Personales y garant\u00eda de los derechos digitales, y el Reglamento (UE) 2016\/679 del Parlamento Europeo y del Consejo, de 27 de abril de [&hellip;]<\/p>\n","protected":false},"author":1,"featured_media":0,"parent":0,"menu_order":0,"comment_status":"closed","ping_status":"closed","template":"","meta":{"footnotes":""},"class_list":["post-1906","page","type-page","status-publish","hentry"],"yoast_head":"<!-- This site is optimized with the Yoast SEO plugin v26.8 - https:\/\/yoast.com\/product\/yoast-seo-wordpress\/ -->\n<title>Politique de confidentialit\u00e9 - Isabel Palau<\/title>\n<meta name=\"description\" content=\"D\u00e9couvrez comment vos donn\u00e9es personnelles sont prot\u00e9g\u00e9es : traitement, finalit\u00e9, l\u00e9gitimit\u00e9, droits des utilisateurs\" \/>\n<meta name=\"robots\" content=\"index, follow, max-snippet:-1, max-image-preview:large, max-video-preview:-1\" \/>\n<link rel=\"canonical\" href=\"https:\/\/isabelpalau.com\/fr\/politique-de-confidentialite\/\" \/>\n<meta property=\"og:locale\" content=\"fr_FR\" \/>\n<meta property=\"og:type\" content=\"article\" \/>\n<meta property=\"og:title\" content=\"Politique de confidentialit\u00e9 - Isabel Palau\" \/>\n<meta property=\"og:description\" content=\"D\u00e9couvrez comment vos donn\u00e9es personnelles sont prot\u00e9g\u00e9es : traitement, finalit\u00e9, l\u00e9gitimit\u00e9, droits des utilisateurs\" \/>\n<meta property=\"og:url\" content=\"https:\/\/isabelpalau.com\/fr\/politique-de-confidentialite\/\" \/>\n<meta property=\"og:site_name\" content=\"Isabel Palau\" \/>\n<meta property=\"article:modified_time\" content=\"2025-11-13T11:56:14+00:00\" \/>\n<meta name=\"twitter:card\" content=\"summary_large_image\" \/>\n<meta name=\"twitter:label1\" content=\"Dur\u00e9e de lecture estim\u00e9e\" \/>\n\t<meta name=\"twitter:data1\" content=\"3 minutes\" \/>\n<script type=\"application\/ld+json\" class=\"yoast-schema-graph\">{\"@context\":\"https:\/\/schema.org\",\"@graph\":[{\"@type\":\"WebPage\",\"@id\":\"https:\/\/isabelpalau.com\/fr\/politique-de-confidentialite\/\",\"url\":\"https:\/\/isabelpalau.com\/fr\/politique-de-confidentialite\/\",\"name\":\"Politique de confidentialit\u00e9 - Isabel Palau\",\"isPartOf\":{\"@id\":\"https:\/\/isabelpalau.com\/fr\/#website\"},\"datePublished\":\"2025-01-30T11:07:07+00:00\",\"dateModified\":\"2025-11-13T11:56:14+00:00\",\"description\":\"D\u00e9couvrez comment vos donn\u00e9es personnelles sont prot\u00e9g\u00e9es : traitement, finalit\u00e9, l\u00e9gitimit\u00e9, droits des utilisateurs\",\"breadcrumb\":{\"@id\":\"https:\/\/isabelpalau.com\/fr\/politique-de-confidentialite\/#breadcrumb\"},\"inLanguage\":\"fr-FR\",\"potentialAction\":[{\"@type\":\"ReadAction\",\"target\":[\"https:\/\/isabelpalau.com\/fr\/politique-de-confidentialite\/\"]}]},{\"@type\":\"BreadcrumbList\",\"@id\":\"https:\/\/isabelpalau.com\/fr\/politique-de-confidentialite\/#breadcrumb\",\"itemListElement\":[{\"@type\":\"ListItem\",\"position\":1,\"name\":\"Portada\",\"item\":\"https:\/\/isabelpalau.com\/fr\/\"},{\"@type\":\"ListItem\",\"position\":2,\"name\":\"Politique de confidentialit\u00e9\"}]},{\"@type\":\"WebSite\",\"@id\":\"https:\/\/isabelpalau.com\/fr\/#website\",\"url\":\"https:\/\/isabelpalau.com\/fr\/\",\"name\":\"Isabel Palau\",\"description\":\"\",\"potentialAction\":[{\"@type\":\"SearchAction\",\"target\":{\"@type\":\"EntryPoint\",\"urlTemplate\":\"https:\/\/isabelpalau.com\/fr\/?s={search_term_string}\"},\"query-input\":{\"@type\":\"PropertyValueSpecification\",\"valueRequired\":true,\"valueName\":\"search_term_string\"}}],\"inLanguage\":\"fr-FR\"}]}<\/script>\n<!-- \/ Yoast SEO plugin. -->","yoast_head_json":{"title":"Politique de confidentialit\u00e9 - Isabel Palau","description":"D\u00e9couvrez comment vos donn\u00e9es personnelles sont prot\u00e9g\u00e9es : traitement, finalit\u00e9, l\u00e9gitimit\u00e9, droits des utilisateurs","robots":{"index":"index","follow":"follow","max-snippet":"max-snippet:-1","max-image-preview":"max-image-preview:large","max-video-preview":"max-video-preview:-1"},"canonical":"https:\/\/isabelpalau.com\/fr\/politique-de-confidentialite\/","og_locale":"fr_FR","og_type":"article","og_title":"Politique de confidentialit\u00e9 - Isabel Palau","og_description":"D\u00e9couvrez comment vos donn\u00e9es personnelles sont prot\u00e9g\u00e9es : traitement, finalit\u00e9, l\u00e9gitimit\u00e9, droits des utilisateurs","og_url":"https:\/\/isabelpalau.com\/fr\/politique-de-confidentialite\/","og_site_name":"Isabel Palau","article_modified_time":"2025-11-13T11:56:14+00:00","twitter_card":"summary_large_image","twitter_misc":{"Dur\u00e9e de lecture estim\u00e9e":"3 minutes"},"schema":{"@context":"https:\/\/schema.org","@graph":[{"@type":"WebPage","@id":"https:\/\/isabelpalau.com\/fr\/politique-de-confidentialite\/","url":"https:\/\/isabelpalau.com\/fr\/politique-de-confidentialite\/","name":"Politique de confidentialit\u00e9 - Isabel Palau","isPartOf":{"@id":"https:\/\/isabelpalau.com\/fr\/#website"},"datePublished":"2025-01-30T11:07:07+00:00","dateModified":"2025-11-13T11:56:14+00:00","description":"D\u00e9couvrez comment vos donn\u00e9es personnelles sont prot\u00e9g\u00e9es : traitement, finalit\u00e9, l\u00e9gitimit\u00e9, droits des utilisateurs","breadcrumb":{"@id":"https:\/\/isabelpalau.com\/fr\/politique-de-confidentialite\/#breadcrumb"},"inLanguage":"fr-FR","potentialAction":[{"@type":"ReadAction","target":["https:\/\/isabelpalau.com\/fr\/politique-de-confidentialite\/"]}]},{"@type":"BreadcrumbList","@id":"https:\/\/isabelpalau.com\/fr\/politique-de-confidentialite\/#breadcrumb","itemListElement":[{"@type":"ListItem","position":1,"name":"Portada","item":"https:\/\/isabelpalau.com\/fr\/"},{"@type":"ListItem","position":2,"name":"Politique de confidentialit\u00e9"}]},{"@type":"WebSite","@id":"https:\/\/isabelpalau.com\/fr\/#website","url":"https:\/\/isabelpalau.com\/fr\/","name":"Isabel Palau","description":"","potentialAction":[{"@type":"SearchAction","target":{"@type":"EntryPoint","urlTemplate":"https:\/\/isabelpalau.com\/fr\/?s={search_term_string}"},"query-input":{"@type":"PropertyValueSpecification","valueRequired":true,"valueName":"search_term_string"}}],"inLanguage":"fr-FR"}]}},"_links":{"self":[{"href":"https:\/\/isabelpalau.com\/fr\/wp-json\/wp\/v2\/pages\/1906","targetHints":{"allow":["GET"]}}],"collection":[{"href":"https:\/\/isabelpalau.com\/fr\/wp-json\/wp\/v2\/pages"}],"about":[{"href":"https:\/\/isabelpalau.com\/fr\/wp-json\/wp\/v2\/types\/page"}],"author":[{"embeddable":true,"href":"https:\/\/isabelpalau.com\/fr\/wp-json\/wp\/v2\/users\/1"}],"replies":[{"embeddable":true,"href":"https:\/\/isabelpalau.com\/fr\/wp-json\/wp\/v2\/comments?post=1906"}],"version-history":[{"count":5,"href":"https:\/\/isabelpalau.com\/fr\/wp-json\/wp\/v2\/pages\/1906\/revisions"}],"predecessor-version":[{"id":2131,"href":"https:\/\/isabelpalau.com\/fr\/wp-json\/wp\/v2\/pages\/1906\/revisions\/2131"}],"wp:attachment":[{"href":"https:\/\/isabelpalau.com\/fr\/wp-json\/wp\/v2\/media?parent=1906"}],"curies":[{"name":"wp","href":"https:\/\/api.w.org\/{rel}","templated":true}]}}