{"id":1900,"date":"2025-01-30T10:55:44","date_gmt":"2025-01-30T10:55:44","guid":{"rendered":"https:\/\/isabelpalau.com\/politique-de-cookies\/"},"modified":"2025-11-13T11:57:11","modified_gmt":"2025-11-13T11:57:11","slug":"politique-de-cookies","status":"publish","type":"page","link":"https:\/\/isabelpalau.com\/fr\/politique-de-cookies\/","title":{"rendered":"Politique de cookies"},"content":{"rendered":"\t\t<div data-elementor-type=\"wp-page\" data-elementor-id=\"1900\" class=\"elementor elementor-1900 elementor-587\" data-elementor-post-type=\"page\">\n\t\t\t\t<div class=\"elementor-element elementor-element-6f146dc e-flex e-con-boxed e-con e-parent\" data-id=\"6f146dc\" data-element_type=\"container\" data-settings=\"{&quot;background_background&quot;:&quot;video&quot;,&quot;background_video_link&quot;:&quot;https:\\\/\\\/videos.pexels.com\\\/video-files\\\/7918375\\\/7918375-hd_1920_1080_30fps.mp4&quot;,&quot;background_play_on_mobile&quot;:&quot;yes&quot;}\">\n\t\t\t\t\t<div class=\"e-con-inner\">\n\t\t<div class=\"elementor-background-video-container\" aria-hidden=\"true\">\n\t\t\t\t\t\t\t<video class=\"elementor-background-video-hosted\" autoplay muted playsinline loop><\/video>\n\t\t\t\t\t<\/div>\t\t<div class=\"elementor-element elementor-element-ae3f441 elementor-widget elementor-widget-heading\" data-id=\"ae3f441\" data-element_type=\"widget\" data-widget_type=\"heading.default\">\n\t\t\t\t<div class=\"elementor-widget-container\">\n\t\t\t\t\t<h2 class=\"elementor-heading-title elementor-size-default\">Politique de cookies<\/h2>\t\t\t\t<\/div>\n\t\t\t\t<\/div>\n\t\t\t\t\t<\/div>\n\t\t\t\t<\/div>\n\t\t<div class=\"elementor-element elementor-element-4a8c093 e-flex e-con-boxed e-con e-parent\" data-id=\"4a8c093\" data-element_type=\"container\">\n\t\t\t\t\t<div class=\"e-con-inner\">\n\t\t\t\t<div class=\"elementor-element elementor-element-88f5578 elementor-widget elementor-widget-heading\" data-id=\"88f5578\" data-element_type=\"widget\" data-widget_type=\"heading.default\">\n\t\t\t\t<div class=\"elementor-widget-container\">\n\t\t\t\t\t<h2 class=\"elementor-heading-title elementor-size-default\">Introduction<\/h2>\t\t\t\t<\/div>\n\t\t\t\t<\/div>\n\t\t\t\t<div class=\"elementor-element elementor-element-fbcfdb2 elementor-widget elementor-widget-text-editor\" data-id=\"fbcfdb2\" data-element_type=\"widget\" data-widget_type=\"text-editor.default\">\n\t\t\t\t<div class=\"elementor-widget-container\">\n\t\t\t\t\t\t\t\t\t<p>Ce site web utilise ses propres cookies et ceux de tiers \u00e0 des fins techniques, statistiques et publicitaires, conform\u00e9ment \u00e0 la r\u00e9glementation en vigueur.<\/p>\t\t\t\t\t\t\t\t<\/div>\n\t\t\t\t<\/div>\n\t\t\t\t<div class=\"elementor-element elementor-element-80c0e8c elementor-widget elementor-widget-heading\" data-id=\"80c0e8c\" data-element_type=\"widget\" data-widget_type=\"heading.default\">\n\t\t\t\t<div class=\"elementor-widget-container\">\n\t\t\t\t\t<h2 class=\"elementor-heading-title elementor-size-default\">Que sont les cookies ?<\/h2>\t\t\t\t<\/div>\n\t\t\t\t<\/div>\n\t\t\t\t<div class=\"elementor-element elementor-element-db9103e elementor-widget elementor-widget-text-editor\" data-id=\"db9103e\" data-element_type=\"widget\" data-widget_type=\"text-editor.default\">\n\t\t\t\t<div class=\"elementor-widget-container\">\n\t\t\t\t\t\t\t\t\t<p>Les cookies sont de petits fichiers texte qui sont stock\u00e9s sur votre appareil lorsque vous visitez un site web. Ils servent \u00e0 m\u00e9moriser vos pr\u00e9f\u00e9rences et \u00e0 am\u00e9liorer votre exp\u00e9rience de navigation. <\/p>\t\t\t\t\t\t\t\t<\/div>\n\t\t\t\t<\/div>\n\t\t\t\t<div class=\"elementor-element elementor-element-55b0c38 elementor-widget elementor-widget-heading\" data-id=\"55b0c38\" data-element_type=\"widget\" data-widget_type=\"heading.default\">\n\t\t\t\t<div class=\"elementor-widget-container\">\n\t\t\t\t\t<h2 class=\"elementor-heading-title elementor-size-default\">Types de cookies selon leur finalit\u00e9<\/h2>\t\t\t\t<\/div>\n\t\t\t\t<\/div>\n\t\t\t\t<div class=\"elementor-element elementor-element-7ed339f elementor-widget elementor-widget-text-editor\" data-id=\"7ed339f\" data-element_type=\"widget\" data-widget_type=\"text-editor.default\">\n\t\t\t\t<div class=\"elementor-widget-container\">\n\t\t\t\t\t\t\t\t\t<ul><li data-start=\"1961\" data-end=\"2038\"><p data-start=\"1963\" data-end=\"2038\"><strong data-start=\"1963\" data-end=\"1984\">Cookies techniques<\/strong> : indispensables au fonctionnement du site web.<\/p><\/li><li data-start=\"2039\" data-end=\"2137\"><p data-start=\"2041\" data-end=\"2137\"><strong>Cookies de personnalisation<\/strong> : ce sont ceux qui permettent de m\u00e9moriser des informations afin que l&rsquo;utilisateur puisse acc\u00e9der au service avec certaines caract\u00e9ristiques qui peuvent diff\u00e9rencier son exp\u00e9rience de celle d&rsquo;autres utilisateurs, comme par exemple la langue, le nombre de r\u00e9sultats \u00e0 afficher lors d&rsquo;une recherche, etc.<\/p><\/li><li data-start=\"2039\" data-end=\"2137\"><p data-start=\"2041\" data-end=\"2137\"><strong>Cookies d&rsquo;analyse<\/strong> : ils collectent des informations sur l&rsquo;utilisation du site web par les visiteurs.<\/p><\/li><li data-start=\"2039\" data-end=\"2137\"><strong>Cookies publicitaires<\/strong> : ils collectent des informations sur les pr\u00e9f\u00e9rences et les choix personnels des utilisateurs, en fonction des autres pages pr\u00e9c\u00e9demment visit\u00e9es, afin d&rsquo;analyser l&rsquo;efficacit\u00e9 des campagnes.<\/li><\/ul>\t\t\t\t\t\t\t\t<\/div>\n\t\t\t\t<\/div>\n\t\t\t\t<div class=\"elementor-element elementor-element-9f04995 elementor-widget elementor-widget-heading\" data-id=\"9f04995\" data-element_type=\"widget\" data-widget_type=\"heading.default\">\n\t\t\t\t<div class=\"elementor-widget-container\">\n\t\t\t\t\t<h2 class=\"elementor-heading-title elementor-size-default\">Types de cookies selon leur propri\u00e9t\u00e9<\/h2>\t\t\t\t<\/div>\n\t\t\t\t<\/div>\n\t\t\t\t<div class=\"elementor-element elementor-element-897aa7a elementor-widget elementor-widget-text-editor\" data-id=\"897aa7a\" data-element_type=\"widget\" data-widget_type=\"text-editor.default\">\n\t\t\t\t<div class=\"elementor-widget-container\">\n\t\t\t\t\t\t\t\t\t<ul><li><strong>Propres<\/strong> : ce sont celles dont l&rsquo;\u00e9diteur est responsable et qui sont g\u00e9n\u00e9ralement envoy\u00e9es \u00e0 l&rsquo;\u00e9quipement terminal de l&rsquo;utilisateur \u00e0 partir d&rsquo;un \u00e9quipement ou d&rsquo;un domaine g\u00e9r\u00e9 par l&rsquo;\u00e9diteur lui-m\u00eame et \u00e0 partir duquel le service demand\u00e9 par l&rsquo;utilisateur est fourni.<br><br><\/li><li><strong>Tiers <\/strong>: il s&rsquo;agit de cookies dont la responsabilit\u00e9 incombe \u00e0 une entit\u00e9 autre que l&rsquo;\u00e9diteur et qui sont g\u00e9n\u00e9ralement envoy\u00e9s \u00e0 l&rsquo;\u00e9quipement terminal de l&rsquo;utilisateur \u00e0 partir d&rsquo;un \u00e9quipement ou d&rsquo;un domaine qui n&rsquo;est pas g\u00e9r\u00e9 par l&rsquo;\u00e9diteur, mais par une autre entit\u00e9 qui traite les donn\u00e9es obtenues par le biais des cookies.<\/li><\/ul>\t\t\t\t\t\t\t\t<\/div>\n\t\t\t\t<\/div>\n\t\t\t\t<div class=\"elementor-element elementor-element-978b713 elementor-widget elementor-widget-heading\" data-id=\"978b713\" data-element_type=\"widget\" data-widget_type=\"heading.default\">\n\t\t\t\t<div class=\"elementor-widget-container\">\n\t\t\t\t\t<h2 class=\"elementor-heading-title elementor-size-default\">Gestion des cookies :<\/h2>\t\t\t\t<\/div>\n\t\t\t\t<\/div>\n\t\t\t\t<div class=\"elementor-element elementor-element-597a3ce elementor-widget elementor-widget-text-editor\" data-id=\"597a3ce\" data-element_type=\"widget\" data-widget_type=\"text-editor.default\">\n\t\t\t\t<div class=\"elementor-widget-container\">\n\t\t\t\t\t\t\t\t\t<p>Vous pouvez accepter, refuser ou configurer l&rsquo;utilisation des cookies via la banni\u00e8re relative aux cookies qui s&rsquo;affiche lorsque vous acc\u00e9dez \u00e0 notre site web. Vous pouvez \u00e9galement configurer votre navigateur pour les bloquer ou les supprimer \u00e0 tout moment. <\/p>\t\t\t\t\t\t\t\t<\/div>\n\t\t\t\t<\/div>\n\t\t\t\t<div class=\"elementor-element elementor-element-37e8cb1 elementor-widget elementor-widget-heading\" data-id=\"37e8cb1\" data-element_type=\"widget\" data-widget_type=\"heading.default\">\n\t\t\t\t<div class=\"elementor-widget-container\">\n\t\t\t\t\t<h2 class=\"elementor-heading-title elementor-size-default\">Param\u00e8tres des cookies dans les navigateurs les plus courants :<\/h2>\t\t\t\t<\/div>\n\t\t\t\t<\/div>\n\t\t\t\t<div class=\"elementor-element elementor-element-7b7cb81 elementor-widget elementor-widget-text-editor\" data-id=\"7b7cb81\" data-element_type=\"widget\" data-widget_type=\"text-editor.default\">\n\t\t\t\t<div class=\"elementor-widget-container\">\n\t\t\t\t\t\t\t\t\t<ul><li data-start=\"2552\" data-end=\"2610\"><p data-start=\"2554\" data-end=\"2610\">Chrome : Param\u00e8tres &gt; Confidentialit\u00e9 et s\u00e9curit\u00e9 &gt; Cookies<\/p><\/li><li data-start=\"2611\" data-end=\"2669\"><p data-start=\"2613\" data-end=\"2669\">Firefox : Pr\u00e9f\u00e9rences &gt;Confidentialit\u00e9 et s\u00e9curit\u00e9 &gt;Cookies<\/p><\/li><li data-start=\"2670\" data-end=\"2705\"><p data-start=\"2672\" data-end=\"2705\">Safari : Pr\u00e9f\u00e9rences &gt; Confidentialit\u00e9<\/p><\/li><\/ul>\t\t\t\t\t\t\t\t<\/div>\n\t\t\t\t<\/div>\n\t\t\t\t\t<\/div>\n\t\t\t\t<\/div>\n\t\t\t\t<\/div>\n\t\t","protected":false},"excerpt":{"rendered":"<p>Politique de cookies Introduction Ce site web utilise ses propres cookies et ceux de tiers \u00e0 des fins techniques, statistiques et publicitaires, conform\u00e9ment \u00e0 la r\u00e9glementation en vigueur. Que sont les cookies ? Les cookies sont de petits fichiers texte qui sont stock\u00e9s sur votre appareil lorsque vous visitez un site web. Ils servent \u00e0 [&hellip;]<\/p>\n","protected":false},"author":1,"featured_media":0,"parent":0,"menu_order":0,"comment_status":"closed","ping_status":"closed","template":"","meta":{"footnotes":""},"class_list":["post-1900","page","type-page","status-publish","hentry"],"yoast_head":"<!-- This site is optimized with the Yoast SEO plugin v26.8 - https:\/\/yoast.com\/product\/yoast-seo-wordpress\/ -->\n<title>Politique de cookies - Isabel Palau<\/title>\n<meta name=\"description\" content=\"D\u00e9couvrez comment sont utilis\u00e9s le politique de cookies sur le site web d&#039;Isabel Palau\u00a0: types de cookies utilis\u00e9s, finalit\u00e9\" \/>\n<meta name=\"robots\" content=\"index, follow, max-snippet:-1, max-image-preview:large, max-video-preview:-1\" \/>\n<link rel=\"canonical\" href=\"https:\/\/isabelpalau.com\/fr\/politique-de-cookies\/\" \/>\n<meta property=\"og:locale\" content=\"fr_FR\" \/>\n<meta property=\"og:type\" content=\"article\" \/>\n<meta property=\"og:title\" content=\"Politique de cookies - Isabel Palau\" \/>\n<meta property=\"og:description\" content=\"D\u00e9couvrez comment sont utilis\u00e9s le politique de cookies sur le site web d&#039;Isabel Palau\u00a0: types de cookies utilis\u00e9s, finalit\u00e9\" \/>\n<meta property=\"og:url\" content=\"https:\/\/isabelpalau.com\/fr\/politique-de-cookies\/\" \/>\n<meta property=\"og:site_name\" content=\"Isabel Palau\" \/>\n<meta property=\"article:modified_time\" content=\"2025-11-13T11:57:11+00:00\" \/>\n<meta name=\"twitter:card\" content=\"summary_large_image\" \/>\n<meta name=\"twitter:label1\" content=\"Dur\u00e9e de lecture estim\u00e9e\" \/>\n\t<meta name=\"twitter:data1\" content=\"2 minutes\" \/>\n<script type=\"application\/ld+json\" class=\"yoast-schema-graph\">{\"@context\":\"https:\/\/schema.org\",\"@graph\":[{\"@type\":\"WebPage\",\"@id\":\"https:\/\/isabelpalau.com\/fr\/politique-de-cookies\/\",\"url\":\"https:\/\/isabelpalau.com\/fr\/politique-de-cookies\/\",\"name\":\"Politique de cookies - Isabel Palau\",\"isPartOf\":{\"@id\":\"https:\/\/isabelpalau.com\/fr\/#website\"},\"datePublished\":\"2025-01-30T10:55:44+00:00\",\"dateModified\":\"2025-11-13T11:57:11+00:00\",\"description\":\"D\u00e9couvrez comment sont utilis\u00e9s le politique de cookies sur le site web d'Isabel Palau\u00a0: types de cookies utilis\u00e9s, finalit\u00e9\",\"breadcrumb\":{\"@id\":\"https:\/\/isabelpalau.com\/fr\/politique-de-cookies\/#breadcrumb\"},\"inLanguage\":\"fr-FR\",\"potentialAction\":[{\"@type\":\"ReadAction\",\"target\":[\"https:\/\/isabelpalau.com\/fr\/politique-de-cookies\/\"]}]},{\"@type\":\"BreadcrumbList\",\"@id\":\"https:\/\/isabelpalau.com\/fr\/politique-de-cookies\/#breadcrumb\",\"itemListElement\":[{\"@type\":\"ListItem\",\"position\":1,\"name\":\"Portada\",\"item\":\"https:\/\/isabelpalau.com\/fr\/\"},{\"@type\":\"ListItem\",\"position\":2,\"name\":\"Politique de cookies\"}]},{\"@type\":\"WebSite\",\"@id\":\"https:\/\/isabelpalau.com\/fr\/#website\",\"url\":\"https:\/\/isabelpalau.com\/fr\/\",\"name\":\"Isabel Palau\",\"description\":\"\",\"potentialAction\":[{\"@type\":\"SearchAction\",\"target\":{\"@type\":\"EntryPoint\",\"urlTemplate\":\"https:\/\/isabelpalau.com\/fr\/?s={search_term_string}\"},\"query-input\":{\"@type\":\"PropertyValueSpecification\",\"valueRequired\":true,\"valueName\":\"search_term_string\"}}],\"inLanguage\":\"fr-FR\"}]}<\/script>\n<!-- \/ Yoast SEO plugin. -->","yoast_head_json":{"title":"Politique de cookies - Isabel Palau","description":"D\u00e9couvrez comment sont utilis\u00e9s le politique de cookies sur le site web d'Isabel Palau\u00a0: types de cookies utilis\u00e9s, finalit\u00e9","robots":{"index":"index","follow":"follow","max-snippet":"max-snippet:-1","max-image-preview":"max-image-preview:large","max-video-preview":"max-video-preview:-1"},"canonical":"https:\/\/isabelpalau.com\/fr\/politique-de-cookies\/","og_locale":"fr_FR","og_type":"article","og_title":"Politique de cookies - Isabel Palau","og_description":"D\u00e9couvrez comment sont utilis\u00e9s le politique de cookies sur le site web d'Isabel Palau\u00a0: types de cookies utilis\u00e9s, finalit\u00e9","og_url":"https:\/\/isabelpalau.com\/fr\/politique-de-cookies\/","og_site_name":"Isabel Palau","article_modified_time":"2025-11-13T11:57:11+00:00","twitter_card":"summary_large_image","twitter_misc":{"Dur\u00e9e de lecture estim\u00e9e":"2 minutes"},"schema":{"@context":"https:\/\/schema.org","@graph":[{"@type":"WebPage","@id":"https:\/\/isabelpalau.com\/fr\/politique-de-cookies\/","url":"https:\/\/isabelpalau.com\/fr\/politique-de-cookies\/","name":"Politique de cookies - Isabel Palau","isPartOf":{"@id":"https:\/\/isabelpalau.com\/fr\/#website"},"datePublished":"2025-01-30T10:55:44+00:00","dateModified":"2025-11-13T11:57:11+00:00","description":"D\u00e9couvrez comment sont utilis\u00e9s le politique de cookies sur le site web d'Isabel Palau\u00a0: types de cookies utilis\u00e9s, finalit\u00e9","breadcrumb":{"@id":"https:\/\/isabelpalau.com\/fr\/politique-de-cookies\/#breadcrumb"},"inLanguage":"fr-FR","potentialAction":[{"@type":"ReadAction","target":["https:\/\/isabelpalau.com\/fr\/politique-de-cookies\/"]}]},{"@type":"BreadcrumbList","@id":"https:\/\/isabelpalau.com\/fr\/politique-de-cookies\/#breadcrumb","itemListElement":[{"@type":"ListItem","position":1,"name":"Portada","item":"https:\/\/isabelpalau.com\/fr\/"},{"@type":"ListItem","position":2,"name":"Politique de cookies"}]},{"@type":"WebSite","@id":"https:\/\/isabelpalau.com\/fr\/#website","url":"https:\/\/isabelpalau.com\/fr\/","name":"Isabel Palau","description":"","potentialAction":[{"@type":"SearchAction","target":{"@type":"EntryPoint","urlTemplate":"https:\/\/isabelpalau.com\/fr\/?s={search_term_string}"},"query-input":{"@type":"PropertyValueSpecification","valueRequired":true,"valueName":"search_term_string"}}],"inLanguage":"fr-FR"}]}},"_links":{"self":[{"href":"https:\/\/isabelpalau.com\/fr\/wp-json\/wp\/v2\/pages\/1900","targetHints":{"allow":["GET"]}}],"collection":[{"href":"https:\/\/isabelpalau.com\/fr\/wp-json\/wp\/v2\/pages"}],"about":[{"href":"https:\/\/isabelpalau.com\/fr\/wp-json\/wp\/v2\/types\/page"}],"author":[{"embeddable":true,"href":"https:\/\/isabelpalau.com\/fr\/wp-json\/wp\/v2\/users\/1"}],"replies":[{"embeddable":true,"href":"https:\/\/isabelpalau.com\/fr\/wp-json\/wp\/v2\/comments?post=1900"}],"version-history":[{"count":11,"href":"https:\/\/isabelpalau.com\/fr\/wp-json\/wp\/v2\/pages\/1900\/revisions"}],"predecessor-version":[{"id":2080,"href":"https:\/\/isabelpalau.com\/fr\/wp-json\/wp\/v2\/pages\/1900\/revisions\/2080"}],"wp:attachment":[{"href":"https:\/\/isabelpalau.com\/fr\/wp-json\/wp\/v2\/media?parent=1900"}],"curies":[{"name":"wp","href":"https:\/\/api.w.org\/{rel}","templated":true}]}}