{"id":1890,"date":"2025-01-30T10:54:43","date_gmt":"2025-01-30T10:54:43","guid":{"rendered":"https:\/\/isabelpalau.com\/avis-juridique\/"},"modified":"2025-11-13T11:55:29","modified_gmt":"2025-11-13T11:55:29","slug":"avis-juridique","status":"publish","type":"page","link":"https:\/\/isabelpalau.com\/fr\/avis-juridique\/","title":{"rendered":"Avis juridique"},"content":{"rendered":"\t\t<div data-elementor-type=\"wp-page\" data-elementor-id=\"1890\" class=\"elementor elementor-1890 elementor-582\" data-elementor-post-type=\"page\">\n\t\t\t\t<div class=\"elementor-element elementor-element-6f146dc e-flex e-con-boxed e-con e-parent\" data-id=\"6f146dc\" data-element_type=\"container\" data-settings=\"{&quot;background_background&quot;:&quot;video&quot;,&quot;background_video_link&quot;:&quot;https:\\\/\\\/videos.pexels.com\\\/video-files\\\/7918375\\\/7918375-hd_1920_1080_30fps.mp4&quot;,&quot;background_play_on_mobile&quot;:&quot;yes&quot;}\">\n\t\t\t\t\t<div class=\"e-con-inner\">\n\t\t<div class=\"elementor-background-video-container\" aria-hidden=\"true\">\n\t\t\t\t\t\t\t<video class=\"elementor-background-video-hosted\" autoplay muted playsinline loop><\/video>\n\t\t\t\t\t<\/div>\t\t<div class=\"elementor-element elementor-element-ae3f441 elementor-widget elementor-widget-heading\" data-id=\"ae3f441\" data-element_type=\"widget\" data-widget_type=\"heading.default\">\n\t\t\t\t<div class=\"elementor-widget-container\">\n\t\t\t\t\t<h2 class=\"elementor-heading-title elementor-size-default\">Avis juridique<\/h2>\t\t\t\t<\/div>\n\t\t\t\t<\/div>\n\t\t\t\t\t<\/div>\n\t\t\t\t<\/div>\n\t\t<div class=\"elementor-element elementor-element-4a8c093 e-flex e-con-boxed e-con e-parent\" data-id=\"4a8c093\" data-element_type=\"container\">\n\t\t\t\t\t<div class=\"e-con-inner\">\n\t\t\t\t<div class=\"elementor-element elementor-element-671e8fe elementor-widget elementor-widget-text-editor\" data-id=\"671e8fe\" data-element_type=\"widget\" data-widget_type=\"text-editor.default\">\n\t\t\t\t<div class=\"elementor-widget-container\">\n\t\t\t\t\t\t\t\t\t<h4><strong>INTRODUCTION<\/strong><\/h4>\n\n<p>Cette mention l\u00e9gale (ci-apr\u00e8s, \u00ab\u00a0l&rsquo;Avis\u00a0\u00bb) r\u00e9git l&rsquo;utilisation du site web <strong>www.isabelpalau.com<\/strong> (ci-apr\u00e8s, \u00ab\u00a0le Portail\u00a0\u00bb) que ISABEL PALAU CASELLAS (ci-apr\u00e8s, \u00ab\u00a0le Propri\u00e9taire\u00a0\u00bb) met \u00e0 la disposition des utilisateurs d&rsquo;Internet. L&rsquo;utilisation du Portail, y compris le simple acc\u00e8s, conf\u00e8re le statut d&rsquo;utilisateur (ci-apr\u00e8s, \u00ab\u00a0l&rsquo;Utilisateur\/s\u00a0\u00bb) et implique l&rsquo;acceptation pleine et sans r\u00e9serve de toutes les dispositions de cet Avis en vigueur au moment de l&rsquo;acc\u00e8s. Par cons\u00e9quent, l&rsquo;Utilisateur doit lire l&rsquo;Avis \u00e0 chaque utilisation du Portail.<\/p>\n\n<p>L&rsquo;Utilisateur est conscient et accepte express\u00e9ment que l&rsquo;utilisation du Portail est effectu\u00e9e en tout \u00e9tat de cause sous sa seule responsabilit\u00e9.<\/p>\n<br\/>\n<h4><strong>INFORMATIONS L\u00c9GALES DU PROPRI\u00c9TAIRE<\/strong><\/h4>\n<ul>\n  <li>Identit\u00e9 du responsable : Isabel Palau Casellas<\/li>\n  <li>Nom commercial : ISABEL PALAU CASELLAS<\/li>\n  <li>Num\u00e9ro d&rsquo;identification fiscale : 46612660D<\/li>\n  <li>Adresse : Av. de les Ac\u00e0cies, 23, 08328, Alella<\/li>\n  <li>T\u00e9l\u00e9phone : +34 935 400 700<\/li>\n  <li>Email : info@isabelpalau.com<\/li>\n<\/ul>\n<br\/>\n<h4><strong>CONDITIONS D&rsquo;UTILISATION<\/strong><\/h4>\n<ol>\n  <li><strong>Contenu :<\/strong> L&rsquo;acc\u00e8s au Portail est gratuit, et l&rsquo;Utilisateur s&rsquo;engage \u00e0 en faire un usage appropri\u00e9, conform\u00e9ment aux conditions de cet Avis, \u00e0 la r\u00e9glementation en vigueur, \u00e0 la moralit\u00e9 et \u00e0 l&rsquo;ordre public. Les contenus du Portail ont un caract\u00e8re purement informatif.\n    <p>Les informations incluses ne constituent en aucun cas une source de conseil ni n&rsquo;\u00e9tablissent une relation professionnelle entre l&rsquo;Utilisateur et le Propri\u00e9taire. Leur utilisation rel\u00e8ve de la seule responsabilit\u00e9 de l&rsquo;Utilisateur. Le Propri\u00e9taire se r\u00e9serve le droit de modifier le contenu du Portail, cet Avis et sa politique de confidentialit\u00e9 \u00e0 tout moment et sans pr\u00e9avis.<\/p>\n  <\/li>\n  <li><strong>Liens :<\/strong> Les utilisateurs souhaitant introduire des liens depuis d&rsquo;autres pages web vers le Portail doivent demander une autorisation pr\u00e9alable au Propri\u00e9taire. Ces liens seront autoris\u00e9s sous les conditions suivantes :\n    <ul>\n      <li>Ils doivent diriger vers la page principale du Portail sans la reproduire d&rsquo;aucune mani\u00e8re.<\/li>\n      <li>La cr\u00e9ation de cadres permettant d&rsquo;afficher le Portail sous diff\u00e9rentes adresses est interdite.<\/li>\n      <li>L&rsquo;utilisation de toute marque ou signe distinctif du Propri\u00e9taire sans autorisation expresse est interdite.<\/li>\n    <\/ul>\n    <p>L&rsquo;existence de liens n&rsquo;implique pas l&rsquo;existence de relations entre le Propri\u00e9taire et le propri\u00e9taire du site web li\u00e9. De m\u00eame, le Propri\u00e9taire n&rsquo;est pas responsable du contenu des sites web tiers li\u00e9s au Portail.<\/p>\n  <\/li>\n  <li><strong>Propri\u00e9t\u00e9 intellectuelle :<\/strong> Tous les contenus du Portail sont la propri\u00e9t\u00e9 intellectuelle ou industrielle du Propri\u00e9taire ou de tiers autoris\u00e9s \u00e0 leur utilisation. L&rsquo;Utilisateur ne peut pas reproduire, transformer, distribuer, communiquer publiquement, mettre \u00e0 disposition, extraire ou utiliser ces \u00e9l\u00e9ments de toute autre mani\u00e8re, sauf dans les cas l\u00e9galement autoris\u00e9s ou express\u00e9ment approuv\u00e9s par le Propri\u00e9taire.<\/li>\n<\/ol>\n<br\/>\n<h4><strong>RESPONSABILIT\u00c9<\/strong><\/h4>\n<ol>\n  <li><strong>Contenu :<\/strong> Le Propri\u00e9taire mettra en \u0153uvre des moyens raisonnables pour fournir des informations \u00e0 jour et v\u00e9ridiques sur le Portail. Toutefois, il n&rsquo;est pas responsable des erreurs ou omissions dans les informations publi\u00e9es ni de l&rsquo;utilisation que les Utilisateurs pourraient en faire.<\/li>\n  <li><strong>Fonctionnement :<\/strong> Le Propri\u00e9taire n&rsquo;est pas responsable des interruptions, virus informatiques ou autres \u00e9l\u00e9ments susceptibles d&rsquo;affecter le syst\u00e8me de l&rsquo;Utilisateur. Il n&rsquo;assume pas non plus la responsabilit\u00e9 des retards ou blocages dans le fonctionnement du Portail caus\u00e9s par des d\u00e9faillances des lignes t\u00e9l\u00e9phoniques ou d&rsquo;Internet.<\/li>\n  <li><strong>Liens :<\/strong> Le Propri\u00e9taire n&rsquo;est pas responsable du contenu des pages web li\u00e9es au Portail, sauf dans les cas pr\u00e9vus par la Loi 34\/2002 sur les Services de la Soci\u00e9t\u00e9 de l&rsquo;Information et le Commerce \u00c9lectronique.<\/li>\n<\/ol>\n<br\/>\n<h4><strong>PROTECTION DES DONN\u00c9ES<\/strong><\/h4>\n<p>Vous pouvez acc\u00e9der aux informations d\u00e9taill\u00e9es sur le traitement des donn\u00e9es personnelles dans notre Politique de confidentialit\u00e9.<\/p>\n\t\t\t\t\t\t\t\t<\/div>\n\t\t\t\t<\/div>\n\t\t\t\t\t<\/div>\n\t\t\t\t<\/div>\n\t\t\t\t<\/div>\n\t\t","protected":false},"excerpt":{"rendered":"<p>Avis juridique INTRODUCTION Cette mention l\u00e9gale (ci-apr\u00e8s, \u00ab\u00a0l&rsquo;Avis\u00a0\u00bb) r\u00e9git l&rsquo;utilisation du site web www.isabelpalau.com (ci-apr\u00e8s, \u00ab\u00a0le Portail\u00a0\u00bb) que ISABEL PALAU CASELLAS (ci-apr\u00e8s, \u00ab\u00a0le Propri\u00e9taire\u00a0\u00bb) met \u00e0 la disposition des utilisateurs d&rsquo;Internet. L&rsquo;utilisation du Portail, y compris le simple acc\u00e8s, conf\u00e8re le statut d&rsquo;utilisateur (ci-apr\u00e8s, \u00ab\u00a0l&rsquo;Utilisateur\/s\u00a0\u00bb) et implique l&rsquo;acceptation pleine et sans r\u00e9serve de toutes les [&hellip;]<\/p>\n","protected":false},"author":1,"featured_media":0,"parent":0,"menu_order":0,"comment_status":"closed","ping_status":"closed","template":"","meta":{"footnotes":""},"class_list":["post-1890","page","type-page","status-publish","hentry"],"yoast_head":"<!-- This site is optimized with the Yoast SEO plugin v26.8 - https:\/\/yoast.com\/product\/yoast-seo-wordpress\/ -->\n<title>Avis juridique - Isabel Palau<\/title>\n<meta name=\"description\" content=\"Veuillez consulter les avis juridiques d&#039;Isabel Palau pour obtenir des informations sur les conditions d&#039;utilisation, les droits\" \/>\n<meta name=\"robots\" content=\"index, follow, max-snippet:-1, max-image-preview:large, max-video-preview:-1\" \/>\n<link rel=\"canonical\" href=\"https:\/\/isabelpalau.com\/fr\/avis-juridique\/\" \/>\n<meta property=\"og:locale\" content=\"fr_FR\" \/>\n<meta property=\"og:type\" content=\"article\" \/>\n<meta property=\"og:title\" content=\"Avis juridique - Isabel Palau\" \/>\n<meta property=\"og:description\" content=\"Veuillez consulter les avis juridiques d&#039;Isabel Palau pour obtenir des informations sur les conditions d&#039;utilisation, les droits\" \/>\n<meta property=\"og:url\" content=\"https:\/\/isabelpalau.com\/fr\/avis-juridique\/\" \/>\n<meta property=\"og:site_name\" content=\"Isabel Palau\" \/>\n<meta property=\"article:modified_time\" content=\"2025-11-13T11:55:29+00:00\" \/>\n<meta name=\"twitter:card\" content=\"summary_large_image\" \/>\n<meta name=\"twitter:label1\" content=\"Dur\u00e9e de lecture estim\u00e9e\" \/>\n\t<meta name=\"twitter:data1\" content=\"3 minutes\" \/>\n<script type=\"application\/ld+json\" class=\"yoast-schema-graph\">{\"@context\":\"https:\/\/schema.org\",\"@graph\":[{\"@type\":\"WebPage\",\"@id\":\"https:\/\/isabelpalau.com\/fr\/avis-juridique\/\",\"url\":\"https:\/\/isabelpalau.com\/fr\/avis-juridique\/\",\"name\":\"Avis juridique - Isabel Palau\",\"isPartOf\":{\"@id\":\"https:\/\/isabelpalau.com\/fr\/#website\"},\"datePublished\":\"2025-01-30T10:54:43+00:00\",\"dateModified\":\"2025-11-13T11:55:29+00:00\",\"description\":\"Veuillez consulter les avis juridiques d'Isabel Palau pour obtenir des informations sur les conditions d'utilisation, les droits\",\"breadcrumb\":{\"@id\":\"https:\/\/isabelpalau.com\/fr\/avis-juridique\/#breadcrumb\"},\"inLanguage\":\"fr-FR\",\"potentialAction\":[{\"@type\":\"ReadAction\",\"target\":[\"https:\/\/isabelpalau.com\/fr\/avis-juridique\/\"]}]},{\"@type\":\"BreadcrumbList\",\"@id\":\"https:\/\/isabelpalau.com\/fr\/avis-juridique\/#breadcrumb\",\"itemListElement\":[{\"@type\":\"ListItem\",\"position\":1,\"name\":\"Portada\",\"item\":\"https:\/\/isabelpalau.com\/fr\/\"},{\"@type\":\"ListItem\",\"position\":2,\"name\":\"Avis juridique\"}]},{\"@type\":\"WebSite\",\"@id\":\"https:\/\/isabelpalau.com\/fr\/#website\",\"url\":\"https:\/\/isabelpalau.com\/fr\/\",\"name\":\"Isabel Palau\",\"description\":\"\",\"potentialAction\":[{\"@type\":\"SearchAction\",\"target\":{\"@type\":\"EntryPoint\",\"urlTemplate\":\"https:\/\/isabelpalau.com\/fr\/?s={search_term_string}\"},\"query-input\":{\"@type\":\"PropertyValueSpecification\",\"valueRequired\":true,\"valueName\":\"search_term_string\"}}],\"inLanguage\":\"fr-FR\"}]}<\/script>\n<!-- \/ Yoast SEO plugin. -->","yoast_head_json":{"title":"Avis juridique - Isabel Palau","description":"Veuillez consulter les avis juridiques d'Isabel Palau pour obtenir des informations sur les conditions d'utilisation, les droits","robots":{"index":"index","follow":"follow","max-snippet":"max-snippet:-1","max-image-preview":"max-image-preview:large","max-video-preview":"max-video-preview:-1"},"canonical":"https:\/\/isabelpalau.com\/fr\/avis-juridique\/","og_locale":"fr_FR","og_type":"article","og_title":"Avis juridique - Isabel Palau","og_description":"Veuillez consulter les avis juridiques d'Isabel Palau pour obtenir des informations sur les conditions d'utilisation, les droits","og_url":"https:\/\/isabelpalau.com\/fr\/avis-juridique\/","og_site_name":"Isabel Palau","article_modified_time":"2025-11-13T11:55:29+00:00","twitter_card":"summary_large_image","twitter_misc":{"Dur\u00e9e de lecture estim\u00e9e":"3 minutes"},"schema":{"@context":"https:\/\/schema.org","@graph":[{"@type":"WebPage","@id":"https:\/\/isabelpalau.com\/fr\/avis-juridique\/","url":"https:\/\/isabelpalau.com\/fr\/avis-juridique\/","name":"Avis juridique - Isabel Palau","isPartOf":{"@id":"https:\/\/isabelpalau.com\/fr\/#website"},"datePublished":"2025-01-30T10:54:43+00:00","dateModified":"2025-11-13T11:55:29+00:00","description":"Veuillez consulter les avis juridiques d'Isabel Palau pour obtenir des informations sur les conditions d'utilisation, les droits","breadcrumb":{"@id":"https:\/\/isabelpalau.com\/fr\/avis-juridique\/#breadcrumb"},"inLanguage":"fr-FR","potentialAction":[{"@type":"ReadAction","target":["https:\/\/isabelpalau.com\/fr\/avis-juridique\/"]}]},{"@type":"BreadcrumbList","@id":"https:\/\/isabelpalau.com\/fr\/avis-juridique\/#breadcrumb","itemListElement":[{"@type":"ListItem","position":1,"name":"Portada","item":"https:\/\/isabelpalau.com\/fr\/"},{"@type":"ListItem","position":2,"name":"Avis juridique"}]},{"@type":"WebSite","@id":"https:\/\/isabelpalau.com\/fr\/#website","url":"https:\/\/isabelpalau.com\/fr\/","name":"Isabel Palau","description":"","potentialAction":[{"@type":"SearchAction","target":{"@type":"EntryPoint","urlTemplate":"https:\/\/isabelpalau.com\/fr\/?s={search_term_string}"},"query-input":{"@type":"PropertyValueSpecification","valueRequired":true,"valueName":"search_term_string"}}],"inLanguage":"fr-FR"}]}},"_links":{"self":[{"href":"https:\/\/isabelpalau.com\/fr\/wp-json\/wp\/v2\/pages\/1890","targetHints":{"allow":["GET"]}}],"collection":[{"href":"https:\/\/isabelpalau.com\/fr\/wp-json\/wp\/v2\/pages"}],"about":[{"href":"https:\/\/isabelpalau.com\/fr\/wp-json\/wp\/v2\/types\/page"}],"author":[{"embeddable":true,"href":"https:\/\/isabelpalau.com\/fr\/wp-json\/wp\/v2\/users\/1"}],"replies":[{"embeddable":true,"href":"https:\/\/isabelpalau.com\/fr\/wp-json\/wp\/v2\/comments?post=1890"}],"version-history":[{"count":4,"href":"https:\/\/isabelpalau.com\/fr\/wp-json\/wp\/v2\/pages\/1890\/revisions"}],"predecessor-version":[{"id":1945,"href":"https:\/\/isabelpalau.com\/fr\/wp-json\/wp\/v2\/pages\/1890\/revisions\/1945"}],"wp:attachment":[{"href":"https:\/\/isabelpalau.com\/fr\/wp-json\/wp\/v2\/media?parent=1890"}],"curies":[{"name":"wp","href":"https:\/\/api.w.org\/{rel}","templated":true}]}}