{"id":1882,"date":"2025-01-23T09:28:32","date_gmt":"2025-01-23T09:28:32","guid":{"rendered":"https:\/\/isabelpalau.com\/accessibilite\/"},"modified":"2025-11-13T11:53:21","modified_gmt":"2025-11-13T11:53:21","slug":"accessibilite","status":"publish","type":"page","link":"https:\/\/isabelpalau.com\/fr\/accessibilite\/","title":{"rendered":"Accessibilit\u00e9"},"content":{"rendered":"\t\t<div data-elementor-type=\"wp-page\" data-elementor-id=\"1882\" class=\"elementor elementor-1882 elementor-83\" data-elementor-post-type=\"page\">\n\t\t\t\t<div class=\"elementor-element elementor-element-6f146dc e-flex e-con-boxed e-con e-parent\" data-id=\"6f146dc\" data-element_type=\"container\" data-settings=\"{&quot;background_background&quot;:&quot;video&quot;,&quot;background_video_link&quot;:&quot;https:\\\/\\\/videos.pexels.com\\\/video-files\\\/7918375\\\/7918375-hd_1920_1080_30fps.mp4&quot;,&quot;background_play_on_mobile&quot;:&quot;yes&quot;}\">\n\t\t\t\t\t<div class=\"e-con-inner\">\n\t\t<div class=\"elementor-background-video-container\" aria-hidden=\"true\">\n\t\t\t\t\t\t\t<video class=\"elementor-background-video-hosted\" autoplay muted playsinline loop><\/video>\n\t\t\t\t\t<\/div>\t\t<div class=\"elementor-element elementor-element-ae3f441 elementor-widget elementor-widget-heading\" data-id=\"ae3f441\" data-element_type=\"widget\" data-widget_type=\"heading.default\">\n\t\t\t\t<div class=\"elementor-widget-container\">\n\t\t\t\t\t<h2 class=\"elementor-heading-title elementor-size-default\">Accessibilit\u00e9<\/h2>\t\t\t\t<\/div>\n\t\t\t\t<\/div>\n\t\t\t\t\t<\/div>\n\t\t\t\t<\/div>\n\t\t<div class=\"elementor-element elementor-element-4a8c093 e-flex e-con-boxed e-con e-parent\" data-id=\"4a8c093\" data-element_type=\"container\">\n\t\t\t\t\t<div class=\"e-con-inner\">\n\t\t\t\t<div class=\"elementor-element elementor-element-671e8fe elementor-widget elementor-widget-text-editor\" data-id=\"671e8fe\" data-element_type=\"widget\" data-widget_type=\"text-editor.default\">\n\t\t\t\t<div class=\"elementor-widget-container\">\n\t\t\t\t\t\t\t\t\t<div style=\"margin-bottom: 40px\">\n  <h4><strong>\u00c9TAT DE CONFORMIT\u00c9<\/strong><\/h4>\n  <p>\n Ce site web est partiellement conforme au RD 1112\/2018 en raison d&rsquo;exceptions\net de non-conformit\u00e9s. des aspects indiqu\u00e9s dans le point suivant. \n  <\/p>\n  <br>  <h4>\n    <strong>CONTENU NON ACCESSIBLE<\/strong>\n  <\/h4>\n  <p>Le contenu compil\u00e9 ci-dessous n&rsquo;est pas accessible aux :<\/p>\n  <ul>\n    <li>Non-conformit\u00e9 avec le RD 1112\/2018<\/li>\n    <li>\n Il se peut que certains aspects du contraste ne respectent pas le minimum requis\n, soit 3:1, en ce qui concerne les couleurs. adjacentes \u00e0 l&rsquo;arri\u00e8re-plan de l&rsquo;image. \n    <\/li>\n    <li>\n la section du site web en question. [9 .1.4.11 Contraste non textuel]. \n    <\/li>\n    <li>\n Il se peut que certains \u00e9l\u00e9ments non textuels ne soient pas\ncorrectement \u00e9tiquet\u00e9s [2 .5.3 \u00c9tiquetage num\u00e9rique] et que des \u00e9l\u00e9ments non textuels ne soient pas correctement \u00e9tiquet\u00e9s. [4 .1.2 Nombre y        valor de la funci\u00f3n]\n    <\/li>\n    <li>\n Les moteurs de recherche effectuent des recherches automatiquement sans qu&rsquo;il soit n\u00e9cessaire de commander\nune quelconque action de la part de l&rsquo;utilisateur [3 .2.2 Lors de la r\u00e9ception d&rsquo; entr\u00e9es].\n    <\/li>\n    <li>\n Il se peut que certains textes dans une autre langue ne soient pas \u00e9tiquet\u00e9s correctement [3\n.1.2 Langue des pi\u00e8ces].\n    <\/li>\n    <li>\n Des erreurs occasionnelles d&rsquo; \u00e9dition de code peuvent se produire sur certainespages web de\n. [4 .1.1 Procesamiento]\n    <\/li>\n    <li>Taxe disproportionn\u00e9e &#8211; Sans objet.<\/li>\n    <li>\n Le contenu n&rsquo;entre pas dans le champ d&rsquo;application de la l\u00e9gislation applicable\n.\n    <\/li>\n  <\/ul>\n  <br>  <h4>\n    <strong>CONTENU NON ACCESSIBLE<\/strong>\n  <\/h4>\n  <p>\n Cette d\u00e9claration a \u00e9t\u00e9 pr\u00e9par\u00e9e le 30\/01\/2025. La m\u00e9thode utilis\u00e9e pour l&rsquo;\u00e9laboration de la d\u00e9claration\na \u00e9t\u00e9 une \u00e9valuation manuelle r\u00e9alis\u00e9e par\nAVANCEM AMB VOST\u00c8 S.L. (AVANNUBO). La d\u00e9claration d&rsquo;accessibilit\u00e9 a \u00e9t\u00e9\nr\u00e9vis\u00e9e et mise \u00e0 jour le 30\/01\/2025. Si vous souhaitez attirer notre attention sur\nl&rsquo;existence d&rsquo;un lien vers un site web dont le contenu vous semble\ninappropri\u00e9 ou ill\u00e9gal, vous pouvez nous contacter \u00e0 info@isabelpalau.com.   \n  <\/p>\n  <br>  <h4>\n    <strong>PROC\u00c9DURE DE CANDIDATURE<\/strong>\n  <\/h4>\n\n  <p>\n Si une fois une demande d\u2019information accessible ou une plainte a \u00e9t\u00e9 soumise\nCela aurait \u00e9t\u00e9 rejet\u00e9, il n&rsquo;\u00e9tait pas d&rsquo;accord avec la d\u00e9cision\nadopt\u00e9e, ou la r\u00e9ponse ne r\u00e9pondait pas aux exigences \u00e9nonc\u00e9es dans la\nArticle 12.5, l&rsquo;int\u00e9ress\u00e9 peut engager une r\u00e9clamation. Vous pouvez \u00e9galement\nlancer une r\u00e9clamation si le d\u00e9lai de vingt jours est \u00e9coul\u00e9\njours ouvrables sans recevoir de r\u00e9ponse. La r\u00e9clamation peut \u00eatre soumise \u00e0\npar l&rsquo;interm\u00e9diaire de l&rsquo;Instance g\u00e9n\u00e9rique du si\u00e8ge \u00e9lectronique du minist\u00e8re de\nAffaires \u00e9conomiques et transformation num\u00e9rique, ainsi que le reste des options\ncontenue dans la loi 39\/2015, du 1er octobre, sur la proc\u00e9dure\nSyst\u00e8me administratif commun des administrations publiques. Les revendications\nseront re\u00e7ues et trait\u00e9es par la Direction G\u00e9n\u00e9rale de l&rsquo;Inspection de\nServices du Minist\u00e8re.   \n  <\/p>\n  <br>  <h4>\n    <strong>CONTENU OPTIONNEL<\/strong>\n  <\/h4>\n  <p>\n Ce portail est con\u00e7u pour pouvoir modifier la taille et la couleur du texte,\nainsi que l&rsquo;arri\u00e8re-plan de la page. via les options de configuration\nnorme du navigateur. \n  <\/p>\n  <p>\n Si vous souhaitez modifier la taille de la police du texte dans le texte principal\nnavigateurs graphiques, utilisez les menus suivants : \n    <\/p><ul>\n        <li>\n\n Internet Explorer, Mozilla et Firefox : voir &gt; Taille du texte \n        <\/li>\n        <li>\n            \n Op\u00e9ra : Afficher &gt; Zoom \n        <\/li>\n        <li>\n            \n Safari : Afficher &gt; Agrandir le texte \n        <\/li>\n        <li>\n            \n Chrome : contr\u00f4ler la taille du texte &gt; de la page actuelle\n            \n        <\/li>\n    <\/ul>\n       \n  \n  <p>Pour redimensionner tout sur la page : Ctrl + + pour\nl&rsquo;augmenter Ctrl + \u2013 pour le diminuer Ctrl + 0 restaure la taille du texte\noriginal<\/p>\n  <p>\n Si vous souhaitez remplacer la feuille de style ou modifier la couleur du texte, vous pouvez voir le\npage Comment modifier la taille du texte ou les couleurs du WAI, qui peut \u00eatre lu\ntraduit en espagnol dans Comment modifier la taille ou les couleurs du texte\n  <\/p>\n<\/div>\n\t\t\t\t\t\t\t\t<\/div>\n\t\t\t\t<\/div>\n\t\t\t\t\t<\/div>\n\t\t\t\t<\/div>\n\t\t\t\t<\/div>\n\t\t","protected":false},"excerpt":{"rendered":"<p>Accessibilit\u00e9 \u00c9TAT DE CONFORMIT\u00c9 Ce site web est partiellement conforme au RD 1112\/2018 en raison d&rsquo;exceptions et de non-conformit\u00e9s. des aspects indiqu\u00e9s dans le point suivant. CONTENU NON ACCESSIBLE Le contenu compil\u00e9 ci-dessous n&rsquo;est pas accessible aux : Non-conformit\u00e9 avec le RD 1112\/2018 Il se peut que certains aspects du contraste ne respectent pas le [&hellip;]<\/p>\n","protected":false},"author":1,"featured_media":0,"parent":0,"menu_order":0,"comment_status":"closed","ping_status":"closed","template":"","meta":{"footnotes":""},"class_list":["post-1882","page","type-page","status-publish","hentry"],"yoast_head":"<!-- This site is optimized with the Yoast SEO plugin v26.8 - https:\/\/yoast.com\/product\/yoast-seo-wordpress\/ -->\n<title>Accessibilit\u00e9 - Isabel Palau<\/title>\n<meta name=\"description\" content=\"Engag\u00e9e pour l&#039;accessibilit\u00e9 web\u00a0: d\u00e9couvrez les mesures mises en \u0153uvre par Isabel Palau pour garantir une navigation accessible.\" \/>\n<meta name=\"robots\" content=\"index, follow, max-snippet:-1, max-image-preview:large, max-video-preview:-1\" \/>\n<link rel=\"canonical\" href=\"https:\/\/isabelpalau.com\/fr\/accessibilite\/\" \/>\n<meta property=\"og:locale\" content=\"fr_FR\" \/>\n<meta property=\"og:type\" content=\"article\" \/>\n<meta property=\"og:title\" content=\"Accessibilit\u00e9 - Isabel Palau\" \/>\n<meta property=\"og:description\" content=\"Engag\u00e9e pour l&#039;accessibilit\u00e9 web\u00a0: d\u00e9couvrez les mesures mises en \u0153uvre par Isabel Palau pour garantir une navigation accessible.\" \/>\n<meta property=\"og:url\" content=\"https:\/\/isabelpalau.com\/fr\/accessibilite\/\" \/>\n<meta property=\"og:site_name\" content=\"Isabel Palau\" \/>\n<meta property=\"article:modified_time\" content=\"2025-11-13T11:53:21+00:00\" \/>\n<meta name=\"twitter:card\" content=\"summary_large_image\" \/>\n<meta name=\"twitter:label1\" content=\"Dur\u00e9e de lecture estim\u00e9e\" \/>\n\t<meta name=\"twitter:data1\" content=\"3 minutes\" \/>\n<script type=\"application\/ld+json\" class=\"yoast-schema-graph\">{\"@context\":\"https:\/\/schema.org\",\"@graph\":[{\"@type\":\"WebPage\",\"@id\":\"https:\/\/isabelpalau.com\/fr\/accessibilite\/\",\"url\":\"https:\/\/isabelpalau.com\/fr\/accessibilite\/\",\"name\":\"Accessibilit\u00e9 - Isabel Palau\",\"isPartOf\":{\"@id\":\"https:\/\/isabelpalau.com\/fr\/#website\"},\"datePublished\":\"2025-01-23T09:28:32+00:00\",\"dateModified\":\"2025-11-13T11:53:21+00:00\",\"description\":\"Engag\u00e9e pour l'accessibilit\u00e9 web\u00a0: d\u00e9couvrez les mesures mises en \u0153uvre par Isabel Palau pour garantir une navigation accessible.\",\"breadcrumb\":{\"@id\":\"https:\/\/isabelpalau.com\/fr\/accessibilite\/#breadcrumb\"},\"inLanguage\":\"fr-FR\",\"potentialAction\":[{\"@type\":\"ReadAction\",\"target\":[\"https:\/\/isabelpalau.com\/fr\/accessibilite\/\"]}]},{\"@type\":\"BreadcrumbList\",\"@id\":\"https:\/\/isabelpalau.com\/fr\/accessibilite\/#breadcrumb\",\"itemListElement\":[{\"@type\":\"ListItem\",\"position\":1,\"name\":\"Portada\",\"item\":\"https:\/\/isabelpalau.com\/fr\/\"},{\"@type\":\"ListItem\",\"position\":2,\"name\":\"Accessibilit\u00e9\"}]},{\"@type\":\"WebSite\",\"@id\":\"https:\/\/isabelpalau.com\/fr\/#website\",\"url\":\"https:\/\/isabelpalau.com\/fr\/\",\"name\":\"Isabel Palau\",\"description\":\"\",\"potentialAction\":[{\"@type\":\"SearchAction\",\"target\":{\"@type\":\"EntryPoint\",\"urlTemplate\":\"https:\/\/isabelpalau.com\/fr\/?s={search_term_string}\"},\"query-input\":{\"@type\":\"PropertyValueSpecification\",\"valueRequired\":true,\"valueName\":\"search_term_string\"}}],\"inLanguage\":\"fr-FR\"}]}<\/script>\n<!-- \/ Yoast SEO plugin. -->","yoast_head_json":{"title":"Accessibilit\u00e9 - Isabel Palau","description":"Engag\u00e9e pour l'accessibilit\u00e9 web\u00a0: d\u00e9couvrez les mesures mises en \u0153uvre par Isabel Palau pour garantir une navigation accessible.","robots":{"index":"index","follow":"follow","max-snippet":"max-snippet:-1","max-image-preview":"max-image-preview:large","max-video-preview":"max-video-preview:-1"},"canonical":"https:\/\/isabelpalau.com\/fr\/accessibilite\/","og_locale":"fr_FR","og_type":"article","og_title":"Accessibilit\u00e9 - Isabel Palau","og_description":"Engag\u00e9e pour l'accessibilit\u00e9 web\u00a0: d\u00e9couvrez les mesures mises en \u0153uvre par Isabel Palau pour garantir une navigation accessible.","og_url":"https:\/\/isabelpalau.com\/fr\/accessibilite\/","og_site_name":"Isabel Palau","article_modified_time":"2025-11-13T11:53:21+00:00","twitter_card":"summary_large_image","twitter_misc":{"Dur\u00e9e de lecture estim\u00e9e":"3 minutes"},"schema":{"@context":"https:\/\/schema.org","@graph":[{"@type":"WebPage","@id":"https:\/\/isabelpalau.com\/fr\/accessibilite\/","url":"https:\/\/isabelpalau.com\/fr\/accessibilite\/","name":"Accessibilit\u00e9 - Isabel Palau","isPartOf":{"@id":"https:\/\/isabelpalau.com\/fr\/#website"},"datePublished":"2025-01-23T09:28:32+00:00","dateModified":"2025-11-13T11:53:21+00:00","description":"Engag\u00e9e pour l'accessibilit\u00e9 web\u00a0: d\u00e9couvrez les mesures mises en \u0153uvre par Isabel Palau pour garantir une navigation accessible.","breadcrumb":{"@id":"https:\/\/isabelpalau.com\/fr\/accessibilite\/#breadcrumb"},"inLanguage":"fr-FR","potentialAction":[{"@type":"ReadAction","target":["https:\/\/isabelpalau.com\/fr\/accessibilite\/"]}]},{"@type":"BreadcrumbList","@id":"https:\/\/isabelpalau.com\/fr\/accessibilite\/#breadcrumb","itemListElement":[{"@type":"ListItem","position":1,"name":"Portada","item":"https:\/\/isabelpalau.com\/fr\/"},{"@type":"ListItem","position":2,"name":"Accessibilit\u00e9"}]},{"@type":"WebSite","@id":"https:\/\/isabelpalau.com\/fr\/#website","url":"https:\/\/isabelpalau.com\/fr\/","name":"Isabel Palau","description":"","potentialAction":[{"@type":"SearchAction","target":{"@type":"EntryPoint","urlTemplate":"https:\/\/isabelpalau.com\/fr\/?s={search_term_string}"},"query-input":{"@type":"PropertyValueSpecification","valueRequired":true,"valueName":"search_term_string"}}],"inLanguage":"fr-FR"}]}},"_links":{"self":[{"href":"https:\/\/isabelpalau.com\/fr\/wp-json\/wp\/v2\/pages\/1882","targetHints":{"allow":["GET"]}}],"collection":[{"href":"https:\/\/isabelpalau.com\/fr\/wp-json\/wp\/v2\/pages"}],"about":[{"href":"https:\/\/isabelpalau.com\/fr\/wp-json\/wp\/v2\/types\/page"}],"author":[{"embeddable":true,"href":"https:\/\/isabelpalau.com\/fr\/wp-json\/wp\/v2\/users\/1"}],"replies":[{"embeddable":true,"href":"https:\/\/isabelpalau.com\/fr\/wp-json\/wp\/v2\/comments?post=1882"}],"version-history":[{"count":1,"href":"https:\/\/isabelpalau.com\/fr\/wp-json\/wp\/v2\/pages\/1882\/revisions"}],"predecessor-version":[{"id":1883,"href":"https:\/\/isabelpalau.com\/fr\/wp-json\/wp\/v2\/pages\/1882\/revisions\/1883"}],"wp:attachment":[{"href":"https:\/\/isabelpalau.com\/fr\/wp-json\/wp\/v2\/media?parent=1882"}],"curies":[{"name":"wp","href":"https:\/\/api.w.org\/{rel}","templated":true}]}}