{"id":1686,"date":"2025-01-23T09:25:00","date_gmt":"2025-01-23T09:25:00","guid":{"rendered":"https:\/\/isabelpalau.com\/services\/"},"modified":"2025-11-13T11:57:29","modified_gmt":"2025-11-13T11:57:29","slug":"services","status":"publish","type":"page","link":"https:\/\/isabelpalau.com\/fr\/services\/","title":{"rendered":"Services"},"content":{"rendered":"\t\t<div data-elementor-type=\"wp-page\" data-elementor-id=\"1686\" class=\"elementor elementor-1686 elementor-75\" data-elementor-post-type=\"page\">\n\t\t\t\t<div class=\"elementor-element elementor-element-6f146dc e-con-full e-flex e-con e-parent\" data-id=\"6f146dc\" data-element_type=\"container\" data-settings=\"{&quot;background_background&quot;:&quot;video&quot;,&quot;background_video_link&quot;:&quot;https:\\\/\\\/videos.pexels.com\\\/video-files\\\/7918375\\\/7918375-hd_1920_1080_30fps.mp4&quot;,&quot;background_play_on_mobile&quot;:&quot;yes&quot;}\">\n\t\t<div class=\"elementor-background-video-container\" aria-hidden=\"true\">\n\t\t\t\t\t\t\t<video class=\"elementor-background-video-hosted\" autoplay muted playsinline loop><\/video>\n\t\t\t\t\t<\/div>\t\t<div class=\"elementor-element elementor-element-9909399 elementor-widget elementor-widget-heading\" data-id=\"9909399\" data-element_type=\"widget\" data-widget_type=\"heading.default\">\n\t\t\t\t<div class=\"elementor-widget-container\">\n\t\t\t\t\t<h2 class=\"elementor-heading-title elementor-size-default\">SERVICES<\/h2>\t\t\t\t<\/div>\n\t\t\t\t<\/div>\n\t\t\t\t<\/div>\n\t\t<div class=\"elementor-element elementor-element-9b13c5f e-flex e-con-boxed e-con e-parent\" data-id=\"9b13c5f\" data-element_type=\"container\" data-settings=\"{&quot;background_background&quot;:&quot;classic&quot;}\">\n\t\t\t\t\t<div class=\"e-con-inner\">\n\t\t<div class=\"elementor-element elementor-element-63763bf e-con-full e-flex e-con e-child\" data-id=\"63763bf\" data-element_type=\"container\" id=\"traduc\">\n\t\t<div class=\"elementor-element elementor-element-9d16d7f e-con-full animated-slow e-flex elementor-invisible e-con e-child\" data-id=\"9d16d7f\" data-element_type=\"container\" data-settings=\"{&quot;background_background&quot;:&quot;classic&quot;,&quot;animation&quot;:&quot;fadeInLeft&quot;}\">\n\t\t\t\t<div class=\"elementor-element elementor-element-7856610 elementor-widget elementor-widget-image\" data-id=\"7856610\" data-element_type=\"widget\" data-widget_type=\"image.default\">\n\t\t\t\t<div class=\"elementor-widget-container\">\n\t\t\t\t\t\t\t\t\t\t\t\t\t\t\t<img fetchpriority=\"high\" decoding=\"async\" width=\"248\" height=\"248\" src=\"https:\/\/isabelpalau.com\/wp-content\/uploads\/2025\/03\/traduccion-web-rojo.png\" class=\"attachment-large size-large wp-image-1635\" alt=\"\" srcset=\"https:\/\/isabelpalau.com\/wp-content\/uploads\/2025\/03\/traduccion-web-rojo.png 248w, https:\/\/isabelpalau.com\/wp-content\/uploads\/2025\/03\/traduccion-web-rojo-150x150.png 150w\" sizes=\"(max-width: 248px) 100vw, 248px\" \/>\t\t\t\t\t\t\t\t\t\t\t\t\t\t\t<\/div>\n\t\t\t\t<\/div>\n\t\t\t\t<\/div>\n\t\t<div class=\"elementor-element elementor-element-414068c e-con-full animated-slow e-flex elementor-invisible e-con e-child\" data-id=\"414068c\" data-element_type=\"container\" data-settings=\"{&quot;background_background&quot;:&quot;classic&quot;,&quot;animation&quot;:&quot;fadeInRight&quot;}\">\n\t\t\t\t<div class=\"elementor-element elementor-element-3dc68db elementor-widget elementor-widget-heading\" data-id=\"3dc68db\" data-element_type=\"widget\" data-widget_type=\"heading.default\">\n\t\t\t\t<div class=\"elementor-widget-container\">\n\t\t\t\t\t<h2 class=\"elementor-heading-title elementor-size-default\">TRADUCTION DE PAGES WEB<\/h2>\t\t\t\t<\/div>\n\t\t\t\t<\/div>\n\t\t\t\t<div class=\"elementor-element elementor-element-18a4fab elementor-widget elementor-widget-heading\" data-id=\"18a4fab\" data-element_type=\"widget\" data-widget_type=\"heading.default\">\n\t\t\t\t<div class=\"elementor-widget-container\">\n\t\t\t\t\t<h2 class=\"elementor-heading-title elementor-size-default\">FR \/ EN \/ DE &gt; ES \/ CA<\/h2>\t\t\t\t<\/div>\n\t\t\t\t<\/div>\n\t\t\t\t<div class=\"elementor-element elementor-element-6dc2c2a elementor-widget elementor-widget-text-editor\" data-id=\"6dc2c2a\" data-element_type=\"widget\" data-widget_type=\"text-editor.default\">\n\t\t\t\t<div class=\"elementor-widget-container\">\n\t\t\t\t\t\t\t\t\t<p class=\"font_8 wixui-rich-text__text\">Assurez-vous que votre site Web est accessible \u00e0 votre public dans sa langue maternelle. Vos visiteurs b\u00e9n\u00e9ficieront d\u2019une exp\u00e9rience plus fluide et engageante, comprendront facilement votre contenu et vous renfoncerez leur fid\u00e9lit\u00e9. Cela vous aidera \u00e9galement \u00e0 optimiser votre SEO et \u00e0 am\u00e9liorer votre visibilit\u00e9 dans les r\u00e9sultats de recherche locale. <\/p>\t\t\t\t\t\t\t\t<\/div>\n\t\t\t\t<\/div>\n\t\t\t\t<\/div>\n\t\t\t\t<\/div>\n\t\t<div class=\"elementor-element elementor-element-7713e22 e-con-full e-flex e-con e-child\" data-id=\"7713e22\" data-element_type=\"container\" id=\"textos1\">\n\t\t<div class=\"elementor-element elementor-element-56bf7fa e-con-full animated-slow e-flex elementor-invisible e-con e-child\" data-id=\"56bf7fa\" data-element_type=\"container\" data-settings=\"{&quot;background_background&quot;:&quot;classic&quot;,&quot;animation&quot;:&quot;fadeInRight&quot;}\">\n\t\t\t\t<div class=\"elementor-element elementor-element-f162667 elementor-widget elementor-widget-image\" data-id=\"f162667\" data-element_type=\"widget\" data-widget_type=\"image.default\">\n\t\t\t\t<div class=\"elementor-widget-container\">\n\t\t\t\t\t\t\t\t\t\t\t\t\t\t\t<img decoding=\"async\" width=\"512\" height=\"512\" src=\"https:\/\/isabelpalau.com\/wp-content\/uploads\/2025\/01\/traduccion-textos.png\" class=\"attachment-large size-large wp-image-1315\" alt=\"\" srcset=\"https:\/\/isabelpalau.com\/wp-content\/uploads\/2025\/01\/traduccion-textos.png 512w, https:\/\/isabelpalau.com\/wp-content\/uploads\/2025\/01\/traduccion-textos-300x300.png 300w, https:\/\/isabelpalau.com\/wp-content\/uploads\/2025\/01\/traduccion-textos-150x150.png 150w\" sizes=\"(max-width: 512px) 100vw, 512px\" \/>\t\t\t\t\t\t\t\t\t\t\t\t\t\t\t<\/div>\n\t\t\t\t<\/div>\n\t\t\t\t<\/div>\n\t\t<div class=\"elementor-element elementor-element-543417f e-con-full animated-slow e-flex elementor-invisible e-con e-child\" data-id=\"543417f\" data-element_type=\"container\" data-settings=\"{&quot;background_background&quot;:&quot;classic&quot;,&quot;animation&quot;:&quot;fadeInLeft&quot;}\">\n\t\t\t\t<div class=\"elementor-element elementor-element-00dce95 elementor-widget elementor-widget-heading\" data-id=\"00dce95\" data-element_type=\"widget\" data-widget_type=\"heading.default\">\n\t\t\t\t<div class=\"elementor-widget-container\">\n\t\t\t\t\t<h2 class=\"elementor-heading-title elementor-size-default\">TRADUCTION DE TEXTES<\/h2>\t\t\t\t<\/div>\n\t\t\t\t<\/div>\n\t\t\t\t<div class=\"elementor-element elementor-element-77dfa84 elementor-widget elementor-widget-heading\" data-id=\"77dfa84\" data-element_type=\"widget\" data-widget_type=\"heading.default\">\n\t\t\t\t<div class=\"elementor-widget-container\">\n\t\t\t\t\t<h2 class=\"elementor-heading-title elementor-size-default\">FR \/ EN \/ DE &gt; ES \/ CA<\/h2>\t\t\t\t<\/div>\n\t\t\t\t<\/div>\n\t\t\t\t<div class=\"elementor-element elementor-element-9c97386 elementor-widget elementor-widget-text-editor\" data-id=\"9c97386\" data-element_type=\"widget\" data-widget_type=\"text-editor.default\">\n\t\t\t\t<div class=\"elementor-widget-container\">\n\t\t\t\t\t\t\t\t\t<p class=\"font_8 wixui-rich-text__text\">Traduction professionnelle de haute qualit\u00e9, assurant une adaptation minutieuse pour un style clair et fluide dans la langue cible, ainsi qu\u2019une pr\u00e9cision rigoureuse dans l\u2019utilisation de la terminologie sp\u00e9cifique \u00e0 chaque secteur.<\/p>\t\t\t\t\t\t\t\t<\/div>\n\t\t\t\t<\/div>\n\t\t\t\t<\/div>\n\t\t\t\t<\/div>\n\t\t<div class=\"elementor-element elementor-element-9c87bf0 e-con-full e-flex e-con e-child\" data-id=\"9c87bf0\" data-element_type=\"container\" id=\"jurada\">\n\t\t<div class=\"elementor-element elementor-element-d74a70c e-con-full animated-slow e-flex elementor-invisible e-con e-child\" data-id=\"d74a70c\" data-element_type=\"container\" data-settings=\"{&quot;background_background&quot;:&quot;classic&quot;,&quot;animation&quot;:&quot;fadeInLeft&quot;}\">\n\t\t\t\t<div class=\"elementor-element elementor-element-1143124 elementor-widget elementor-widget-image\" data-id=\"1143124\" data-element_type=\"widget\" data-widget_type=\"image.default\">\n\t\t\t\t<div class=\"elementor-widget-container\">\n\t\t\t\t\t\t\t\t\t\t\t\t\t\t\t<img decoding=\"async\" width=\"512\" height=\"512\" src=\"https:\/\/isabelpalau.com\/wp-content\/uploads\/2025\/01\/traduccion-jurada.png\" class=\"attachment-large size-large wp-image-1311\" alt=\"\" srcset=\"https:\/\/isabelpalau.com\/wp-content\/uploads\/2025\/01\/traduccion-jurada.png 512w, https:\/\/isabelpalau.com\/wp-content\/uploads\/2025\/01\/traduccion-jurada-300x300.png 300w, https:\/\/isabelpalau.com\/wp-content\/uploads\/2025\/01\/traduccion-jurada-150x150.png 150w\" sizes=\"(max-width: 512px) 100vw, 512px\" \/>\t\t\t\t\t\t\t\t\t\t\t\t\t\t\t<\/div>\n\t\t\t\t<\/div>\n\t\t\t\t<\/div>\n\t\t<div class=\"elementor-element elementor-element-71c5926 e-con-full animated-slow e-flex elementor-invisible e-con e-child\" data-id=\"71c5926\" data-element_type=\"container\" data-settings=\"{&quot;background_background&quot;:&quot;classic&quot;,&quot;animation&quot;:&quot;fadeInRight&quot;}\">\n\t\t\t\t<div class=\"elementor-element elementor-element-cc05865 elementor-widget elementor-widget-heading\" data-id=\"cc05865\" data-element_type=\"widget\" data-widget_type=\"heading.default\">\n\t\t\t\t<div class=\"elementor-widget-container\">\n\t\t\t\t\t<h2 class=\"elementor-heading-title elementor-size-default\">TRADUCTION ASSERMENT\u00c9E<\/h2>\t\t\t\t<\/div>\n\t\t\t\t<\/div>\n\t\t\t\t<div class=\"elementor-element elementor-element-7f9feeb elementor-widget elementor-widget-heading\" data-id=\"7f9feeb\" data-element_type=\"widget\" data-widget_type=\"heading.default\">\n\t\t\t\t<div class=\"elementor-widget-container\">\n\t\t\t\t\t<h2 class=\"elementor-heading-title elementor-size-default\">FR \/ DE \/ ES &gt; CA <br><br>CA &gt; ES\n<\/h2>\t\t\t\t<\/div>\n\t\t\t\t<\/div>\n\t\t\t\t<div class=\"elementor-element elementor-element-85a5979 elementor-widget elementor-widget-text-editor\" data-id=\"85a5979\" data-element_type=\"widget\" data-widget_type=\"text-editor.default\">\n\t\t\t\t<div class=\"elementor-widget-container\">\n\t\t\t\t\t\t\t\t\t<p>Je suis traductrice agr\u00e9\u00e9e par la Generalitat de Catalunya, sp\u00e9cialis\u00e9e dans les combinaisons de langues suivantes: espagnol, fran\u00e7ais et allemand vers le catalan, ainsi que du catalan vers l\u2019espagnol. Traduction de certificats et de documents n\u00e9cessitant une validit\u00e9 juridique aupr\u00e8s des entit\u00e9s et organisations publiques. <\/p>\t\t\t\t\t\t\t\t<\/div>\n\t\t\t\t<\/div>\n\t\t\t\t<\/div>\n\t\t\t\t<\/div>\n\t\t<div class=\"elementor-element elementor-element-1939da4 e-con-full e-flex e-con e-child\" data-id=\"1939da4\" data-element_type=\"container\" id=\"correcciones\">\n\t\t<div class=\"elementor-element elementor-element-650f447 e-con-full animated-slow e-flex elementor-invisible e-con e-child\" data-id=\"650f447\" data-element_type=\"container\" data-settings=\"{&quot;background_background&quot;:&quot;classic&quot;,&quot;animation&quot;:&quot;fadeInRight&quot;}\">\n\t\t\t\t<div class=\"elementor-element elementor-element-d165a46 elementor-widget elementor-widget-image\" data-id=\"d165a46\" data-element_type=\"widget\" data-widget_type=\"image.default\">\n\t\t\t\t<div class=\"elementor-widget-container\">\n\t\t\t\t\t\t\t\t\t\t\t\t\t\t\t<img loading=\"lazy\" decoding=\"async\" width=\"512\" height=\"512\" src=\"https:\/\/isabelpalau.com\/wp-content\/uploads\/2025\/01\/correccion-de-pruebas-1.png\" class=\"attachment-large size-large wp-image-1307\" alt=\"\" srcset=\"https:\/\/isabelpalau.com\/wp-content\/uploads\/2025\/01\/correccion-de-pruebas-1.png 512w, https:\/\/isabelpalau.com\/wp-content\/uploads\/2025\/01\/correccion-de-pruebas-1-300x300.png 300w, https:\/\/isabelpalau.com\/wp-content\/uploads\/2025\/01\/correccion-de-pruebas-1-150x150.png 150w\" sizes=\"(max-width: 512px) 100vw, 512px\" \/>\t\t\t\t\t\t\t\t\t\t\t\t\t\t\t<\/div>\n\t\t\t\t<\/div>\n\t\t\t\t<\/div>\n\t\t<div class=\"elementor-element elementor-element-9ba24bf e-con-full animated-slow e-flex elementor-invisible e-con e-child\" data-id=\"9ba24bf\" data-element_type=\"container\" data-settings=\"{&quot;background_background&quot;:&quot;classic&quot;,&quot;animation&quot;:&quot;fadeInLeft&quot;}\">\n\t\t\t\t<div class=\"elementor-element elementor-element-97fae71 elementor-widget elementor-widget-heading\" data-id=\"97fae71\" data-element_type=\"widget\" data-widget_type=\"heading.default\">\n\t\t\t\t<div class=\"elementor-widget-container\">\n\t\t\t\t\t<h2 class=\"elementor-heading-title elementor-size-default\">CORRECTION ET R\u00c9VISION DE TEXTES<\/h2>\t\t\t\t<\/div>\n\t\t\t\t<\/div>\n\t\t\t\t<div class=\"elementor-element elementor-element-c5285d0 elementor-widget elementor-widget-heading\" data-id=\"c5285d0\" data-element_type=\"widget\" data-widget_type=\"heading.default\">\n\t\t\t\t<div class=\"elementor-widget-container\">\n\t\t\t\t\t<h2 class=\"elementor-heading-title elementor-size-default\">ES \/ CA<\/h2>\t\t\t\t<\/div>\n\t\t\t\t<\/div>\n\t\t\t\t<div class=\"elementor-element elementor-element-a6b734e elementor-widget elementor-widget-text-editor\" data-id=\"a6b734e\" data-element_type=\"widget\" data-widget_type=\"text-editor.default\">\n\t\t\t\t<div class=\"elementor-widget-container\">\n\t\t\t\t\t\t\t\t\t<p>Vous avez un texte en espagnol ou en catalan et vous souhaitez l\u2019affiner ? Je vous aide \u00e0 obtenir une r\u00e9daction naturelle et authentique, tout en pr\u00e9servant la clart\u00e9, la fluidit\u00e9 et le respect des normes. Nous trouverons des solutions adapt\u00e9es \u00e0 votre style.  <\/p>\t\t\t\t\t\t\t\t<\/div>\n\t\t\t\t<\/div>\n\t\t\t\t<\/div>\n\t\t\t\t<\/div>\n\t\t\t\t\t<\/div>\n\t\t\t\t<\/div>\n\t\t\t\t<\/div>\n\t\t","protected":false},"excerpt":{"rendered":"<p>SERVICES TRADUCTION DE PAGES WEB FR \/ EN \/ DE &gt; ES \/ CA Assurez-vous que votre site Web est accessible \u00e0 votre public dans sa langue maternelle. Vos visiteurs b\u00e9n\u00e9ficieront d\u2019une exp\u00e9rience plus fluide et engageante, comprendront facilement votre contenu et vous renfoncerez leur fid\u00e9lit\u00e9. Cela vous aidera \u00e9galement \u00e0 optimiser votre SEO et [&hellip;]<\/p>\n","protected":false},"author":1,"featured_media":0,"parent":0,"menu_order":0,"comment_status":"closed","ping_status":"closed","template":"","meta":{"footnotes":""},"class_list":["post-1686","page","type-page","status-publish","hentry"],"yoast_head":"<!-- This site is optimized with the Yoast SEO plugin v26.8 - https:\/\/yoast.com\/product\/yoast-seo-wordpress\/ -->\n<title>Services - Isabel Palau<\/title>\n<meta name=\"description\" content=\"services de traduction de sites web, traduction de textes, traduction asserment\u00e9e, relecture et r\u00e9vision de textes.\" \/>\n<meta name=\"robots\" content=\"index, follow, max-snippet:-1, max-image-preview:large, max-video-preview:-1\" \/>\n<link rel=\"canonical\" href=\"https:\/\/isabelpalau.com\/fr\/services\/\" \/>\n<meta property=\"og:locale\" content=\"fr_FR\" \/>\n<meta property=\"og:type\" content=\"article\" \/>\n<meta property=\"og:title\" content=\"Services - Isabel Palau\" \/>\n<meta property=\"og:description\" content=\"services de traduction de sites web, traduction de textes, traduction asserment\u00e9e, relecture et r\u00e9vision de textes.\" \/>\n<meta property=\"og:url\" content=\"https:\/\/isabelpalau.com\/fr\/services\/\" \/>\n<meta property=\"og:site_name\" content=\"Isabel Palau\" \/>\n<meta property=\"article:modified_time\" content=\"2025-11-13T11:57:29+00:00\" \/>\n<meta property=\"og:image\" content=\"https:\/\/isabelpalau.com\/wp-content\/uploads\/2025\/03\/traduccion-web-rojo.png\" \/>\n<meta name=\"twitter:card\" content=\"summary_large_image\" \/>\n<meta name=\"twitter:label1\" content=\"Dur\u00e9e de lecture estim\u00e9e\" \/>\n\t<meta name=\"twitter:data1\" content=\"2 minutes\" \/>\n<script type=\"application\/ld+json\" class=\"yoast-schema-graph\">{\"@context\":\"https:\/\/schema.org\",\"@graph\":[{\"@type\":\"WebPage\",\"@id\":\"https:\/\/isabelpalau.com\/fr\/services\/\",\"url\":\"https:\/\/isabelpalau.com\/fr\/services\/\",\"name\":\"Services - Isabel Palau\",\"isPartOf\":{\"@id\":\"https:\/\/isabelpalau.com\/fr\/#website\"},\"primaryImageOfPage\":{\"@id\":\"https:\/\/isabelpalau.com\/fr\/services\/#primaryimage\"},\"image\":{\"@id\":\"https:\/\/isabelpalau.com\/fr\/services\/#primaryimage\"},\"thumbnailUrl\":\"https:\/\/isabelpalau.com\/wp-content\/uploads\/2025\/03\/traduccion-web-rojo.png\",\"datePublished\":\"2025-01-23T09:25:00+00:00\",\"dateModified\":\"2025-11-13T11:57:29+00:00\",\"description\":\"services de traduction de sites web, traduction de textes, traduction asserment\u00e9e, relecture et r\u00e9vision de textes.\",\"breadcrumb\":{\"@id\":\"https:\/\/isabelpalau.com\/fr\/services\/#breadcrumb\"},\"inLanguage\":\"fr-FR\",\"potentialAction\":[{\"@type\":\"ReadAction\",\"target\":[\"https:\/\/isabelpalau.com\/fr\/services\/\"]}]},{\"@type\":\"ImageObject\",\"inLanguage\":\"fr-FR\",\"@id\":\"https:\/\/isabelpalau.com\/fr\/services\/#primaryimage\",\"url\":\"https:\/\/isabelpalau.com\/wp-content\/uploads\/2025\/03\/traduccion-web-rojo.png\",\"contentUrl\":\"https:\/\/isabelpalau.com\/wp-content\/uploads\/2025\/03\/traduccion-web-rojo.png\"},{\"@type\":\"BreadcrumbList\",\"@id\":\"https:\/\/isabelpalau.com\/fr\/services\/#breadcrumb\",\"itemListElement\":[{\"@type\":\"ListItem\",\"position\":1,\"name\":\"Portada\",\"item\":\"https:\/\/isabelpalau.com\/fr\/\"},{\"@type\":\"ListItem\",\"position\":2,\"name\":\"Services\"}]},{\"@type\":\"WebSite\",\"@id\":\"https:\/\/isabelpalau.com\/fr\/#website\",\"url\":\"https:\/\/isabelpalau.com\/fr\/\",\"name\":\"Isabel Palau\",\"description\":\"\",\"potentialAction\":[{\"@type\":\"SearchAction\",\"target\":{\"@type\":\"EntryPoint\",\"urlTemplate\":\"https:\/\/isabelpalau.com\/fr\/?s={search_term_string}\"},\"query-input\":{\"@type\":\"PropertyValueSpecification\",\"valueRequired\":true,\"valueName\":\"search_term_string\"}}],\"inLanguage\":\"fr-FR\"}]}<\/script>\n<!-- \/ Yoast SEO plugin. -->","yoast_head_json":{"title":"Services - Isabel Palau","description":"services de traduction de sites web, traduction de textes, traduction asserment\u00e9e, relecture et r\u00e9vision de textes.","robots":{"index":"index","follow":"follow","max-snippet":"max-snippet:-1","max-image-preview":"max-image-preview:large","max-video-preview":"max-video-preview:-1"},"canonical":"https:\/\/isabelpalau.com\/fr\/services\/","og_locale":"fr_FR","og_type":"article","og_title":"Services - Isabel Palau","og_description":"services de traduction de sites web, traduction de textes, traduction asserment\u00e9e, relecture et r\u00e9vision de textes.","og_url":"https:\/\/isabelpalau.com\/fr\/services\/","og_site_name":"Isabel Palau","article_modified_time":"2025-11-13T11:57:29+00:00","og_image":[{"url":"https:\/\/isabelpalau.com\/wp-content\/uploads\/2025\/03\/traduccion-web-rojo.png","type":"","width":"","height":""}],"twitter_card":"summary_large_image","twitter_misc":{"Dur\u00e9e de lecture estim\u00e9e":"2 minutes"},"schema":{"@context":"https:\/\/schema.org","@graph":[{"@type":"WebPage","@id":"https:\/\/isabelpalau.com\/fr\/services\/","url":"https:\/\/isabelpalau.com\/fr\/services\/","name":"Services - Isabel Palau","isPartOf":{"@id":"https:\/\/isabelpalau.com\/fr\/#website"},"primaryImageOfPage":{"@id":"https:\/\/isabelpalau.com\/fr\/services\/#primaryimage"},"image":{"@id":"https:\/\/isabelpalau.com\/fr\/services\/#primaryimage"},"thumbnailUrl":"https:\/\/isabelpalau.com\/wp-content\/uploads\/2025\/03\/traduccion-web-rojo.png","datePublished":"2025-01-23T09:25:00+00:00","dateModified":"2025-11-13T11:57:29+00:00","description":"services de traduction de sites web, traduction de textes, traduction asserment\u00e9e, relecture et r\u00e9vision de textes.","breadcrumb":{"@id":"https:\/\/isabelpalau.com\/fr\/services\/#breadcrumb"},"inLanguage":"fr-FR","potentialAction":[{"@type":"ReadAction","target":["https:\/\/isabelpalau.com\/fr\/services\/"]}]},{"@type":"ImageObject","inLanguage":"fr-FR","@id":"https:\/\/isabelpalau.com\/fr\/services\/#primaryimage","url":"https:\/\/isabelpalau.com\/wp-content\/uploads\/2025\/03\/traduccion-web-rojo.png","contentUrl":"https:\/\/isabelpalau.com\/wp-content\/uploads\/2025\/03\/traduccion-web-rojo.png"},{"@type":"BreadcrumbList","@id":"https:\/\/isabelpalau.com\/fr\/services\/#breadcrumb","itemListElement":[{"@type":"ListItem","position":1,"name":"Portada","item":"https:\/\/isabelpalau.com\/fr\/"},{"@type":"ListItem","position":2,"name":"Services"}]},{"@type":"WebSite","@id":"https:\/\/isabelpalau.com\/fr\/#website","url":"https:\/\/isabelpalau.com\/fr\/","name":"Isabel Palau","description":"","potentialAction":[{"@type":"SearchAction","target":{"@type":"EntryPoint","urlTemplate":"https:\/\/isabelpalau.com\/fr\/?s={search_term_string}"},"query-input":{"@type":"PropertyValueSpecification","valueRequired":true,"valueName":"search_term_string"}}],"inLanguage":"fr-FR"}]}},"_links":{"self":[{"href":"https:\/\/isabelpalau.com\/fr\/wp-json\/wp\/v2\/pages\/1686","targetHints":{"allow":["GET"]}}],"collection":[{"href":"https:\/\/isabelpalau.com\/fr\/wp-json\/wp\/v2\/pages"}],"about":[{"href":"https:\/\/isabelpalau.com\/fr\/wp-json\/wp\/v2\/types\/page"}],"author":[{"embeddable":true,"href":"https:\/\/isabelpalau.com\/fr\/wp-json\/wp\/v2\/users\/1"}],"replies":[{"embeddable":true,"href":"https:\/\/isabelpalau.com\/fr\/wp-json\/wp\/v2\/comments?post=1686"}],"version-history":[{"count":3,"href":"https:\/\/isabelpalau.com\/fr\/wp-json\/wp\/v2\/pages\/1686\/revisions"}],"predecessor-version":[{"id":2165,"href":"https:\/\/isabelpalau.com\/fr\/wp-json\/wp\/v2\/pages\/1686\/revisions\/2165"}],"wp:attachment":[{"href":"https:\/\/isabelpalau.com\/fr\/wp-json\/wp\/v2\/media?parent=1686"}],"curies":[{"name":"wp","href":"https:\/\/api.w.org\/{rel}","templated":true}]}}