{"id":1904,"date":"2025-01-30T11:07:07","date_gmt":"2025-01-30T11:07:07","guid":{"rendered":"https:\/\/isabelpalau.com\/datenschutzpolitik\/"},"modified":"2025-11-13T12:01:15","modified_gmt":"2025-11-13T12:01:15","slug":"datenschutzpolitik","status":"publish","type":"page","link":"https:\/\/isabelpalau.com\/de\/datenschutzpolitik\/","title":{"rendered":"Datenschutzpolitik"},"content":{"rendered":"\t\t<div data-elementor-type=\"wp-page\" data-elementor-id=\"1904\" class=\"elementor elementor-1904 elementor-595\" data-elementor-post-type=\"page\">\n\t\t\t\t<div class=\"elementor-element elementor-element-6f146dc e-flex e-con-boxed e-con e-parent\" data-id=\"6f146dc\" data-element_type=\"container\" data-settings=\"{&quot;background_background&quot;:&quot;video&quot;,&quot;background_video_link&quot;:&quot;https:\\\/\\\/videos.pexels.com\\\/video-files\\\/7918375\\\/7918375-hd_1920_1080_30fps.mp4&quot;,&quot;background_play_on_mobile&quot;:&quot;yes&quot;}\">\n\t\t\t\t\t<div class=\"e-con-inner\">\n\t\t<div class=\"elementor-background-video-container\" aria-hidden=\"true\">\n\t\t\t\t\t\t\t<video class=\"elementor-background-video-hosted\" autoplay muted playsinline loop><\/video>\n\t\t\t\t\t<\/div>\t\t<div class=\"elementor-element elementor-element-ae3f441 elementor-widget elementor-widget-heading\" data-id=\"ae3f441\" data-element_type=\"widget\" data-widget_type=\"heading.default\">\n\t\t\t\t<div class=\"elementor-widget-container\">\n\t\t\t\t\t<h2 class=\"elementor-heading-title elementor-size-default\">Datenschutzpolitik<\/h2>\t\t\t\t<\/div>\n\t\t\t\t<\/div>\n\t\t\t\t\t<\/div>\n\t\t\t\t<\/div>\n\t\t<div class=\"elementor-element elementor-element-4a8c093 e-flex e-con-boxed e-con e-parent\" data-id=\"4a8c093\" data-element_type=\"container\">\n\t\t\t\t\t<div class=\"e-con-inner\">\n\t\t\t\t<div class=\"elementor-element elementor-element-671e8fe elementor-widget elementor-widget-text-editor\" data-id=\"671e8fe\" data-element_type=\"widget\" data-widget_type=\"text-editor.default\">\n\t\t\t\t<div class=\"elementor-widget-container\">\n\t\t\t\t\t\t\t\t\t<h4><strong>EINF\u00dcHRUNG<\/strong><\/h4>\n\n<p>\n  Diese Datenschutzrichtlinie beschreibt die Verarbeitung personenbezogener Daten\n  durch <strong>www.isabelpalau.com<\/strong> in \u00dcbereinstimmung mit dem\n  Organgesetz 3\/2018 vom 5. Dezember zum Schutz personenbezogener Daten und zur\n  Gew\u00e4hrleistung digitaler Rechte sowie der\n  <strong>Verordnung (EU) 2016\/679<\/strong> des Europ\u00e4ischen Parlaments und des\n  Rates vom 27. April 2016.\n<\/p>\n<br \/>\n<h4><strong>VERANTWORTLICHER F\u00dcR DIE DATENVERARBEITUNG<\/strong><\/h4>\n<ul>\n  <li>Identit\u00e4t: Isabel Palau Casellas<\/li>\n  <li>Handelsname: ISABEL PALAU CASELLAS<\/li>\n  <li>Steuernummer: 46612660D<\/li>\n  <li>Adresse: Av. de les Ac\u00e0cies, 23, 08328, Alella<\/li>\n  <li>Telefon: +34 935 400 700<\/li>\n  <li>Email: info@isabelpalau.com<\/li>\n<\/ul>\n<br \/>\n<p>\n  F\u00fcr Anfragen oder Mitteilungen k\u00f6nnen Sie uns unter\n  <span><strong>info@isabelpalau.com<\/strong><\/span> oder per Post an die angegebene Adresse kontaktieren.\n<\/p>\n<br \/>\n<h4><strong>VERARBEITETE PERSONENBEZOGENE DATEN<\/strong><\/h4>\n\n<p>Wir k\u00f6nnen folgende Kategorien personenbezogener Daten verarbeiten:<\/p>\n<ul>\n  <li>Identifikationsdaten: Name, Nachname, ID\/NIF\/NIE.<\/li>\n  <li>Kontaktdaten: Email, Adresse, Telefonnummer.<\/li>\n  <li>Berufliche Daten: Unternehmen und Position in der Organisation.<\/li>\n  <li>\n    Zus\u00e4tzliche Informationen, die freiwillig in Webformularen angegeben werden.\n  <\/li>\n<\/ul>\n<br \/>\n<h4><strong>ZWECK DER DATENVERARBEITUNG<\/strong><\/h4>\n\n<p>Die personenbezogenen Daten werden zu folgenden Zwecken verarbeitet:<\/p>\n<ul>\n  <li>Erbringung der angeforderten Dienstleistungen und Vertragsdurchf\u00fchrung.<\/li>\n  <li>Erstellung von Serviceangeboten und Kundenmanagement.<\/li>\n  <li>Rechnungsstellung und Erf\u00fcllung gesetzlicher Verpflichtungen.<\/li>\n  <li>Versand von Mitteilungen zu Neuigkeiten und Veranstaltungen des Unternehmens.<\/li>\n  <li>Bearbeitung von Kontaktanfragen.<\/li>\n  <li>Versand kommerzieller Mitteilungen mit vorheriger Zustimmung.<\/li>\n  <li>Statistische Analysen und Marktforschung.<\/li>\n<\/ul>\n<br \/>\n<h4><strong>RECHTSGRUNDLAGE DER VERARBEITUNG<\/strong><\/h4>\n\n<p>Die Verarbeitung der Daten erfolgt auf Grundlage von:<\/p>\n<ul>\n  <li>Vertragserf\u00fcllung: Zur Erbringung der angeforderten Dienstleistungen.<\/li>\n  <li>Einwilligung: F\u00fcr den Versand kommerzieller Mitteilungen.<\/li>\n  <li>Berechtigtes Interesse: Zur Pflege der Gesch\u00e4ftsbeziehung.<\/li>\n  <li>Gesetzliche Verpflichtung: Zur Erf\u00fcllung geltender Vorschriften.<\/li>\n<\/ul>\n<br \/>\n<h4><strong>SPEICHERDAUER DER DATEN<\/strong><\/h4>\n\n<p>\n  Die Daten werden so lange gespeichert, wie es f\u00fcr den Zweck erforderlich ist, f\u00fcr den sie erhoben wurden, oder solange eine vertragliche Beziehung besteht. Anschlie\u00dfend werden sie f\u00fcr die gesetzlich vorgeschriebenen Fristen gesperrt aufbewahrt.\n<\/p>\n<br \/>\n<h4><strong>EMPF\u00c4NGER DER DATEN<\/strong><\/h4>\n\n<p>Die Daten k\u00f6nnen weitergegeben werden an:<\/p>\n<ul>\n  <li>\n    \u00d6ffentliche Verwaltungen und Justizbeh\u00f6rden, wenn dies gesetzlich vorgeschrieben ist.\n  <\/li>\n  <li>\n    Anbieter von Technologie-, Buchhaltungs- oder Rechtsdienstleistungen unter Vertraulichkeitsvereinbarungen.\n  <\/li>\n  <li>\n    Unternehmen, mit denen wir zur Erbringung professioneller Dienstleistungen zusammenarbeiten.\n  <\/li>\n<\/ul>\n<br \/>\n<p>\n  Es werden keine internationalen Daten\u00fcbertragungen vorgenommen, es sei denn, es besteht eine gesetzliche Verpflichtung oder ausdr\u00fcckliche Zustimmung des Betroffenen.\n<\/p>\n<br \/>\n<h4><strong>RECHTE DER NUTZER<\/strong><\/h4>\n\n<p>Der Nutzer kann folgende Rechte aus\u00fcben:<\/p>\n<ul>\n  <li>Zugang: Erfahren, welche Daten wir verarbeiten.<\/li>\n  <li>Berichtigung: Korrektur ungenauer Daten.<\/li>\n  <li>L\u00f6schung: Anforderung der Datenl\u00f6schung.<\/li>\n  <li>Einschr\u00e4nkung: Einschr\u00e4nkung der Verarbeitung in bestimmten F\u00e4llen.<\/li>\n  <li>\u00dcbertragbarkeit: Erhalt der eigenen Daten in strukturiertem Format.<\/li>\n  <li>Widerspruch: Ablehnung der Verarbeitung unter bestimmten Umst\u00e4nden.<\/li>\n  <li>\n    Widerruf der Einwilligung: Jederzeitiger Widerruf der erteilten Einwilligung.\n  <\/li>\n<\/ul>\n<br \/>\n<p>\n  Zur Aus\u00fcbung dieser Rechte senden Sie eine E-Mail an\n  <strong>info@isabelpalau.com<\/strong>, unter Angabe Ihres Namens, Nachnamens und Beif\u00fcgung einer Kopie Ihres Ausweises oder NIE. Sie k\u00f6nnen auch eine Beschwerde bei der spanischen Datenschutzbeh\u00f6rde\n  (<strong>www.aepd.es<\/strong>) einreichen.\n<\/p>\t\t\t\t\t\t\t\t<\/div>\n\t\t\t\t<\/div>\n\t\t\t\t\t<\/div>\n\t\t\t\t<\/div>\n\t\t\t\t<\/div>\n\t\t","protected":false},"excerpt":{"rendered":"<p>Datenschutzpolitik EINF\u00dcHRUNG Diese Datenschutzrichtlinie beschreibt die Verarbeitung personenbezogener Daten durch www.isabelpalau.com in \u00dcbereinstimmung mit dem Organgesetz 3\/2018 vom 5. Dezember zum Schutz personenbezogener Daten und zur Gew\u00e4hrleistung digitaler Rechte sowie der Verordnung (EU) 2016\/679 des Europ\u00e4ischen Parlaments und des Rates vom 27. April 2016. VERANTWORTLICHER F\u00dcR DIE DATENVERARBEITUNG Identit\u00e4t: Isabel Palau Casellas Handelsname: ISABEL PALAU [&hellip;]<\/p>\n","protected":false},"author":1,"featured_media":0,"parent":0,"menu_order":0,"comment_status":"closed","ping_status":"closed","template":"","meta":{"footnotes":""},"class_list":["post-1904","page","type-page","status-publish","hentry"],"yoast_head":"<!-- This site is optimized with the Yoast SEO plugin v26.8 - https:\/\/yoast.com\/product\/yoast-seo-wordpress\/ -->\n<title>Datenschutzpolitik - Isabel Palau<\/title>\n<meta name=\"robots\" content=\"index, follow, max-snippet:-1, max-image-preview:large, max-video-preview:-1\" \/>\n<link rel=\"canonical\" href=\"https:\/\/isabelpalau.com\/de\/datenschutzpolitik\/\" \/>\n<meta property=\"og:locale\" content=\"de_DE\" \/>\n<meta property=\"og:type\" content=\"article\" \/>\n<meta property=\"og:title\" content=\"Datenschutzpolitik - Isabel Palau\" \/>\n<meta property=\"og:description\" content=\"Datenschutzpolitik EINF\u00dcHRUNG Diese Datenschutzrichtlinie beschreibt die Verarbeitung personenbezogener Daten durch www.isabelpalau.com in \u00dcbereinstimmung mit dem Organgesetz 3\/2018 vom 5. Dezember zum Schutz personenbezogener Daten und zur Gew\u00e4hrleistung digitaler Rechte sowie der Verordnung (EU) 2016\/679 des Europ\u00e4ischen Parlaments und des Rates vom 27. April 2016. VERANTWORTLICHER F\u00dcR DIE DATENVERARBEITUNG Identit\u00e4t: Isabel Palau Casellas Handelsname: ISABEL PALAU [&hellip;]\" \/>\n<meta property=\"og:url\" content=\"https:\/\/isabelpalau.com\/de\/datenschutzpolitik\/\" \/>\n<meta property=\"og:site_name\" content=\"Isabel Palau\" \/>\n<meta property=\"article:modified_time\" content=\"2025-11-13T12:01:15+00:00\" \/>\n<meta name=\"twitter:card\" content=\"summary_large_image\" \/>\n<meta name=\"twitter:label1\" content=\"Gesch\u00e4tzte Lesezeit\" \/>\n\t<meta name=\"twitter:data1\" content=\"2\u00a0Minuten\" \/>\n<script type=\"application\/ld+json\" class=\"yoast-schema-graph\">{\"@context\":\"https:\/\/schema.org\",\"@graph\":[{\"@type\":\"WebPage\",\"@id\":\"https:\/\/isabelpalau.com\/de\/datenschutzpolitik\/\",\"url\":\"https:\/\/isabelpalau.com\/de\/datenschutzpolitik\/\",\"name\":\"Datenschutzpolitik - Isabel Palau\",\"isPartOf\":{\"@id\":\"https:\/\/isabelpalau.com\/de\/#website\"},\"datePublished\":\"2025-01-30T11:07:07+00:00\",\"dateModified\":\"2025-11-13T12:01:15+00:00\",\"breadcrumb\":{\"@id\":\"https:\/\/isabelpalau.com\/de\/datenschutzpolitik\/#breadcrumb\"},\"inLanguage\":\"de\",\"potentialAction\":[{\"@type\":\"ReadAction\",\"target\":[\"https:\/\/isabelpalau.com\/de\/datenschutzpolitik\/\"]}]},{\"@type\":\"BreadcrumbList\",\"@id\":\"https:\/\/isabelpalau.com\/de\/datenschutzpolitik\/#breadcrumb\",\"itemListElement\":[{\"@type\":\"ListItem\",\"position\":1,\"name\":\"Portada\",\"item\":\"https:\/\/isabelpalau.com\/de\/\"},{\"@type\":\"ListItem\",\"position\":2,\"name\":\"Datenschutzpolitik\"}]},{\"@type\":\"WebSite\",\"@id\":\"https:\/\/isabelpalau.com\/de\/#website\",\"url\":\"https:\/\/isabelpalau.com\/de\/\",\"name\":\"Isabel Palau\",\"description\":\"\",\"potentialAction\":[{\"@type\":\"SearchAction\",\"target\":{\"@type\":\"EntryPoint\",\"urlTemplate\":\"https:\/\/isabelpalau.com\/de\/?s={search_term_string}\"},\"query-input\":{\"@type\":\"PropertyValueSpecification\",\"valueRequired\":true,\"valueName\":\"search_term_string\"}}],\"inLanguage\":\"de\"}]}<\/script>\n<!-- \/ Yoast SEO plugin. -->","yoast_head_json":{"title":"Datenschutzpolitik - Isabel Palau","robots":{"index":"index","follow":"follow","max-snippet":"max-snippet:-1","max-image-preview":"max-image-preview:large","max-video-preview":"max-video-preview:-1"},"canonical":"https:\/\/isabelpalau.com\/de\/datenschutzpolitik\/","og_locale":"de_DE","og_type":"article","og_title":"Datenschutzpolitik - Isabel Palau","og_description":"Datenschutzpolitik EINF\u00dcHRUNG Diese Datenschutzrichtlinie beschreibt die Verarbeitung personenbezogener Daten durch www.isabelpalau.com in \u00dcbereinstimmung mit dem Organgesetz 3\/2018 vom 5. Dezember zum Schutz personenbezogener Daten und zur Gew\u00e4hrleistung digitaler Rechte sowie der Verordnung (EU) 2016\/679 des Europ\u00e4ischen Parlaments und des Rates vom 27. April 2016. VERANTWORTLICHER F\u00dcR DIE DATENVERARBEITUNG Identit\u00e4t: Isabel Palau Casellas Handelsname: ISABEL PALAU [&hellip;]","og_url":"https:\/\/isabelpalau.com\/de\/datenschutzpolitik\/","og_site_name":"Isabel Palau","article_modified_time":"2025-11-13T12:01:15+00:00","twitter_card":"summary_large_image","twitter_misc":{"Gesch\u00e4tzte Lesezeit":"2\u00a0Minuten"},"schema":{"@context":"https:\/\/schema.org","@graph":[{"@type":"WebPage","@id":"https:\/\/isabelpalau.com\/de\/datenschutzpolitik\/","url":"https:\/\/isabelpalau.com\/de\/datenschutzpolitik\/","name":"Datenschutzpolitik - Isabel Palau","isPartOf":{"@id":"https:\/\/isabelpalau.com\/de\/#website"},"datePublished":"2025-01-30T11:07:07+00:00","dateModified":"2025-11-13T12:01:15+00:00","breadcrumb":{"@id":"https:\/\/isabelpalau.com\/de\/datenschutzpolitik\/#breadcrumb"},"inLanguage":"de","potentialAction":[{"@type":"ReadAction","target":["https:\/\/isabelpalau.com\/de\/datenschutzpolitik\/"]}]},{"@type":"BreadcrumbList","@id":"https:\/\/isabelpalau.com\/de\/datenschutzpolitik\/#breadcrumb","itemListElement":[{"@type":"ListItem","position":1,"name":"Portada","item":"https:\/\/isabelpalau.com\/de\/"},{"@type":"ListItem","position":2,"name":"Datenschutzpolitik"}]},{"@type":"WebSite","@id":"https:\/\/isabelpalau.com\/de\/#website","url":"https:\/\/isabelpalau.com\/de\/","name":"Isabel Palau","description":"","potentialAction":[{"@type":"SearchAction","target":{"@type":"EntryPoint","urlTemplate":"https:\/\/isabelpalau.com\/de\/?s={search_term_string}"},"query-input":{"@type":"PropertyValueSpecification","valueRequired":true,"valueName":"search_term_string"}}],"inLanguage":"de"}]}},"_links":{"self":[{"href":"https:\/\/isabelpalau.com\/de\/wp-json\/wp\/v2\/pages\/1904","targetHints":{"allow":["GET"]}}],"collection":[{"href":"https:\/\/isabelpalau.com\/de\/wp-json\/wp\/v2\/pages"}],"about":[{"href":"https:\/\/isabelpalau.com\/de\/wp-json\/wp\/v2\/types\/page"}],"author":[{"embeddable":true,"href":"https:\/\/isabelpalau.com\/de\/wp-json\/wp\/v2\/users\/1"}],"replies":[{"embeddable":true,"href":"https:\/\/isabelpalau.com\/de\/wp-json\/wp\/v2\/comments?post=1904"}],"version-history":[{"count":4,"href":"https:\/\/isabelpalau.com\/de\/wp-json\/wp\/v2\/pages\/1904\/revisions"}],"predecessor-version":[{"id":1923,"href":"https:\/\/isabelpalau.com\/de\/wp-json\/wp\/v2\/pages\/1904\/revisions\/1923"}],"wp:attachment":[{"href":"https:\/\/isabelpalau.com\/de\/wp-json\/wp\/v2\/media?parent=1904"}],"curies":[{"name":"wp","href":"https:\/\/api.w.org\/{rel}","templated":true}]}}