{"id":1902,"date":"2025-01-30T10:55:44","date_gmt":"2025-01-30T10:55:44","guid":{"rendered":"https:\/\/isabelpalau.com\/cookies-politik\/"},"modified":"2025-11-13T12:00:49","modified_gmt":"2025-11-13T12:00:49","slug":"cookies-politik","status":"publish","type":"page","link":"https:\/\/isabelpalau.com\/de\/cookies-politik\/","title":{"rendered":"Cookies Politik"},"content":{"rendered":"\t\t<div data-elementor-type=\"wp-page\" data-elementor-id=\"1902\" class=\"elementor elementor-1902 elementor-587\" data-elementor-post-type=\"page\">\n\t\t\t\t<div class=\"elementor-element elementor-element-6f146dc e-flex e-con-boxed e-con e-parent\" data-id=\"6f146dc\" data-element_type=\"container\" data-settings=\"{&quot;background_background&quot;:&quot;video&quot;,&quot;background_video_link&quot;:&quot;https:\\\/\\\/videos.pexels.com\\\/video-files\\\/7918375\\\/7918375-hd_1920_1080_30fps.mp4&quot;,&quot;background_play_on_mobile&quot;:&quot;yes&quot;}\">\n\t\t\t\t\t<div class=\"e-con-inner\">\n\t\t<div class=\"elementor-background-video-container\" aria-hidden=\"true\">\n\t\t\t\t\t\t\t<video class=\"elementor-background-video-hosted\" autoplay muted playsinline loop><\/video>\n\t\t\t\t\t<\/div>\t\t<div class=\"elementor-element elementor-element-ae3f441 elementor-widget elementor-widget-heading\" data-id=\"ae3f441\" data-element_type=\"widget\" data-widget_type=\"heading.default\">\n\t\t\t\t<div class=\"elementor-widget-container\">\n\t\t\t\t\t<h2 class=\"elementor-heading-title elementor-size-default\">Cookies Politik<\/h2>\t\t\t\t<\/div>\n\t\t\t\t<\/div>\n\t\t\t\t\t<\/div>\n\t\t\t\t<\/div>\n\t\t<div class=\"elementor-element elementor-element-4a8c093 e-flex e-con-boxed e-con e-parent\" data-id=\"4a8c093\" data-element_type=\"container\">\n\t\t\t\t\t<div class=\"e-con-inner\">\n\t\t\t\t<div class=\"elementor-element elementor-element-88f5578 elementor-widget elementor-widget-heading\" data-id=\"88f5578\" data-element_type=\"widget\" data-widget_type=\"heading.default\">\n\t\t\t\t<div class=\"elementor-widget-container\">\n\t\t\t\t\t<h2 class=\"elementor-heading-title elementor-size-default\">Einleitung<\/h2>\t\t\t\t<\/div>\n\t\t\t\t<\/div>\n\t\t\t\t<div class=\"elementor-element elementor-element-fbcfdb2 elementor-widget elementor-widget-text-editor\" data-id=\"fbcfdb2\" data-element_type=\"widget\" data-widget_type=\"text-editor.default\">\n\t\t\t\t<div class=\"elementor-widget-container\">\n\t\t\t\t\t\t\t\t\t<p>Diese Website verwendet eigene Cookies und Cookies von Dritten f\u00fcr technische, statistische und Werbezwecke gem\u00e4\u00df den geltenden Vorschriften.<\/p>\t\t\t\t\t\t\t\t<\/div>\n\t\t\t\t<\/div>\n\t\t\t\t<div class=\"elementor-element elementor-element-80c0e8c elementor-widget elementor-widget-heading\" data-id=\"80c0e8c\" data-element_type=\"widget\" data-widget_type=\"heading.default\">\n\t\t\t\t<div class=\"elementor-widget-container\">\n\t\t\t\t\t<h2 class=\"elementor-heading-title elementor-size-default\">Was sind Cookies?<\/h2>\t\t\t\t<\/div>\n\t\t\t\t<\/div>\n\t\t\t\t<div class=\"elementor-element elementor-element-db9103e elementor-widget elementor-widget-text-editor\" data-id=\"db9103e\" data-element_type=\"widget\" data-widget_type=\"text-editor.default\">\n\t\t\t\t<div class=\"elementor-widget-container\">\n\t\t\t\t\t\t\t\t\t<p>Cookies sind kleine Textdateien, die auf Ihrem Ger\u00e4t gespeichert werden, wenn Sie eine Website besuchen. Sie dienen dazu, Ihre Pr\u00e4ferenzen zu speichern und Ihr Surferlebnis zu verbessern. <\/p>\t\t\t\t\t\t\t\t<\/div>\n\t\t\t\t<\/div>\n\t\t\t\t<div class=\"elementor-element elementor-element-55b0c38 elementor-widget elementor-widget-heading\" data-id=\"55b0c38\" data-element_type=\"widget\" data-widget_type=\"heading.default\">\n\t\t\t\t<div class=\"elementor-widget-container\">\n\t\t\t\t\t<h2 class=\"elementor-heading-title elementor-size-default\">Arten von Cookies nach ihrem Zweck<\/h2>\t\t\t\t<\/div>\n\t\t\t\t<\/div>\n\t\t\t\t<div class=\"elementor-element elementor-element-7ed339f elementor-widget elementor-widget-text-editor\" data-id=\"7ed339f\" data-element_type=\"widget\" data-widget_type=\"text-editor.default\">\n\t\t\t\t<div class=\"elementor-widget-container\">\n\t\t\t\t\t\t\t\t\t<ul><li data-start=\"1961\" data-end=\"2038\"><p data-start=\"1963\" data-end=\"2038\"><strong data-start=\"1963\" data-end=\"1984\">Technische Cookies<\/strong>: Unverzichtbar f\u00fcr das Funktionieren der Website.<\/p><\/li><li data-start=\"2039\" data-end=\"2137\"><p data-start=\"2041\" data-end=\"2137\"><strong>Personalisierungs-Cookies<\/strong>: Diese Cookies erm\u00f6glichen es, Informationen zu speichern, damit der Nutzer auf den Dienst mit bestimmten Eigenschaften zugreifen kann, die sein Erlebnis von dem anderer Nutzer unterscheiden, wie z. B. die Sprache, die Anzahl der bei einer Suche anzuzeigenden Ergebnisse usw.<\/p><\/li><li data-start=\"2039\" data-end=\"2137\"><p data-start=\"2041\" data-end=\"2137\"><strong>Analyse-Cookies<\/strong>: Diese Cookies sammeln Informationen \u00fcber die Nutzung der Website durch die Besucher.<\/p><\/li><li data-start=\"2039\" data-end=\"2137\"><strong>Werbe-Cookies<\/strong>: Diese Cookies sammeln Informationen \u00fcber die pers\u00f6nlichen Pr\u00e4ferenzen und Entscheidungen der Nutzer, basierend auf zuvor besuchten Seiten, um die Wirksamkeit von Kampagnen zu analysieren.<\/li><\/ul>\t\t\t\t\t\t\t\t<\/div>\n\t\t\t\t<\/div>\n\t\t\t\t<div class=\"elementor-element elementor-element-9f04995 elementor-widget elementor-widget-heading\" data-id=\"9f04995\" data-element_type=\"widget\" data-widget_type=\"heading.default\">\n\t\t\t\t<div class=\"elementor-widget-container\">\n\t\t\t\t\t<h2 class=\"elementor-heading-title elementor-size-default\">Arten von Cookies nach Eigentum<\/h2>\t\t\t\t<\/div>\n\t\t\t\t<\/div>\n\t\t\t\t<div class=\"elementor-element elementor-element-897aa7a elementor-widget elementor-widget-text-editor\" data-id=\"897aa7a\" data-element_type=\"widget\" data-widget_type=\"text-editor.default\">\n\t\t\t\t<div class=\"elementor-widget-container\">\n\t\t\t\t\t\t\t\t\t<ul><li><strong>Eigene Cookies<\/strong>: Dies sind Cookies, f\u00fcr die der Herausgeber selbst verantwortlich ist und die in der Regel von einem vom Herausgeber selbst verwalteten Ger\u00e4t oder einer von ihm verwalteten Domain, von der aus die vom Nutzer angeforderte Dienstleistung erbracht wird, an das Endger\u00e4t des Nutzers gesendet werden.<br><br><\/li><li><strong>Von Dritten<\/strong>: Dies sind Cookies, f\u00fcr die eine andere Stelle als der Herausgeber verantwortlich ist und die in der Regel von einem Ger\u00e4t oder einer Domain, die nicht vom Herausgeber verwaltet wird, sondern von einer anderen Stelle, die die durch Cookies gewonnenen Daten verarbeitet, an das Endger\u00e4t des Nutzers gesendet werden.<\/li><\/ul>\t\t\t\t\t\t\t\t<\/div>\n\t\t\t\t<\/div>\n\t\t\t\t<div class=\"elementor-element elementor-element-978b713 elementor-widget elementor-widget-heading\" data-id=\"978b713\" data-element_type=\"widget\" data-widget_type=\"heading.default\">\n\t\t\t\t<div class=\"elementor-widget-container\">\n\t\t\t\t\t<h2 class=\"elementor-heading-title elementor-size-default\">Verwaltung von Cookies:<\/h2>\t\t\t\t<\/div>\n\t\t\t\t<\/div>\n\t\t\t\t<div class=\"elementor-element elementor-element-597a3ce elementor-widget elementor-widget-text-editor\" data-id=\"597a3ce\" data-element_type=\"widget\" data-widget_type=\"text-editor.default\">\n\t\t\t\t<div class=\"elementor-widget-container\">\n\t\t\t\t\t\t\t\t\t<p>Sie k\u00f6nnen die Verwendung von Cookies \u00fcber das Cookie-Banner, das beim Aufrufen unserer Website angezeigt wird, akzeptieren, ablehnen oder konfigurieren. Sie k\u00f6nnen Ihren Browser auch so einstellen, dass Cookies jederzeit blockiert oder gel\u00f6scht werden. <\/p>\t\t\t\t\t\t\t\t<\/div>\n\t\t\t\t<\/div>\n\t\t\t\t<div class=\"elementor-element elementor-element-37e8cb1 elementor-widget elementor-widget-heading\" data-id=\"37e8cb1\" data-element_type=\"widget\" data-widget_type=\"heading.default\">\n\t\t\t\t<div class=\"elementor-widget-container\">\n\t\t\t\t\t<h2 class=\"elementor-heading-title elementor-size-default\">Cookie-Einstellungen in den g\u00e4ngigsten Browsern:<\/h2>\t\t\t\t<\/div>\n\t\t\t\t<\/div>\n\t\t\t\t<div class=\"elementor-element elementor-element-7b7cb81 elementor-widget elementor-widget-text-editor\" data-id=\"7b7cb81\" data-element_type=\"widget\" data-widget_type=\"text-editor.default\">\n\t\t\t\t<div class=\"elementor-widget-container\">\n\t\t\t\t\t\t\t\t\t<ul><li data-start=\"2552\" data-end=\"2610\"><p data-start=\"2554\" data-end=\"2610\">Chrome: Einstellungen &gt; Datenschutz und Sicherheit &gt; Cookies<\/p><\/li><li data-start=\"2611\" data-end=\"2669\"><p data-start=\"2613\" data-end=\"2669\">Firefox: Einstellungen &gt; Datenschutz und Sicherheit &gt;Cookies<\/p><\/li><li data-start=\"2670\" data-end=\"2705\"><p data-start=\"2672\" data-end=\"2705\">Safari: Einstellungen &gt; Datenschutz<\/p><\/li><\/ul>\t\t\t\t\t\t\t\t<\/div>\n\t\t\t\t<\/div>\n\t\t\t\t\t<\/div>\n\t\t\t\t<\/div>\n\t\t\t\t<\/div>\n\t\t","protected":false},"excerpt":{"rendered":"<p>Cookies Politik Einleitung Diese Website verwendet eigene Cookies und Cookies von Dritten f\u00fcr technische, statistische und Werbezwecke gem\u00e4\u00df den geltenden Vorschriften. Was sind Cookies? Cookies sind kleine Textdateien, die auf Ihrem Ger\u00e4t gespeichert werden, wenn Sie eine Website besuchen. Sie dienen dazu, Ihre Pr\u00e4ferenzen zu speichern und Ihr Surferlebnis zu verbessern. Arten von Cookies nach [&hellip;]<\/p>\n","protected":false},"author":1,"featured_media":0,"parent":0,"menu_order":0,"comment_status":"closed","ping_status":"closed","template":"","meta":{"footnotes":""},"class_list":["post-1902","page","type-page","status-publish","hentry"],"yoast_head":"<!-- This site is optimized with the Yoast SEO plugin v26.8 - https:\/\/yoast.com\/product\/yoast-seo-wordpress\/ -->\n<title>Cookies Politik - Isabel Palau<\/title>\n<meta name=\"description\" content=\"Erfahren Sie mehr \u00fcber die Verwendung von Cookies auf der Isabel Palau-Website: Arten von Cookies und deren Zweck\" \/>\n<meta name=\"robots\" content=\"index, follow, max-snippet:-1, max-image-preview:large, max-video-preview:-1\" \/>\n<link rel=\"canonical\" href=\"https:\/\/isabelpalau.com\/de\/cookies-politik\/\" \/>\n<meta property=\"og:locale\" content=\"de_DE\" \/>\n<meta property=\"og:type\" content=\"article\" \/>\n<meta property=\"og:title\" content=\"Cookies Politik - Isabel Palau\" \/>\n<meta property=\"og:description\" content=\"Erfahren Sie mehr \u00fcber die Verwendung von Cookies auf der Isabel Palau-Website: Arten von Cookies und deren Zweck\" \/>\n<meta property=\"og:url\" content=\"https:\/\/isabelpalau.com\/de\/cookies-politik\/\" \/>\n<meta property=\"og:site_name\" content=\"Isabel Palau\" \/>\n<meta property=\"article:modified_time\" content=\"2025-11-13T12:00:49+00:00\" \/>\n<meta name=\"twitter:card\" content=\"summary_large_image\" \/>\n<meta name=\"twitter:label1\" content=\"Gesch\u00e4tzte Lesezeit\" \/>\n\t<meta name=\"twitter:data1\" content=\"2\u00a0Minuten\" \/>\n<script type=\"application\/ld+json\" class=\"yoast-schema-graph\">{\"@context\":\"https:\/\/schema.org\",\"@graph\":[{\"@type\":\"WebPage\",\"@id\":\"https:\/\/isabelpalau.com\/de\/cookies-politik\/\",\"url\":\"https:\/\/isabelpalau.com\/de\/cookies-politik\/\",\"name\":\"Cookies Politik - Isabel Palau\",\"isPartOf\":{\"@id\":\"https:\/\/isabelpalau.com\/de\/#website\"},\"datePublished\":\"2025-01-30T10:55:44+00:00\",\"dateModified\":\"2025-11-13T12:00:49+00:00\",\"description\":\"Erfahren Sie mehr \u00fcber die Verwendung von Cookies auf der Isabel Palau-Website: Arten von Cookies und deren Zweck\",\"breadcrumb\":{\"@id\":\"https:\/\/isabelpalau.com\/de\/cookies-politik\/#breadcrumb\"},\"inLanguage\":\"de\",\"potentialAction\":[{\"@type\":\"ReadAction\",\"target\":[\"https:\/\/isabelpalau.com\/de\/cookies-politik\/\"]}]},{\"@type\":\"BreadcrumbList\",\"@id\":\"https:\/\/isabelpalau.com\/de\/cookies-politik\/#breadcrumb\",\"itemListElement\":[{\"@type\":\"ListItem\",\"position\":1,\"name\":\"Portada\",\"item\":\"https:\/\/isabelpalau.com\/de\/\"},{\"@type\":\"ListItem\",\"position\":2,\"name\":\"Cookies Politik\"}]},{\"@type\":\"WebSite\",\"@id\":\"https:\/\/isabelpalau.com\/de\/#website\",\"url\":\"https:\/\/isabelpalau.com\/de\/\",\"name\":\"Isabel Palau\",\"description\":\"\",\"potentialAction\":[{\"@type\":\"SearchAction\",\"target\":{\"@type\":\"EntryPoint\",\"urlTemplate\":\"https:\/\/isabelpalau.com\/de\/?s={search_term_string}\"},\"query-input\":{\"@type\":\"PropertyValueSpecification\",\"valueRequired\":true,\"valueName\":\"search_term_string\"}}],\"inLanguage\":\"de\"}]}<\/script>\n<!-- \/ Yoast SEO plugin. -->","yoast_head_json":{"title":"Cookies Politik - Isabel Palau","description":"Erfahren Sie mehr \u00fcber die Verwendung von Cookies auf der Isabel Palau-Website: Arten von Cookies und deren Zweck","robots":{"index":"index","follow":"follow","max-snippet":"max-snippet:-1","max-image-preview":"max-image-preview:large","max-video-preview":"max-video-preview:-1"},"canonical":"https:\/\/isabelpalau.com\/de\/cookies-politik\/","og_locale":"de_DE","og_type":"article","og_title":"Cookies Politik - Isabel Palau","og_description":"Erfahren Sie mehr \u00fcber die Verwendung von Cookies auf der Isabel Palau-Website: Arten von Cookies und deren Zweck","og_url":"https:\/\/isabelpalau.com\/de\/cookies-politik\/","og_site_name":"Isabel Palau","article_modified_time":"2025-11-13T12:00:49+00:00","twitter_card":"summary_large_image","twitter_misc":{"Gesch\u00e4tzte Lesezeit":"2\u00a0Minuten"},"schema":{"@context":"https:\/\/schema.org","@graph":[{"@type":"WebPage","@id":"https:\/\/isabelpalau.com\/de\/cookies-politik\/","url":"https:\/\/isabelpalau.com\/de\/cookies-politik\/","name":"Cookies Politik - Isabel Palau","isPartOf":{"@id":"https:\/\/isabelpalau.com\/de\/#website"},"datePublished":"2025-01-30T10:55:44+00:00","dateModified":"2025-11-13T12:00:49+00:00","description":"Erfahren Sie mehr \u00fcber die Verwendung von Cookies auf der Isabel Palau-Website: Arten von Cookies und deren Zweck","breadcrumb":{"@id":"https:\/\/isabelpalau.com\/de\/cookies-politik\/#breadcrumb"},"inLanguage":"de","potentialAction":[{"@type":"ReadAction","target":["https:\/\/isabelpalau.com\/de\/cookies-politik\/"]}]},{"@type":"BreadcrumbList","@id":"https:\/\/isabelpalau.com\/de\/cookies-politik\/#breadcrumb","itemListElement":[{"@type":"ListItem","position":1,"name":"Portada","item":"https:\/\/isabelpalau.com\/de\/"},{"@type":"ListItem","position":2,"name":"Cookies Politik"}]},{"@type":"WebSite","@id":"https:\/\/isabelpalau.com\/de\/#website","url":"https:\/\/isabelpalau.com\/de\/","name":"Isabel Palau","description":"","potentialAction":[{"@type":"SearchAction","target":{"@type":"EntryPoint","urlTemplate":"https:\/\/isabelpalau.com\/de\/?s={search_term_string}"},"query-input":{"@type":"PropertyValueSpecification","valueRequired":true,"valueName":"search_term_string"}}],"inLanguage":"de"}]}},"_links":{"self":[{"href":"https:\/\/isabelpalau.com\/de\/wp-json\/wp\/v2\/pages\/1902","targetHints":{"allow":["GET"]}}],"collection":[{"href":"https:\/\/isabelpalau.com\/de\/wp-json\/wp\/v2\/pages"}],"about":[{"href":"https:\/\/isabelpalau.com\/de\/wp-json\/wp\/v2\/types\/page"}],"author":[{"embeddable":true,"href":"https:\/\/isabelpalau.com\/de\/wp-json\/wp\/v2\/users\/1"}],"replies":[{"embeddable":true,"href":"https:\/\/isabelpalau.com\/de\/wp-json\/wp\/v2\/comments?post=1902"}],"version-history":[{"count":12,"href":"https:\/\/isabelpalau.com\/de\/wp-json\/wp\/v2\/pages\/1902\/revisions"}],"predecessor-version":[{"id":2081,"href":"https:\/\/isabelpalau.com\/de\/wp-json\/wp\/v2\/pages\/1902\/revisions\/2081"}],"wp:attachment":[{"href":"https:\/\/isabelpalau.com\/de\/wp-json\/wp\/v2\/media?parent=1902"}],"curies":[{"name":"wp","href":"https:\/\/api.w.org\/{rel}","templated":true}]}}