{"id":1892,"date":"2025-01-30T10:54:43","date_gmt":"2025-01-30T10:54:43","guid":{"rendered":"https:\/\/isabelpalau.com\/rechtlicher-hinweis\/"},"modified":"2025-11-13T12:03:12","modified_gmt":"2025-11-13T12:03:12","slug":"rechtlicher-hinweis","status":"publish","type":"page","link":"https:\/\/isabelpalau.com\/de\/rechtlicher-hinweis\/","title":{"rendered":"Rechtlicher Hinweis"},"content":{"rendered":"\t\t<div data-elementor-type=\"wp-page\" data-elementor-id=\"1892\" class=\"elementor elementor-1892 elementor-582\" data-elementor-post-type=\"page\">\n\t\t\t\t<div class=\"elementor-element elementor-element-6f146dc e-flex e-con-boxed e-con e-parent\" data-id=\"6f146dc\" data-element_type=\"container\" data-settings=\"{&quot;background_background&quot;:&quot;video&quot;,&quot;background_video_link&quot;:&quot;https:\\\/\\\/videos.pexels.com\\\/video-files\\\/7918375\\\/7918375-hd_1920_1080_30fps.mp4&quot;,&quot;background_play_on_mobile&quot;:&quot;yes&quot;}\">\n\t\t\t\t\t<div class=\"e-con-inner\">\n\t\t<div class=\"elementor-background-video-container\" aria-hidden=\"true\">\n\t\t\t\t\t\t\t<video class=\"elementor-background-video-hosted\" autoplay muted playsinline loop><\/video>\n\t\t\t\t\t<\/div>\t\t<div class=\"elementor-element elementor-element-ae3f441 elementor-widget elementor-widget-heading\" data-id=\"ae3f441\" data-element_type=\"widget\" data-widget_type=\"heading.default\">\n\t\t\t\t<div class=\"elementor-widget-container\">\n\t\t\t\t\t<h2 class=\"elementor-heading-title elementor-size-default\">Rechtlicher Hinweis<\/h2>\t\t\t\t<\/div>\n\t\t\t\t<\/div>\n\t\t\t\t\t<\/div>\n\t\t\t\t<\/div>\n\t\t<div class=\"elementor-element elementor-element-4a8c093 e-flex e-con-boxed e-con e-parent\" data-id=\"4a8c093\" data-element_type=\"container\">\n\t\t\t\t\t<div class=\"e-con-inner\">\n\t\t\t\t<div class=\"elementor-element elementor-element-671e8fe elementor-widget elementor-widget-text-editor\" data-id=\"671e8fe\" data-element_type=\"widget\" data-widget_type=\"text-editor.default\">\n\t\t\t\t<div class=\"elementor-widget-container\">\n\t\t\t\t\t\t\t\t\t<h4><strong>EINF\u00dcHRUNG<\/strong><\/h4>\n\n<p>Dieser rechtliche Hinweis (im Folgenden &#8222;der Hinweis&#8220;) regelt die Nutzung des Webportals <strong>www.isabelpalau.com<\/strong> (im Folgenden &#8222;das Portal&#8220;), das ISABEL PALAU CASELLAS (im Folgenden &#8222;der Inhaber&#8220;) den Internetnutzern zur Verf\u00fcgung stellt. Die Nutzung des Portals, einschlie\u00dflich des blo\u00dfen Zugriffs, verleiht den Status eines Nutzers (im Folgenden &#8222;der\/die Nutzer&#8220;) und setzt die vollst\u00e4ndige und vorbehaltlose Annahme aller Bestimmungen dieses Hinweises voraus, die zum Zeitpunkt des Zugriffs in Kraft sind. Daher muss der Nutzer den Hinweis jedes Mal lesen, wenn er das Portal nutzt.<\/p>\n\n<p>Der Nutzer ist sich bewusst und erkl\u00e4rt sich ausdr\u00fccklich damit einverstanden, dass die Nutzung des Portals in jedem Fall auf eigene Verantwortung erfolgt.<\/p>\n<br\/>\n<h4><strong>RECHTLICHE INFORMATIONEN DES INHABERS<\/strong><\/h4>\n<ul>\n  <li>Verantwortliche Person: Isabel Palau Casellas<\/li>\n  <li>Handelsname: ISABEL PALAU CASELLAS<\/li>\n  <li>Steuernummer: 46612660D<\/li>\n  <li>Adresse: Av. de les Ac\u00e0cies, 23, 08328, Alella<\/li>\n  <li>Telefon: +34 935 400 700<\/li>\n  <li>Email: info@isabelpalau.com<\/li>\n<\/ul>\n<br\/>\n<h4><strong>NUTZUNGSBEDINGUNGEN<\/strong><\/h4>\n<ol>\n  <li><strong>Inhalte:<\/strong> Der Zugang zum Portal ist kostenlos, und der Nutzer verpflichtet sich, es in angemessener Weise zu nutzen, gem\u00e4\u00df den Bedingungen dieses Hinweises, den geltenden Vorschriften, der Moral und der \u00f6ffentlichen Ordnung. Die Inhalte des Portals dienen ausschlie\u00dflich Informationszwecken.\n    <p>Die enthaltenen Informationen stellen in keinem Fall eine Beratungsquelle dar und begr\u00fcnden keine professionelle Beziehung zwischen dem Nutzer und dem Inhaber. Ihre Nutzung erfolgt auf ausschlie\u00dfliche Verantwortung des Nutzers. Der Inhaber beh\u00e4lt sich das Recht vor, den Inhalt des Portals, diesen Hinweis und seine Datenschutzrichtlinie jederzeit und ohne vorherige Ank\u00fcndigung zu \u00e4ndern.<\/p>\n  <\/li>\n  <li><strong>Links:<\/strong> Nutzer, die Links von anderen Webseiten zum Portal einf\u00fcgen m\u00f6chten, m\u00fcssen vorher eine Genehmigung des Inhabers einholen. Diese Links werden unter folgenden Bedingungen genehmigt:\n    <ul>\n      <li>Sie m\u00fcssen zur Hauptseite des Portals f\u00fchren, ohne diese in irgendeiner Weise zu reproduzieren.<\/li>\n      <li>Das Erstellen von Frames, die es erm\u00f6glichen, das Portal unter anderen Adressen anzuzeigen, ist untersagt.<\/li>\n      <li>Die Verwendung jeglicher Marken oder Unterscheidungsmerkmale des Inhabers ohne ausdr\u00fcckliche Genehmigung ist untersagt.<\/li>\n    <\/ul>\n    <p>Das Vorhandensein von Links impliziert keine Beziehung zwischen dem Inhaber und dem Eigent\u00fcmer der verlinkten Website. Ebenso ist der Inhaber nicht f\u00fcr den Inhalt von Drittanbieter-Websites verantwortlich, die mit dem Portal verlinkt sind.<\/p>\n  <\/li>\n  <li><strong>Geistiges Eigentum:<\/strong> Alle Inhalte des Portals sind geistiges oder gewerbliches Eigentum des Inhabers oder von Dritten, die zur Nutzung autorisiert sind. Der Nutzer darf diese Elemente nicht vervielf\u00e4ltigen, transformieren, verbreiten, \u00f6ffentlich wiedergeben, zur Verf\u00fcgung stellen, extrahieren oder in irgendeiner Weise nutzen, au\u00dfer in den gesetzlich erlaubten oder ausdr\u00fccklich vom Inhaber genehmigten F\u00e4llen.<\/li>\n<\/ol>\n<br\/>\n<h4><strong>HAFTUNG<\/strong><\/h4>\n<ol>\n  <li><strong>Inhalte:<\/strong> Der Inhaber wird angemessene Mittel einsetzen, um aktuelle und wahrheitsgem\u00e4\u00dfe Informationen auf dem Portal bereitzustellen. Er ist jedoch nicht f\u00fcr Fehler oder Auslassungen in den ver\u00f6ffentlichten Informationen oder f\u00fcr deren Nutzung durch die Nutzer verantwortlich.<\/li>\n  <li><strong>Betrieb:<\/strong> Der Inhaber ist nicht verantwortlich f\u00fcr Unterbrechungen, Computerviren oder andere Elemente, die das System des Nutzers beeintr\u00e4chtigen k\u00f6nnten. Er \u00fcbernimmt auch keine Verantwortung f\u00fcr Verz\u00f6gerungen oder Blockierungen im Betrieb des Portals, die durch M\u00e4ngel in Telefonleitungen oder im Internet verursacht werden.<\/li>\n  <li><strong>Links:<\/strong> Der Inhaber ist nicht f\u00fcr den Inhalt der mit dem Portal verlinkten Webseiten verantwortlich, au\u00dfer in den in Gesetz 34\/2002 \u00fcber Dienste der Informationsgesellschaft und den elektronischen Handel vorgesehenen F\u00e4llen.<\/li>\n<\/ol>\n<br\/>\n<h4><strong>DATENSCHUTZ<\/strong><\/h4>\n<p>Sie k\u00f6nnen detaillierte Informationen zur Verarbeitung personenbezogener Daten in unserer Datenschutzrichtlinie einsehen.<\/p>\n\t\t\t\t\t\t\t\t<\/div>\n\t\t\t\t<\/div>\n\t\t\t\t\t<\/div>\n\t\t\t\t<\/div>\n\t\t\t\t<\/div>\n\t\t","protected":false},"excerpt":{"rendered":"<p>Rechtlicher Hinweis EINF\u00dcHRUNG Dieser rechtliche Hinweis (im Folgenden &#8222;der Hinweis&#8220;) regelt die Nutzung des Webportals www.isabelpalau.com (im Folgenden &#8222;das Portal&#8220;), das ISABEL PALAU CASELLAS (im Folgenden &#8222;der Inhaber&#8220;) den Internetnutzern zur Verf\u00fcgung stellt. Die Nutzung des Portals, einschlie\u00dflich des blo\u00dfen Zugriffs, verleiht den Status eines Nutzers (im Folgenden &#8222;der\/die Nutzer&#8220;) und setzt die vollst\u00e4ndige und [&hellip;]<\/p>\n","protected":false},"author":1,"featured_media":0,"parent":0,"menu_order":0,"comment_status":"closed","ping_status":"closed","template":"","meta":{"footnotes":""},"class_list":["post-1892","page","type-page","status-publish","hentry"],"yoast_head":"<!-- This site is optimized with the Yoast SEO plugin v26.8 - https:\/\/yoast.com\/product\/yoast-seo-wordpress\/ -->\n<title>Rechtlicher Hinweis - Isabel Palau<\/title>\n<meta name=\"robots\" content=\"index, follow, max-snippet:-1, max-image-preview:large, max-video-preview:-1\" \/>\n<link rel=\"canonical\" href=\"https:\/\/isabelpalau.com\/de\/rechtlicher-hinweis\/\" \/>\n<meta property=\"og:locale\" content=\"de_DE\" \/>\n<meta property=\"og:type\" content=\"article\" \/>\n<meta property=\"og:title\" content=\"Rechtlicher Hinweis - Isabel Palau\" \/>\n<meta property=\"og:description\" content=\"Rechtlicher Hinweis EINF\u00dcHRUNG Dieser rechtliche Hinweis (im Folgenden &#8222;der Hinweis&#8220;) regelt die Nutzung des Webportals www.isabelpalau.com (im Folgenden &#8222;das Portal&#8220;), das ISABEL PALAU CASELLAS (im Folgenden &#8222;der Inhaber&#8220;) den Internetnutzern zur Verf\u00fcgung stellt. Die Nutzung des Portals, einschlie\u00dflich des blo\u00dfen Zugriffs, verleiht den Status eines Nutzers (im Folgenden &#8222;der\/die Nutzer&#8220;) und setzt die vollst\u00e4ndige und [&hellip;]\" \/>\n<meta property=\"og:url\" content=\"https:\/\/isabelpalau.com\/de\/rechtlicher-hinweis\/\" \/>\n<meta property=\"og:site_name\" content=\"Isabel Palau\" \/>\n<meta property=\"article:modified_time\" content=\"2025-11-13T12:03:12+00:00\" \/>\n<meta name=\"twitter:card\" content=\"summary_large_image\" \/>\n<meta name=\"twitter:label1\" content=\"Gesch\u00e4tzte Lesezeit\" \/>\n\t<meta name=\"twitter:data1\" content=\"3\u00a0Minuten\" \/>\n<script type=\"application\/ld+json\" class=\"yoast-schema-graph\">{\"@context\":\"https:\/\/schema.org\",\"@graph\":[{\"@type\":\"WebPage\",\"@id\":\"https:\/\/isabelpalau.com\/de\/rechtlicher-hinweis\/\",\"url\":\"https:\/\/isabelpalau.com\/de\/rechtlicher-hinweis\/\",\"name\":\"Rechtlicher Hinweis - Isabel Palau\",\"isPartOf\":{\"@id\":\"https:\/\/isabelpalau.com\/de\/#website\"},\"datePublished\":\"2025-01-30T10:54:43+00:00\",\"dateModified\":\"2025-11-13T12:03:12+00:00\",\"breadcrumb\":{\"@id\":\"https:\/\/isabelpalau.com\/de\/rechtlicher-hinweis\/#breadcrumb\"},\"inLanguage\":\"de\",\"potentialAction\":[{\"@type\":\"ReadAction\",\"target\":[\"https:\/\/isabelpalau.com\/de\/rechtlicher-hinweis\/\"]}]},{\"@type\":\"BreadcrumbList\",\"@id\":\"https:\/\/isabelpalau.com\/de\/rechtlicher-hinweis\/#breadcrumb\",\"itemListElement\":[{\"@type\":\"ListItem\",\"position\":1,\"name\":\"Portada\",\"item\":\"https:\/\/isabelpalau.com\/de\/\"},{\"@type\":\"ListItem\",\"position\":2,\"name\":\"Rechtlicher Hinweis\"}]},{\"@type\":\"WebSite\",\"@id\":\"https:\/\/isabelpalau.com\/de\/#website\",\"url\":\"https:\/\/isabelpalau.com\/de\/\",\"name\":\"Isabel Palau\",\"description\":\"\",\"potentialAction\":[{\"@type\":\"SearchAction\",\"target\":{\"@type\":\"EntryPoint\",\"urlTemplate\":\"https:\/\/isabelpalau.com\/de\/?s={search_term_string}\"},\"query-input\":{\"@type\":\"PropertyValueSpecification\",\"valueRequired\":true,\"valueName\":\"search_term_string\"}}],\"inLanguage\":\"de\"}]}<\/script>\n<!-- \/ Yoast SEO plugin. -->","yoast_head_json":{"title":"Rechtlicher Hinweis - Isabel Palau","robots":{"index":"index","follow":"follow","max-snippet":"max-snippet:-1","max-image-preview":"max-image-preview:large","max-video-preview":"max-video-preview:-1"},"canonical":"https:\/\/isabelpalau.com\/de\/rechtlicher-hinweis\/","og_locale":"de_DE","og_type":"article","og_title":"Rechtlicher Hinweis - Isabel Palau","og_description":"Rechtlicher Hinweis EINF\u00dcHRUNG Dieser rechtliche Hinweis (im Folgenden &#8222;der Hinweis&#8220;) regelt die Nutzung des Webportals www.isabelpalau.com (im Folgenden &#8222;das Portal&#8220;), das ISABEL PALAU CASELLAS (im Folgenden &#8222;der Inhaber&#8220;) den Internetnutzern zur Verf\u00fcgung stellt. Die Nutzung des Portals, einschlie\u00dflich des blo\u00dfen Zugriffs, verleiht den Status eines Nutzers (im Folgenden &#8222;der\/die Nutzer&#8220;) und setzt die vollst\u00e4ndige und [&hellip;]","og_url":"https:\/\/isabelpalau.com\/de\/rechtlicher-hinweis\/","og_site_name":"Isabel Palau","article_modified_time":"2025-11-13T12:03:12+00:00","twitter_card":"summary_large_image","twitter_misc":{"Gesch\u00e4tzte Lesezeit":"3\u00a0Minuten"},"schema":{"@context":"https:\/\/schema.org","@graph":[{"@type":"WebPage","@id":"https:\/\/isabelpalau.com\/de\/rechtlicher-hinweis\/","url":"https:\/\/isabelpalau.com\/de\/rechtlicher-hinweis\/","name":"Rechtlicher Hinweis - Isabel Palau","isPartOf":{"@id":"https:\/\/isabelpalau.com\/de\/#website"},"datePublished":"2025-01-30T10:54:43+00:00","dateModified":"2025-11-13T12:03:12+00:00","breadcrumb":{"@id":"https:\/\/isabelpalau.com\/de\/rechtlicher-hinweis\/#breadcrumb"},"inLanguage":"de","potentialAction":[{"@type":"ReadAction","target":["https:\/\/isabelpalau.com\/de\/rechtlicher-hinweis\/"]}]},{"@type":"BreadcrumbList","@id":"https:\/\/isabelpalau.com\/de\/rechtlicher-hinweis\/#breadcrumb","itemListElement":[{"@type":"ListItem","position":1,"name":"Portada","item":"https:\/\/isabelpalau.com\/de\/"},{"@type":"ListItem","position":2,"name":"Rechtlicher Hinweis"}]},{"@type":"WebSite","@id":"https:\/\/isabelpalau.com\/de\/#website","url":"https:\/\/isabelpalau.com\/de\/","name":"Isabel Palau","description":"","potentialAction":[{"@type":"SearchAction","target":{"@type":"EntryPoint","urlTemplate":"https:\/\/isabelpalau.com\/de\/?s={search_term_string}"},"query-input":{"@type":"PropertyValueSpecification","valueRequired":true,"valueName":"search_term_string"}}],"inLanguage":"de"}]}},"_links":{"self":[{"href":"https:\/\/isabelpalau.com\/de\/wp-json\/wp\/v2\/pages\/1892","targetHints":{"allow":["GET"]}}],"collection":[{"href":"https:\/\/isabelpalau.com\/de\/wp-json\/wp\/v2\/pages"}],"about":[{"href":"https:\/\/isabelpalau.com\/de\/wp-json\/wp\/v2\/types\/page"}],"author":[{"embeddable":true,"href":"https:\/\/isabelpalau.com\/de\/wp-json\/wp\/v2\/users\/1"}],"replies":[{"embeddable":true,"href":"https:\/\/isabelpalau.com\/de\/wp-json\/wp\/v2\/comments?post=1892"}],"version-history":[{"count":4,"href":"https:\/\/isabelpalau.com\/de\/wp-json\/wp\/v2\/pages\/1892\/revisions"}],"predecessor-version":[{"id":1948,"href":"https:\/\/isabelpalau.com\/de\/wp-json\/wp\/v2\/pages\/1892\/revisions\/1948"}],"wp:attachment":[{"href":"https:\/\/isabelpalau.com\/de\/wp-json\/wp\/v2\/media?parent=1892"}],"curies":[{"name":"wp","href":"https:\/\/api.w.org\/{rel}","templated":true}]}}