{"id":1884,"date":"2025-01-23T09:28:32","date_gmt":"2025-01-23T09:28:32","guid":{"rendered":"https:\/\/isabelpalau.com\/erreichbarkeit\/"},"modified":"2025-11-13T12:02:05","modified_gmt":"2025-11-13T12:02:05","slug":"erreichbarkeit","status":"publish","type":"page","link":"https:\/\/isabelpalau.com\/de\/erreichbarkeit\/","title":{"rendered":"Erreichbarkeit"},"content":{"rendered":"\t\t<div data-elementor-type=\"wp-page\" data-elementor-id=\"1884\" class=\"elementor elementor-1884 elementor-83\" data-elementor-post-type=\"page\">\n\t\t\t\t<div class=\"elementor-element elementor-element-6f146dc e-flex e-con-boxed e-con e-parent\" data-id=\"6f146dc\" data-element_type=\"container\" data-settings=\"{&quot;background_background&quot;:&quot;video&quot;,&quot;background_video_link&quot;:&quot;https:\\\/\\\/videos.pexels.com\\\/video-files\\\/7918375\\\/7918375-hd_1920_1080_30fps.mp4&quot;,&quot;background_play_on_mobile&quot;:&quot;yes&quot;}\">\n\t\t\t\t\t<div class=\"e-con-inner\">\n\t\t<div class=\"elementor-background-video-container\" aria-hidden=\"true\">\n\t\t\t\t\t\t\t<video class=\"elementor-background-video-hosted\" autoplay muted playsinline loop><\/video>\n\t\t\t\t\t<\/div>\t\t<div class=\"elementor-element elementor-element-ae3f441 elementor-widget elementor-widget-heading\" data-id=\"ae3f441\" data-element_type=\"widget\" data-widget_type=\"heading.default\">\n\t\t\t\t<div class=\"elementor-widget-container\">\n\t\t\t\t\t<h2 class=\"elementor-heading-title elementor-size-default\">Erreichbarkeit<\/h2>\t\t\t\t<\/div>\n\t\t\t\t<\/div>\n\t\t\t\t\t<\/div>\n\t\t\t\t<\/div>\n\t\t<div class=\"elementor-element elementor-element-4a8c093 e-flex e-con-boxed e-con e-parent\" data-id=\"4a8c093\" data-element_type=\"container\">\n\t\t\t\t\t<div class=\"e-con-inner\">\n\t\t\t\t<div class=\"elementor-element elementor-element-671e8fe elementor-widget elementor-widget-text-editor\" data-id=\"671e8fe\" data-element_type=\"widget\" data-widget_type=\"text-editor.default\">\n\t\t\t\t<div class=\"elementor-widget-container\">\n\t\t\t\t\t\t\t\t\t<div style=\"margin-bottom: 40px\">\n    <h4><strong>ERF\u00dcLLUNGSSTATUS<\/strong><\/h4>\n    <p>\n      Diese Website erf\u00fcllt RD 1112\/2018 teilweise aufgrund von Ausnahmen und Nichtkonformit\u00e4ten in den nachfolgend aufgef\u00fchrten Aspekten.\n    <\/p>\n    <br \/>\n    <h4>\n      <strong>NICHT ZUG\u00c4NGLICHER INHALT<\/strong>\n    <\/h4>\n    <p>Die nachstehenden Inhalte sind aus folgenden Gr\u00fcnden nicht zug\u00e4nglich:<\/p>\n    <ul>\n      <li>Nichtkonformit\u00e4t mit RD 1112\/2018<\/li>\n      <li>\n        Einige Kontrastaspekte erf\u00fcllen m\u00f6glicherweise nicht das erforderliche Mindestverh\u00e4ltnis von 3:1 zu angrenzenden Hintergrundfarben\n      <\/li>\n      <li>\n        im betreffenden Website-Bereich. [9.1.4.11 Nicht-textlicher Kontrast]\n      <\/li>\n      <li>\n        Einige nicht-textliche Elemente sind m\u00f6glicherweise nicht korrekt beschriftet [2.5.3 Bezeichnung im Namen] und [4.1.2 Name, Rolle, Wert]\n      <\/li>\n      <li>\n        Suchmaschinen suchen automatisch, ohne dass der Benutzer eine Aktion ausf\u00fchren muss [3.2.2 Bei Eingabe]\n      <\/li>\n      <li>\n        Einige Texte in anderen Sprachen sind m\u00f6glicherweise nicht korrekt gekennzeichnet [3.1.2 Sprache von Teilen]\n      <\/li>\n      <li>\n        Gelegentlich k\u00f6nnen Code-Bearbeitungsfehler auf einigen Webseiten auftreten. [4.1.1 Parsen]\n      <\/li>\n      <li>Unverh\u00e4ltnism\u00e4\u00dfige Belastung &#8211; Nicht anwendbar.<\/li>\n      <li>\n        Der Inhalt f\u00e4llt nicht in den Anwendungsbereich der geltenden Gesetzgebung.\n      <\/li>\n    <\/ul>\n    <br \/>\n    <h4>\n      <strong>NICHT ZUG\u00c4NGLICHER INHALT<\/strong>\n    <\/h4>\n    <p>\n      Diese Erkl\u00e4rung wurde am 30.01.2025 erstellt. Die Methode zur Erstellung der Erkl\u00e4rung war eine manuelle Bewertung durch AVANCEM AMB VOST\u00c8 S.L. (AVANNUBO). Die Barrierefreiheitserkl\u00e4rung wurde am 30.01.2025 \u00fcberpr\u00fcft und aktualisiert. Wenn Sie uns auf Links zu Websites mit Inhalten aufmerksam machen m\u00f6chten, die Sie f\u00fcr unangemessen oder illegal halten, k\u00f6nnen Sie uns unter info@isabelpalau.com kontaktieren.\n    <\/p>\n    <br \/>\n    <h4>\n      <strong>BESCHWERDEVERFAHREN<\/strong>\n    <\/h4>\n    <p>\n      Wenn nach Einreichung einer Anfrage nach barrierefreien Informationen oder einer Beschwerde diese abgelehnt wurde, Sie mit der Entscheidung nicht einverstanden sind oder die Antwort nicht den Anforderungen von Artikel 12.5 entspricht, kann der Betroffene Beschwerde einlegen. Eine Beschwerde kann auch eingereicht werden, wenn innerhalb von zwanzig Arbeitstagen keine Antwort erfolgt ist. Die Beschwerde kann \u00fcber die Generische Instanz des Elektronischen Hauptsitzes des Ministeriums f\u00fcr Wirtschaft und Digitaler Transformation eingereicht werden, sowie \u00fcber andere in Gesetz 39\/2015 vom 1. Oktober \u00fcber das Gemeinsame Verwaltungsverfahren der \u00f6ffentlichen Verwaltungen vorgesehene Optionen. Beschwerden werden von der Generaldirektion Dienstaufsicht des Ministeriums entgegengenommen und bearbeitet.\n    <\/p>\n    <br \/>\n    <h4>\n      <strong>OPTIONALER INHALT<\/strong>\n    <\/h4>\n    <p>\n      Dieses Portal ist so gestaltet, dass Textgr\u00f6\u00dfe und Farbe sowie der Seitenhintergrund \u00fcber die Standard-Browsereinstellungen ge\u00e4ndert werden k\u00f6nnen.\n    <\/p>\n    <p>\n      Um die Schriftgr\u00f6\u00dfe in g\u00e4ngigen Browsern zu \u00e4ndern, verwenden Sie folgende Men\u00fcs:\n      <ul>\n          <li>Internet Explorer, Mozilla und Firefox: Ansicht > Textgr\u00f6\u00dfe<\/li>\n          <li>Opera: Ansicht > Zoom<\/li>\n          <li>Safari: Ansicht > Text vergr\u00f6\u00dfern<\/li>\n          <li>Chrome: Aktuelle Seite steuern > Textgr\u00f6\u00dfe<\/li>\n      <\/ul>\n    <\/p>\n    <p>Um die Gr\u00f6\u00dfe aller Elemente auf der Seite zu \u00e4ndern: Strg + + zum Vergr\u00f6\u00dfern, Strg + &#8211; zum Verkleinern, Strg + 0 stellt die urspr\u00fcngliche Textgr\u00f6\u00dfe wieder her<\/p>\n    <p>\n      Wenn Sie das Stylesheet \u00fcberschreiben oder die Textfarbe \u00e4ndern m\u00f6chten, k\u00f6nnen Sie die WAI-Seite &#8222;Wie man Textgr\u00f6\u00dfe oder Farben \u00e4ndert&#8220; aufrufen, die auf Deutsch als &#8222;Wie man die Textgr\u00f6\u00dfe oder Farben \u00e4ndert&#8220; verf\u00fcgbar ist.\n    <\/p>\n<\/div>\t\t\t\t\t\t\t\t<\/div>\n\t\t\t\t<\/div>\n\t\t\t\t\t<\/div>\n\t\t\t\t<\/div>\n\t\t\t\t<\/div>\n\t\t","protected":false},"excerpt":{"rendered":"<p>Erreichbarkeit ERF\u00dcLLUNGSSTATUS Diese Website erf\u00fcllt RD 1112\/2018 teilweise aufgrund von Ausnahmen und Nichtkonformit\u00e4ten in den nachfolgend aufgef\u00fchrten Aspekten. NICHT ZUG\u00c4NGLICHER INHALT Die nachstehenden Inhalte sind aus folgenden Gr\u00fcnden nicht zug\u00e4nglich: Nichtkonformit\u00e4t mit RD 1112\/2018 Einige Kontrastaspekte erf\u00fcllen m\u00f6glicherweise nicht das erforderliche Mindestverh\u00e4ltnis von 3:1 zu angrenzenden Hintergrundfarben im betreffenden Website-Bereich. [9.1.4.11 Nicht-textlicher Kontrast] Einige nicht-textliche [&hellip;]<\/p>\n","protected":false},"author":1,"featured_media":0,"parent":0,"menu_order":0,"comment_status":"closed","ping_status":"closed","template":"","meta":{"footnotes":""},"class_list":["post-1884","page","type-page","status-publish","hentry"],"yoast_head":"<!-- This site is optimized with the Yoast SEO plugin v26.8 - https:\/\/yoast.com\/product\/yoast-seo-wordpress\/ -->\n<title>Erreichbarkeit - Isabel Palau<\/title>\n<meta name=\"robots\" content=\"index, follow, max-snippet:-1, max-image-preview:large, max-video-preview:-1\" \/>\n<link rel=\"canonical\" href=\"https:\/\/isabelpalau.com\/de\/erreichbarkeit\/\" \/>\n<meta property=\"og:locale\" content=\"de_DE\" \/>\n<meta property=\"og:type\" content=\"article\" \/>\n<meta property=\"og:title\" content=\"Erreichbarkeit - Isabel Palau\" \/>\n<meta property=\"og:description\" content=\"Erreichbarkeit ERF\u00dcLLUNGSSTATUS Diese Website erf\u00fcllt RD 1112\/2018 teilweise aufgrund von Ausnahmen und Nichtkonformit\u00e4ten in den nachfolgend aufgef\u00fchrten Aspekten. NICHT ZUG\u00c4NGLICHER INHALT Die nachstehenden Inhalte sind aus folgenden Gr\u00fcnden nicht zug\u00e4nglich: Nichtkonformit\u00e4t mit RD 1112\/2018 Einige Kontrastaspekte erf\u00fcllen m\u00f6glicherweise nicht das erforderliche Mindestverh\u00e4ltnis von 3:1 zu angrenzenden Hintergrundfarben im betreffenden Website-Bereich. [9.1.4.11 Nicht-textlicher Kontrast] Einige nicht-textliche [&hellip;]\" \/>\n<meta property=\"og:url\" content=\"https:\/\/isabelpalau.com\/de\/erreichbarkeit\/\" \/>\n<meta property=\"og:site_name\" content=\"Isabel Palau\" \/>\n<meta property=\"article:modified_time\" content=\"2025-11-13T12:02:05+00:00\" \/>\n<meta name=\"twitter:card\" content=\"summary_large_image\" \/>\n<meta name=\"twitter:label1\" content=\"Gesch\u00e4tzte Lesezeit\" \/>\n\t<meta name=\"twitter:data1\" content=\"2\u00a0Minuten\" \/>\n<script type=\"application\/ld+json\" class=\"yoast-schema-graph\">{\"@context\":\"https:\/\/schema.org\",\"@graph\":[{\"@type\":\"WebPage\",\"@id\":\"https:\/\/isabelpalau.com\/de\/erreichbarkeit\/\",\"url\":\"https:\/\/isabelpalau.com\/de\/erreichbarkeit\/\",\"name\":\"Erreichbarkeit - Isabel Palau\",\"isPartOf\":{\"@id\":\"https:\/\/isabelpalau.com\/de\/#website\"},\"datePublished\":\"2025-01-23T09:28:32+00:00\",\"dateModified\":\"2025-11-13T12:02:05+00:00\",\"breadcrumb\":{\"@id\":\"https:\/\/isabelpalau.com\/de\/erreichbarkeit\/#breadcrumb\"},\"inLanguage\":\"de\",\"potentialAction\":[{\"@type\":\"ReadAction\",\"target\":[\"https:\/\/isabelpalau.com\/de\/erreichbarkeit\/\"]}]},{\"@type\":\"BreadcrumbList\",\"@id\":\"https:\/\/isabelpalau.com\/de\/erreichbarkeit\/#breadcrumb\",\"itemListElement\":[{\"@type\":\"ListItem\",\"position\":1,\"name\":\"Portada\",\"item\":\"https:\/\/isabelpalau.com\/de\/\"},{\"@type\":\"ListItem\",\"position\":2,\"name\":\"Erreichbarkeit\"}]},{\"@type\":\"WebSite\",\"@id\":\"https:\/\/isabelpalau.com\/de\/#website\",\"url\":\"https:\/\/isabelpalau.com\/de\/\",\"name\":\"Isabel Palau\",\"description\":\"\",\"potentialAction\":[{\"@type\":\"SearchAction\",\"target\":{\"@type\":\"EntryPoint\",\"urlTemplate\":\"https:\/\/isabelpalau.com\/de\/?s={search_term_string}\"},\"query-input\":{\"@type\":\"PropertyValueSpecification\",\"valueRequired\":true,\"valueName\":\"search_term_string\"}}],\"inLanguage\":\"de\"}]}<\/script>\n<!-- \/ Yoast SEO plugin. -->","yoast_head_json":{"title":"Erreichbarkeit - Isabel Palau","robots":{"index":"index","follow":"follow","max-snippet":"max-snippet:-1","max-image-preview":"max-image-preview:large","max-video-preview":"max-video-preview:-1"},"canonical":"https:\/\/isabelpalau.com\/de\/erreichbarkeit\/","og_locale":"de_DE","og_type":"article","og_title":"Erreichbarkeit - Isabel Palau","og_description":"Erreichbarkeit ERF\u00dcLLUNGSSTATUS Diese Website erf\u00fcllt RD 1112\/2018 teilweise aufgrund von Ausnahmen und Nichtkonformit\u00e4ten in den nachfolgend aufgef\u00fchrten Aspekten. NICHT ZUG\u00c4NGLICHER INHALT Die nachstehenden Inhalte sind aus folgenden Gr\u00fcnden nicht zug\u00e4nglich: Nichtkonformit\u00e4t mit RD 1112\/2018 Einige Kontrastaspekte erf\u00fcllen m\u00f6glicherweise nicht das erforderliche Mindestverh\u00e4ltnis von 3:1 zu angrenzenden Hintergrundfarben im betreffenden Website-Bereich. [9.1.4.11 Nicht-textlicher Kontrast] Einige nicht-textliche [&hellip;]","og_url":"https:\/\/isabelpalau.com\/de\/erreichbarkeit\/","og_site_name":"Isabel Palau","article_modified_time":"2025-11-13T12:02:05+00:00","twitter_card":"summary_large_image","twitter_misc":{"Gesch\u00e4tzte Lesezeit":"2\u00a0Minuten"},"schema":{"@context":"https:\/\/schema.org","@graph":[{"@type":"WebPage","@id":"https:\/\/isabelpalau.com\/de\/erreichbarkeit\/","url":"https:\/\/isabelpalau.com\/de\/erreichbarkeit\/","name":"Erreichbarkeit - Isabel Palau","isPartOf":{"@id":"https:\/\/isabelpalau.com\/de\/#website"},"datePublished":"2025-01-23T09:28:32+00:00","dateModified":"2025-11-13T12:02:05+00:00","breadcrumb":{"@id":"https:\/\/isabelpalau.com\/de\/erreichbarkeit\/#breadcrumb"},"inLanguage":"de","potentialAction":[{"@type":"ReadAction","target":["https:\/\/isabelpalau.com\/de\/erreichbarkeit\/"]}]},{"@type":"BreadcrumbList","@id":"https:\/\/isabelpalau.com\/de\/erreichbarkeit\/#breadcrumb","itemListElement":[{"@type":"ListItem","position":1,"name":"Portada","item":"https:\/\/isabelpalau.com\/de\/"},{"@type":"ListItem","position":2,"name":"Erreichbarkeit"}]},{"@type":"WebSite","@id":"https:\/\/isabelpalau.com\/de\/#website","url":"https:\/\/isabelpalau.com\/de\/","name":"Isabel Palau","description":"","potentialAction":[{"@type":"SearchAction","target":{"@type":"EntryPoint","urlTemplate":"https:\/\/isabelpalau.com\/de\/?s={search_term_string}"},"query-input":{"@type":"PropertyValueSpecification","valueRequired":true,"valueName":"search_term_string"}}],"inLanguage":"de"}]}},"_links":{"self":[{"href":"https:\/\/isabelpalau.com\/de\/wp-json\/wp\/v2\/pages\/1884","targetHints":{"allow":["GET"]}}],"collection":[{"href":"https:\/\/isabelpalau.com\/de\/wp-json\/wp\/v2\/pages"}],"about":[{"href":"https:\/\/isabelpalau.com\/de\/wp-json\/wp\/v2\/types\/page"}],"author":[{"embeddable":true,"href":"https:\/\/isabelpalau.com\/de\/wp-json\/wp\/v2\/users\/1"}],"replies":[{"embeddable":true,"href":"https:\/\/isabelpalau.com\/de\/wp-json\/wp\/v2\/comments?post=1884"}],"version-history":[{"count":4,"href":"https:\/\/isabelpalau.com\/de\/wp-json\/wp\/v2\/pages\/1884\/revisions"}],"predecessor-version":[{"id":1957,"href":"https:\/\/isabelpalau.com\/de\/wp-json\/wp\/v2\/pages\/1884\/revisions\/1957"}],"wp:attachment":[{"href":"https:\/\/isabelpalau.com\/de\/wp-json\/wp\/v2\/media?parent=1884"}],"curies":[{"name":"wp","href":"https:\/\/api.w.org\/{rel}","templated":true}]}}