{"id":1690,"date":"2025-01-23T09:25:00","date_gmt":"2025-01-23T09:25:00","guid":{"rendered":"https:\/\/isabelpalau.com\/dienstleistungen\/"},"modified":"2025-11-13T12:01:35","modified_gmt":"2025-11-13T12:01:35","slug":"dienstleistungen","status":"publish","type":"page","link":"https:\/\/isabelpalau.com\/de\/dienstleistungen\/","title":{"rendered":"Dienstleistungen"},"content":{"rendered":"\t\t<div data-elementor-type=\"wp-page\" data-elementor-id=\"1690\" class=\"elementor elementor-1690 elementor-75\" data-elementor-post-type=\"page\">\n\t\t\t\t<div class=\"elementor-element elementor-element-6f146dc e-con-full e-flex e-con e-parent\" data-id=\"6f146dc\" data-element_type=\"container\" data-settings=\"{&quot;background_background&quot;:&quot;video&quot;,&quot;background_video_link&quot;:&quot;https:\\\/\\\/videos.pexels.com\\\/video-files\\\/7918375\\\/7918375-hd_1920_1080_30fps.mp4&quot;,&quot;background_play_on_mobile&quot;:&quot;yes&quot;}\">\n\t\t<div class=\"elementor-background-video-container\" aria-hidden=\"true\">\n\t\t\t\t\t\t\t<video class=\"elementor-background-video-hosted\" autoplay muted playsinline loop><\/video>\n\t\t\t\t\t<\/div>\t\t<div class=\"elementor-element elementor-element-9909399 elementor-widget elementor-widget-heading\" data-id=\"9909399\" data-element_type=\"widget\" data-widget_type=\"heading.default\">\n\t\t\t\t<div class=\"elementor-widget-container\">\n\t\t\t\t\t<h2 class=\"elementor-heading-title elementor-size-default\">DIENSTLEISTUNGEN<\/h2>\t\t\t\t<\/div>\n\t\t\t\t<\/div>\n\t\t\t\t<\/div>\n\t\t<div class=\"elementor-element elementor-element-9b13c5f e-flex e-con-boxed e-con e-parent\" data-id=\"9b13c5f\" data-element_type=\"container\" data-settings=\"{&quot;background_background&quot;:&quot;classic&quot;}\">\n\t\t\t\t\t<div class=\"e-con-inner\">\n\t\t<div class=\"elementor-element elementor-element-63763bf e-con-full e-flex e-con e-child\" data-id=\"63763bf\" data-element_type=\"container\" id=\"traduc\">\n\t\t<div class=\"elementor-element elementor-element-9d16d7f e-con-full animated-slow e-flex elementor-invisible e-con e-child\" data-id=\"9d16d7f\" data-element_type=\"container\" data-settings=\"{&quot;background_background&quot;:&quot;classic&quot;,&quot;animation&quot;:&quot;fadeInLeft&quot;}\">\n\t\t\t\t<div class=\"elementor-element elementor-element-7856610 elementor-widget elementor-widget-image\" data-id=\"7856610\" data-element_type=\"widget\" data-widget_type=\"image.default\">\n\t\t\t\t<div class=\"elementor-widget-container\">\n\t\t\t\t\t\t\t\t\t\t\t\t\t\t\t<img fetchpriority=\"high\" decoding=\"async\" width=\"248\" height=\"248\" src=\"https:\/\/isabelpalau.com\/wp-content\/uploads\/2025\/03\/traduccion-web-rojo.png\" class=\"attachment-large size-large wp-image-1636\" alt=\"\" srcset=\"https:\/\/isabelpalau.com\/wp-content\/uploads\/2025\/03\/traduccion-web-rojo.png 248w, https:\/\/isabelpalau.com\/wp-content\/uploads\/2025\/03\/traduccion-web-rojo-150x150.png 150w\" sizes=\"(max-width: 248px) 100vw, 248px\" \/>\t\t\t\t\t\t\t\t\t\t\t\t\t\t\t<\/div>\n\t\t\t\t<\/div>\n\t\t\t\t<\/div>\n\t\t<div class=\"elementor-element elementor-element-414068c e-con-full animated-slow e-flex elementor-invisible e-con e-child\" data-id=\"414068c\" data-element_type=\"container\" data-settings=\"{&quot;background_background&quot;:&quot;classic&quot;,&quot;animation&quot;:&quot;fadeInRight&quot;}\">\n\t\t\t\t<div class=\"elementor-element elementor-element-3dc68db elementor-widget elementor-widget-heading\" data-id=\"3dc68db\" data-element_type=\"widget\" data-widget_type=\"heading.default\">\n\t\t\t\t<div class=\"elementor-widget-container\">\n\t\t\t\t\t<h2 class=\"elementor-heading-title elementor-size-default\">WEBSEITEN\u00dcBERSETZUNG<\/h2>\t\t\t\t<\/div>\n\t\t\t\t<\/div>\n\t\t\t\t<div class=\"elementor-element elementor-element-18a4fab elementor-widget elementor-widget-heading\" data-id=\"18a4fab\" data-element_type=\"widget\" data-widget_type=\"heading.default\">\n\t\t\t\t<div class=\"elementor-widget-container\">\n\t\t\t\t\t<h2 class=\"elementor-heading-title elementor-size-default\">DE \/ EN \/ FR &gt; ES \/ CA<\/h2>\t\t\t\t<\/div>\n\t\t\t\t<\/div>\n\t\t\t\t<div class=\"elementor-element elementor-element-6dc2c2a elementor-widget elementor-widget-text-editor\" data-id=\"6dc2c2a\" data-element_type=\"widget\" data-widget_type=\"text-editor.default\">\n\t\t\t\t<div class=\"elementor-widget-container\">\n\t\t\t\t\t\t\t\t\t<p class=\"font_8 wixui-rich-text__text\">Stellen Sie sicher, dass Ihre Website Ihre Zielgruppe in ihrer Muttersprache anspricht; Ihre Besucher werden eine angenehmere und ansprechendere Erfahrung machen, den Inhalt leichter verstehen und Sie werden eine gr\u00f6\u00dfere Kundenbindung erreichen. Die Optimierung Ihres SEO wird auch die lokalen Suchergebnisse verbessern. <\/p>\t\t\t\t\t\t\t\t<\/div>\n\t\t\t\t<\/div>\n\t\t\t\t<\/div>\n\t\t\t\t<\/div>\n\t\t<div class=\"elementor-element elementor-element-7713e22 e-con-full e-flex e-con e-child\" data-id=\"7713e22\" data-element_type=\"container\" id=\"textos1\">\n\t\t<div class=\"elementor-element elementor-element-56bf7fa e-con-full animated-slow e-flex elementor-invisible e-con e-child\" data-id=\"56bf7fa\" data-element_type=\"container\" data-settings=\"{&quot;background_background&quot;:&quot;classic&quot;,&quot;animation&quot;:&quot;fadeInRight&quot;}\">\n\t\t\t\t<div class=\"elementor-element elementor-element-f162667 elementor-widget elementor-widget-image\" data-id=\"f162667\" data-element_type=\"widget\" data-widget_type=\"image.default\">\n\t\t\t\t<div class=\"elementor-widget-container\">\n\t\t\t\t\t\t\t\t\t\t\t\t\t\t\t<img decoding=\"async\" width=\"512\" height=\"512\" src=\"https:\/\/isabelpalau.com\/wp-content\/uploads\/2025\/01\/traduccion-textos.png\" class=\"attachment-large size-large wp-image-1316\" alt=\"\" srcset=\"https:\/\/isabelpalau.com\/wp-content\/uploads\/2025\/01\/traduccion-textos.png 512w, https:\/\/isabelpalau.com\/wp-content\/uploads\/2025\/01\/traduccion-textos-300x300.png 300w, https:\/\/isabelpalau.com\/wp-content\/uploads\/2025\/01\/traduccion-textos-150x150.png 150w\" sizes=\"(max-width: 512px) 100vw, 512px\" \/>\t\t\t\t\t\t\t\t\t\t\t\t\t\t\t<\/div>\n\t\t\t\t<\/div>\n\t\t\t\t<\/div>\n\t\t<div class=\"elementor-element elementor-element-543417f e-con-full animated-slow e-flex elementor-invisible e-con e-child\" data-id=\"543417f\" data-element_type=\"container\" data-settings=\"{&quot;background_background&quot;:&quot;classic&quot;,&quot;animation&quot;:&quot;fadeInLeft&quot;}\">\n\t\t\t\t<div class=\"elementor-element elementor-element-00dce95 elementor-widget elementor-widget-heading\" data-id=\"00dce95\" data-element_type=\"widget\" data-widget_type=\"heading.default\">\n\t\t\t\t<div class=\"elementor-widget-container\">\n\t\t\t\t\t<h2 class=\"elementor-heading-title elementor-size-default\">TEXT\u00dcBERSETZUNG<\/h2>\t\t\t\t<\/div>\n\t\t\t\t<\/div>\n\t\t\t\t<div class=\"elementor-element elementor-element-77dfa84 elementor-widget elementor-widget-heading\" data-id=\"77dfa84\" data-element_type=\"widget\" data-widget_type=\"heading.default\">\n\t\t\t\t<div class=\"elementor-widget-container\">\n\t\t\t\t\t<h2 class=\"elementor-heading-title elementor-size-default\">DE \/ EN \/ FR &gt; ES \/ CA<\/h2>\t\t\t\t<\/div>\n\t\t\t\t<\/div>\n\t\t\t\t<div class=\"elementor-element elementor-element-9c97386 elementor-widget elementor-widget-text-editor\" data-id=\"9c97386\" data-element_type=\"widget\" data-widget_type=\"text-editor.default\">\n\t\t\t\t<div class=\"elementor-widget-container\">\n\t\t\t\t\t\t\t\t\t<p class=\"font_8 wixui-rich-text__text\">Professionelle Text\u00fcbersetzung mit der Garantie einer sorgf\u00e4ltigen Anpassung, die einen klaren und fl\u00fcssigen Stil in der Zielsprache gew\u00e4hrleistet \u2013 unter Anwendung pr\u00e4ziser und branchenspezifischer Terminologie.<\/p>\t\t\t\t\t\t\t\t<\/div>\n\t\t\t\t<\/div>\n\t\t\t\t<\/div>\n\t\t\t\t<\/div>\n\t\t<div class=\"elementor-element elementor-element-9c87bf0 e-con-full e-flex e-con e-child\" data-id=\"9c87bf0\" data-element_type=\"container\" id=\"jurada\">\n\t\t<div class=\"elementor-element elementor-element-d74a70c e-con-full animated-slow e-flex elementor-invisible e-con e-child\" data-id=\"d74a70c\" data-element_type=\"container\" data-settings=\"{&quot;background_background&quot;:&quot;classic&quot;,&quot;animation&quot;:&quot;fadeInLeft&quot;}\">\n\t\t\t\t<div class=\"elementor-element elementor-element-1143124 elementor-widget elementor-widget-image\" data-id=\"1143124\" data-element_type=\"widget\" data-widget_type=\"image.default\">\n\t\t\t\t<div class=\"elementor-widget-container\">\n\t\t\t\t\t\t\t\t\t\t\t\t\t\t\t<img decoding=\"async\" width=\"512\" height=\"512\" src=\"https:\/\/isabelpalau.com\/wp-content\/uploads\/2025\/01\/traduccion-jurada.png\" class=\"attachment-large size-large wp-image-1312\" alt=\"\" srcset=\"https:\/\/isabelpalau.com\/wp-content\/uploads\/2025\/01\/traduccion-jurada.png 512w, https:\/\/isabelpalau.com\/wp-content\/uploads\/2025\/01\/traduccion-jurada-300x300.png 300w, https:\/\/isabelpalau.com\/wp-content\/uploads\/2025\/01\/traduccion-jurada-150x150.png 150w\" sizes=\"(max-width: 512px) 100vw, 512px\" \/>\t\t\t\t\t\t\t\t\t\t\t\t\t\t\t<\/div>\n\t\t\t\t<\/div>\n\t\t\t\t<\/div>\n\t\t<div class=\"elementor-element elementor-element-71c5926 e-con-full animated-slow e-flex elementor-invisible e-con e-child\" data-id=\"71c5926\" data-element_type=\"container\" data-settings=\"{&quot;background_background&quot;:&quot;classic&quot;,&quot;animation&quot;:&quot;fadeInRight&quot;}\">\n\t\t\t\t<div class=\"elementor-element elementor-element-cc05865 elementor-widget elementor-widget-heading\" data-id=\"cc05865\" data-element_type=\"widget\" data-widget_type=\"heading.default\">\n\t\t\t\t<div class=\"elementor-widget-container\">\n\t\t\t\t\t<h2 class=\"elementor-heading-title elementor-size-default\">BEGLAUBIGTE \u00dcBERSETZUNG<\/h2>\t\t\t\t<\/div>\n\t\t\t\t<\/div>\n\t\t\t\t<div class=\"elementor-element elementor-element-7f9feeb elementor-widget elementor-widget-heading\" data-id=\"7f9feeb\" data-element_type=\"widget\" data-widget_type=\"heading.default\">\n\t\t\t\t<div class=\"elementor-widget-container\">\n\t\t\t\t\t<h2 class=\"elementor-heading-title elementor-size-default\">DE \/ EN \/ FR &gt; CA <br><br>CA &gt; ES\n<\/h2>\t\t\t\t<\/div>\n\t\t\t\t<\/div>\n\t\t\t\t<div class=\"elementor-element elementor-element-85a5979 elementor-widget elementor-widget-text-editor\" data-id=\"85a5979\" data-element_type=\"widget\" data-widget_type=\"text-editor.default\">\n\t\t\t\t<div class=\"elementor-widget-container\">\n\t\t\t\t\t\t\t\t\t<p>Ich bin eine vereidigte \u00dcbersetzerin, erm\u00e4chtigt durch die Generalitat de Catalunya, spezialisiert auf \u00dcbersetzungen aus dem Spanischen, Franz\u00f6sischen und Deutschen ins Katalanische sowie aus dem Katalanischen ins Spanische. Ich fertige \u00dcbersetzungen von Zertifikaten und Dokumenten an, die f\u00fcr \u00f6ffentliche Einrichtungen und Beh\u00f6rden rechtliche G\u00fcltigkeit erfordern. <\/p>\t\t\t\t\t\t\t\t<\/div>\n\t\t\t\t<\/div>\n\t\t\t\t<\/div>\n\t\t\t\t<\/div>\n\t\t<div class=\"elementor-element elementor-element-1939da4 e-con-full e-flex e-con e-child\" data-id=\"1939da4\" data-element_type=\"container\" id=\"correcciones\">\n\t\t<div class=\"elementor-element elementor-element-650f447 e-con-full animated-slow e-flex elementor-invisible e-con e-child\" data-id=\"650f447\" data-element_type=\"container\" data-settings=\"{&quot;background_background&quot;:&quot;classic&quot;,&quot;animation&quot;:&quot;fadeInRight&quot;}\">\n\t\t\t\t<div class=\"elementor-element elementor-element-d165a46 elementor-widget elementor-widget-image\" data-id=\"d165a46\" data-element_type=\"widget\" data-widget_type=\"image.default\">\n\t\t\t\t<div class=\"elementor-widget-container\">\n\t\t\t\t\t\t\t\t\t\t\t\t\t\t\t<img loading=\"lazy\" decoding=\"async\" width=\"512\" height=\"512\" src=\"https:\/\/isabelpalau.com\/wp-content\/uploads\/2025\/01\/correccion-de-pruebas-1.png\" class=\"attachment-large size-large wp-image-1308\" alt=\"\" srcset=\"https:\/\/isabelpalau.com\/wp-content\/uploads\/2025\/01\/correccion-de-pruebas-1.png 512w, https:\/\/isabelpalau.com\/wp-content\/uploads\/2025\/01\/correccion-de-pruebas-1-300x300.png 300w, https:\/\/isabelpalau.com\/wp-content\/uploads\/2025\/01\/correccion-de-pruebas-1-150x150.png 150w\" sizes=\"(max-width: 512px) 100vw, 512px\" \/>\t\t\t\t\t\t\t\t\t\t\t\t\t\t\t<\/div>\n\t\t\t\t<\/div>\n\t\t\t\t<\/div>\n\t\t<div class=\"elementor-element elementor-element-9ba24bf e-con-full animated-slow e-flex elementor-invisible e-con e-child\" data-id=\"9ba24bf\" data-element_type=\"container\" data-settings=\"{&quot;background_background&quot;:&quot;classic&quot;,&quot;animation&quot;:&quot;fadeInLeft&quot;}\">\n\t\t\t\t<div class=\"elementor-element elementor-element-97fae71 elementor-widget elementor-widget-heading\" data-id=\"97fae71\" data-element_type=\"widget\" data-widget_type=\"heading.default\">\n\t\t\t\t<div class=\"elementor-widget-container\">\n\t\t\t\t\t<h2 class=\"elementor-heading-title elementor-size-default\">TEXTKORREKTUR<\/h2>\t\t\t\t<\/div>\n\t\t\t\t<\/div>\n\t\t\t\t<div class=\"elementor-element elementor-element-c5285d0 elementor-widget elementor-widget-heading\" data-id=\"c5285d0\" data-element_type=\"widget\" data-widget_type=\"heading.default\">\n\t\t\t\t<div class=\"elementor-widget-container\">\n\t\t\t\t\t<h2 class=\"elementor-heading-title elementor-size-default\">ES \/ CA<\/h2>\t\t\t\t<\/div>\n\t\t\t\t<\/div>\n\t\t\t\t<div class=\"elementor-element elementor-element-a6b734e elementor-widget elementor-widget-text-editor\" data-id=\"a6b734e\" data-element_type=\"widget\" data-widget_type=\"text-editor.default\">\n\t\t\t\t<div class=\"elementor-widget-container\">\n\t\t\t\t\t\t\t\t\t<p>Haben Sie einen Text auf Spanisch oder Katalanisch, den Sie verfeinern m\u00f6chten? Ich unterst\u00fctze Sie dabei, eine nat\u00fcrliche und authentische Formulierung zu erreichen \u2013 unter Beibehaltung von Klarheit, Fl\u00fcssigkeit und Normenkonformit\u00e4t. Gemeinsam finden wir L\u00f6sungen, die sich Ihrem Schreibstil anpassen.  <\/p>\t\t\t\t\t\t\t\t<\/div>\n\t\t\t\t<\/div>\n\t\t\t\t<\/div>\n\t\t\t\t<\/div>\n\t\t\t\t\t<\/div>\n\t\t\t\t<\/div>\n\t\t\t\t<\/div>\n\t\t","protected":false},"excerpt":{"rendered":"<p>DIENSTLEISTUNGEN WEBSEITEN\u00dcBERSETZUNG DE \/ EN \/ FR &gt; ES \/ CA Stellen Sie sicher, dass Ihre Website Ihre Zielgruppe in ihrer Muttersprache anspricht; Ihre Besucher werden eine angenehmere und ansprechendere Erfahrung machen, den Inhalt leichter verstehen und Sie werden eine gr\u00f6\u00dfere Kundenbindung erreichen. Die Optimierung Ihres SEO wird auch die lokalen Suchergebnisse verbessern. TEXT\u00dcBERSETZUNG DE [&hellip;]<\/p>\n","protected":false},"author":1,"featured_media":0,"parent":0,"menu_order":0,"comment_status":"closed","ping_status":"closed","template":"","meta":{"footnotes":""},"class_list":["post-1690","page","type-page","status-publish","hentry"],"yoast_head":"<!-- This site is optimized with the Yoast SEO plugin v26.8 - https:\/\/yoast.com\/product\/yoast-seo-wordpress\/ -->\n<title>Dienstleistungen - Isabel Palau<\/title>\n<meta name=\"description\" content=\"Website-\u00dcbersetzung, Text\u00fcbersetzung, beglaubigte \u00dcbersetzung, Korrekturlesen und \u00dcberarbeitung von Texten.\" \/>\n<meta name=\"robots\" content=\"index, follow, max-snippet:-1, max-image-preview:large, max-video-preview:-1\" \/>\n<link rel=\"canonical\" href=\"https:\/\/isabelpalau.com\/de\/dienstleistungen\/\" \/>\n<meta property=\"og:locale\" content=\"de_DE\" \/>\n<meta property=\"og:type\" content=\"article\" \/>\n<meta property=\"og:title\" content=\"Dienstleistungen - Isabel Palau\" \/>\n<meta property=\"og:description\" content=\"Website-\u00dcbersetzung, Text\u00fcbersetzung, beglaubigte \u00dcbersetzung, Korrekturlesen und \u00dcberarbeitung von Texten.\" \/>\n<meta property=\"og:url\" content=\"https:\/\/isabelpalau.com\/de\/dienstleistungen\/\" \/>\n<meta property=\"og:site_name\" content=\"Isabel Palau\" \/>\n<meta property=\"article:modified_time\" content=\"2025-11-13T12:01:35+00:00\" \/>\n<meta property=\"og:image\" content=\"https:\/\/isabelpalau.com\/wp-content\/uploads\/2025\/03\/traduccion-web-rojo.png\" \/>\n<meta name=\"twitter:card\" content=\"summary_large_image\" \/>\n<meta name=\"twitter:label1\" content=\"Gesch\u00e4tzte Lesezeit\" \/>\n\t<meta name=\"twitter:data1\" content=\"2\u00a0Minuten\" \/>\n<script type=\"application\/ld+json\" class=\"yoast-schema-graph\">{\"@context\":\"https:\/\/schema.org\",\"@graph\":[{\"@type\":\"WebPage\",\"@id\":\"https:\/\/isabelpalau.com\/de\/dienstleistungen\/\",\"url\":\"https:\/\/isabelpalau.com\/de\/dienstleistungen\/\",\"name\":\"Dienstleistungen - Isabel Palau\",\"isPartOf\":{\"@id\":\"https:\/\/isabelpalau.com\/de\/#website\"},\"primaryImageOfPage\":{\"@id\":\"https:\/\/isabelpalau.com\/de\/dienstleistungen\/#primaryimage\"},\"image\":{\"@id\":\"https:\/\/isabelpalau.com\/de\/dienstleistungen\/#primaryimage\"},\"thumbnailUrl\":\"https:\/\/isabelpalau.com\/wp-content\/uploads\/2025\/03\/traduccion-web-rojo.png\",\"datePublished\":\"2025-01-23T09:25:00+00:00\",\"dateModified\":\"2025-11-13T12:01:35+00:00\",\"description\":\"Website-\u00dcbersetzung, Text\u00fcbersetzung, beglaubigte \u00dcbersetzung, Korrekturlesen und \u00dcberarbeitung von Texten.\",\"breadcrumb\":{\"@id\":\"https:\/\/isabelpalau.com\/de\/dienstleistungen\/#breadcrumb\"},\"inLanguage\":\"de\",\"potentialAction\":[{\"@type\":\"ReadAction\",\"target\":[\"https:\/\/isabelpalau.com\/de\/dienstleistungen\/\"]}]},{\"@type\":\"ImageObject\",\"inLanguage\":\"de\",\"@id\":\"https:\/\/isabelpalau.com\/de\/dienstleistungen\/#primaryimage\",\"url\":\"https:\/\/isabelpalau.com\/wp-content\/uploads\/2025\/03\/traduccion-web-rojo.png\",\"contentUrl\":\"https:\/\/isabelpalau.com\/wp-content\/uploads\/2025\/03\/traduccion-web-rojo.png\"},{\"@type\":\"BreadcrumbList\",\"@id\":\"https:\/\/isabelpalau.com\/de\/dienstleistungen\/#breadcrumb\",\"itemListElement\":[{\"@type\":\"ListItem\",\"position\":1,\"name\":\"Portada\",\"item\":\"https:\/\/isabelpalau.com\/de\/\"},{\"@type\":\"ListItem\",\"position\":2,\"name\":\"Dienstleistungen\"}]},{\"@type\":\"WebSite\",\"@id\":\"https:\/\/isabelpalau.com\/de\/#website\",\"url\":\"https:\/\/isabelpalau.com\/de\/\",\"name\":\"Isabel Palau\",\"description\":\"\",\"potentialAction\":[{\"@type\":\"SearchAction\",\"target\":{\"@type\":\"EntryPoint\",\"urlTemplate\":\"https:\/\/isabelpalau.com\/de\/?s={search_term_string}\"},\"query-input\":{\"@type\":\"PropertyValueSpecification\",\"valueRequired\":true,\"valueName\":\"search_term_string\"}}],\"inLanguage\":\"de\"}]}<\/script>\n<!-- \/ Yoast SEO plugin. -->","yoast_head_json":{"title":"Dienstleistungen - Isabel Palau","description":"Website-\u00dcbersetzung, Text\u00fcbersetzung, beglaubigte \u00dcbersetzung, Korrekturlesen und \u00dcberarbeitung von Texten.","robots":{"index":"index","follow":"follow","max-snippet":"max-snippet:-1","max-image-preview":"max-image-preview:large","max-video-preview":"max-video-preview:-1"},"canonical":"https:\/\/isabelpalau.com\/de\/dienstleistungen\/","og_locale":"de_DE","og_type":"article","og_title":"Dienstleistungen - Isabel Palau","og_description":"Website-\u00dcbersetzung, Text\u00fcbersetzung, beglaubigte \u00dcbersetzung, Korrekturlesen und \u00dcberarbeitung von Texten.","og_url":"https:\/\/isabelpalau.com\/de\/dienstleistungen\/","og_site_name":"Isabel Palau","article_modified_time":"2025-11-13T12:01:35+00:00","og_image":[{"url":"https:\/\/isabelpalau.com\/wp-content\/uploads\/2025\/03\/traduccion-web-rojo.png","type":"","width":"","height":""}],"twitter_card":"summary_large_image","twitter_misc":{"Gesch\u00e4tzte Lesezeit":"2\u00a0Minuten"},"schema":{"@context":"https:\/\/schema.org","@graph":[{"@type":"WebPage","@id":"https:\/\/isabelpalau.com\/de\/dienstleistungen\/","url":"https:\/\/isabelpalau.com\/de\/dienstleistungen\/","name":"Dienstleistungen - Isabel Palau","isPartOf":{"@id":"https:\/\/isabelpalau.com\/de\/#website"},"primaryImageOfPage":{"@id":"https:\/\/isabelpalau.com\/de\/dienstleistungen\/#primaryimage"},"image":{"@id":"https:\/\/isabelpalau.com\/de\/dienstleistungen\/#primaryimage"},"thumbnailUrl":"https:\/\/isabelpalau.com\/wp-content\/uploads\/2025\/03\/traduccion-web-rojo.png","datePublished":"2025-01-23T09:25:00+00:00","dateModified":"2025-11-13T12:01:35+00:00","description":"Website-\u00dcbersetzung, Text\u00fcbersetzung, beglaubigte \u00dcbersetzung, Korrekturlesen und \u00dcberarbeitung von Texten.","breadcrumb":{"@id":"https:\/\/isabelpalau.com\/de\/dienstleistungen\/#breadcrumb"},"inLanguage":"de","potentialAction":[{"@type":"ReadAction","target":["https:\/\/isabelpalau.com\/de\/dienstleistungen\/"]}]},{"@type":"ImageObject","inLanguage":"de","@id":"https:\/\/isabelpalau.com\/de\/dienstleistungen\/#primaryimage","url":"https:\/\/isabelpalau.com\/wp-content\/uploads\/2025\/03\/traduccion-web-rojo.png","contentUrl":"https:\/\/isabelpalau.com\/wp-content\/uploads\/2025\/03\/traduccion-web-rojo.png"},{"@type":"BreadcrumbList","@id":"https:\/\/isabelpalau.com\/de\/dienstleistungen\/#breadcrumb","itemListElement":[{"@type":"ListItem","position":1,"name":"Portada","item":"https:\/\/isabelpalau.com\/de\/"},{"@type":"ListItem","position":2,"name":"Dienstleistungen"}]},{"@type":"WebSite","@id":"https:\/\/isabelpalau.com\/de\/#website","url":"https:\/\/isabelpalau.com\/de\/","name":"Isabel Palau","description":"","potentialAction":[{"@type":"SearchAction","target":{"@type":"EntryPoint","urlTemplate":"https:\/\/isabelpalau.com\/de\/?s={search_term_string}"},"query-input":{"@type":"PropertyValueSpecification","valueRequired":true,"valueName":"search_term_string"}}],"inLanguage":"de"}]}},"_links":{"self":[{"href":"https:\/\/isabelpalau.com\/de\/wp-json\/wp\/v2\/pages\/1690","targetHints":{"allow":["GET"]}}],"collection":[{"href":"https:\/\/isabelpalau.com\/de\/wp-json\/wp\/v2\/pages"}],"about":[{"href":"https:\/\/isabelpalau.com\/de\/wp-json\/wp\/v2\/types\/page"}],"author":[{"embeddable":true,"href":"https:\/\/isabelpalau.com\/de\/wp-json\/wp\/v2\/users\/1"}],"replies":[{"embeddable":true,"href":"https:\/\/isabelpalau.com\/de\/wp-json\/wp\/v2\/comments?post=1690"}],"version-history":[{"count":6,"href":"https:\/\/isabelpalau.com\/de\/wp-json\/wp\/v2\/pages\/1690\/revisions"}],"predecessor-version":[{"id":2166,"href":"https:\/\/isabelpalau.com\/de\/wp-json\/wp\/v2\/pages\/1690\/revisions\/2166"}],"wp:attachment":[{"href":"https:\/\/isabelpalau.com\/de\/wp-json\/wp\/v2\/media?parent=1690"}],"curies":[{"name":"wp","href":"https:\/\/api.w.org\/{rel}","templated":true}]}}