{"id":1896,"date":"2025-01-30T10:55:44","date_gmt":"2025-01-30T10:55:44","guid":{"rendered":"https:\/\/isabelpalau.com\/politica-de-cookies\/"},"modified":"2025-11-13T11:23:37","modified_gmt":"2025-11-13T11:23:37","slug":"politica-de-cookies","status":"publish","type":"page","link":"https:\/\/isabelpalau.com\/ca\/politica-de-cookies\/","title":{"rendered":"Pol\u00edtica de cookies"},"content":{"rendered":"\t\t<div data-elementor-type=\"wp-page\" data-elementor-id=\"1896\" class=\"elementor elementor-1896 elementor-587\" data-elementor-post-type=\"page\">\n\t\t\t\t<div class=\"elementor-element elementor-element-6f146dc e-flex e-con-boxed e-con e-parent\" data-id=\"6f146dc\" data-element_type=\"container\" data-settings=\"{&quot;background_background&quot;:&quot;video&quot;,&quot;background_video_link&quot;:&quot;https:\\\/\\\/videos.pexels.com\\\/video-files\\\/7918375\\\/7918375-hd_1920_1080_30fps.mp4&quot;,&quot;background_play_on_mobile&quot;:&quot;yes&quot;}\">\n\t\t\t\t\t<div class=\"e-con-inner\">\n\t\t<div class=\"elementor-background-video-container\" aria-hidden=\"true\">\n\t\t\t\t\t\t\t<video class=\"elementor-background-video-hosted\" autoplay muted playsinline loop><\/video>\n\t\t\t\t\t<\/div>\t\t<div class=\"elementor-element elementor-element-ae3f441 elementor-widget elementor-widget-heading\" data-id=\"ae3f441\" data-element_type=\"widget\" data-widget_type=\"heading.default\">\n\t\t\t\t<div class=\"elementor-widget-container\">\n\t\t\t\t\t<h2 class=\"elementor-heading-title elementor-size-default\">Pol\u00edtica de cookies<\/h2>\t\t\t\t<\/div>\n\t\t\t\t<\/div>\n\t\t\t\t\t<\/div>\n\t\t\t\t<\/div>\n\t\t<div class=\"elementor-element elementor-element-4a8c093 e-flex e-con-boxed e-con e-parent\" data-id=\"4a8c093\" data-element_type=\"container\">\n\t\t\t\t\t<div class=\"e-con-inner\">\n\t\t\t\t<div class=\"elementor-element elementor-element-88f5578 elementor-widget elementor-widget-heading\" data-id=\"88f5578\" data-element_type=\"widget\" data-widget_type=\"heading.default\">\n\t\t\t\t<div class=\"elementor-widget-container\">\n\t\t\t\t\t<h2 class=\"elementor-heading-title elementor-size-default\">Introducci\u00f3<\/h2>\t\t\t\t<\/div>\n\t\t\t\t<\/div>\n\t\t\t\t<div class=\"elementor-element elementor-element-fbcfdb2 elementor-widget elementor-widget-text-editor\" data-id=\"fbcfdb2\" data-element_type=\"widget\" data-widget_type=\"text-editor.default\">\n\t\t\t\t<div class=\"elementor-widget-container\">\n\t\t\t\t\t\t\t\t\t<p>Aquest lloc web utilitza cookies pr\u00f2pies i de tercers per a fins t\u00e8cnics, estad\u00edstics i publicitaris, conforme a la normativa vigent.<\/p>\t\t\t\t\t\t\t\t<\/div>\n\t\t\t\t<\/div>\n\t\t\t\t<div class=\"elementor-element elementor-element-80c0e8c elementor-widget elementor-widget-heading\" data-id=\"80c0e8c\" data-element_type=\"widget\" data-widget_type=\"heading.default\">\n\t\t\t\t<div class=\"elementor-widget-container\">\n\t\t\t\t\t<h2 class=\"elementor-heading-title elementor-size-default\">Qu\u00e8 s\u00f3n les cookies?<\/h2>\t\t\t\t<\/div>\n\t\t\t\t<\/div>\n\t\t\t\t<div class=\"elementor-element elementor-element-db9103e elementor-widget elementor-widget-text-editor\" data-id=\"db9103e\" data-element_type=\"widget\" data-widget_type=\"text-editor.default\">\n\t\t\t\t<div class=\"elementor-widget-container\">\n\t\t\t\t\t\t\t\t\t<p>Les cookies s\u00f3n petits arxius de text que s&#8217;emmagatzemen en el teu dispositiu quan visites una p\u00e0gina web. Serveixen per a recordar les teves prefer\u00e8ncies i millorar la teva experi\u00e8ncia de navegaci\u00f3.<\/p>\t\t\t\t\t\t\t\t<\/div>\n\t\t\t\t<\/div>\n\t\t\t\t<div class=\"elementor-element elementor-element-55b0c38 elementor-widget elementor-widget-heading\" data-id=\"55b0c38\" data-element_type=\"widget\" data-widget_type=\"heading.default\">\n\t\t\t\t<div class=\"elementor-widget-container\">\n\t\t\t\t\t<h2 class=\"elementor-heading-title elementor-size-default\">Tipus de Cookies segons la finalitat<\/h2>\t\t\t\t<\/div>\n\t\t\t\t<\/div>\n\t\t\t\t<div class=\"elementor-element elementor-element-7ed339f elementor-widget elementor-widget-text-editor\" data-id=\"7ed339f\" data-element_type=\"widget\" data-widget_type=\"text-editor.default\">\n\t\t\t\t<div class=\"elementor-widget-container\">\n\t\t\t\t\t\t\t\t\t<ul><li data-start=\"1961\" data-end=\"2038\"><p data-start=\"1963\" data-end=\"2038\"><strong data-start=\"1963\" data-end=\"1984\">Cookies t\u00e8cniques<\/strong>: imprescindibles per al funcionament del lloc web.<\/p><\/li><li data-start=\"2039\" data-end=\"2137\"><p data-start=\"2041\" data-end=\"2137\"><strong>Cookies de personalitzaci\u00f3: <\/strong>s\u00f3n aquelles que permeten recordar informaci\u00f3 perqu\u00e8 l&#8217;usuari accedeixi al servei amb determinades caracter\u00edstiques que poden diferenciar la seva experi\u00e8ncia de la d&#8217;altres usuaris, com, per exemple, l&#8217;idioma, el nombre de resultats a mostrar en realitzar una cerca, etc.<\/p><\/li><li data-start=\"2039\" data-end=\"2137\"><p data-start=\"2041\" data-end=\"2137\"><strong>Cookies d&#8217;An\u00e0lisis:<\/strong> Recullen informaci\u00f3 de l&#8217;\u00fas que es realitza de la web per part dels visitants.<\/p><\/li><li data-start=\"2039\" data-end=\"2137\"><strong>Cookies Publicit\u00e0ries:<\/strong> Recullen informaci\u00f3 sobre les prefer\u00e8ncies i eleccions personals dels usuaris, basades en altres p\u00e0gines visitades pr\u00e8viament i poder analitzar l&#8217;efectivitat de les campanyes.<\/li><\/ul>\t\t\t\t\t\t\t\t<\/div>\n\t\t\t\t<\/div>\n\t\t\t\t<div class=\"elementor-element elementor-element-9f04995 elementor-widget elementor-widget-heading\" data-id=\"9f04995\" data-element_type=\"widget\" data-widget_type=\"heading.default\">\n\t\t\t\t<div class=\"elementor-widget-container\">\n\t\t\t\t\t<h2 class=\"elementor-heading-title elementor-size-default\">Tipus de Cookies segons la Propietat<\/h2>\t\t\t\t<\/div>\n\t\t\t\t<\/div>\n\t\t\t\t<div class=\"elementor-element elementor-element-897aa7a elementor-widget elementor-widget-text-editor\" data-id=\"897aa7a\" data-element_type=\"widget\" data-widget_type=\"text-editor.default\">\n\t\t\t\t<div class=\"elementor-widget-container\">\n\t\t\t\t\t\t\t\t\t<ul><li><strong>Pr\u00f2pies:<\/strong> s\u00f3n aquelles de les quals \u00e9s responsable el propi editor i que, generalment, s&#8217;envien a l&#8217;equip terminal de l&#8217;usuari des d&#8217;un equip o domini gestionat pel propi editor i des del qual es presta el servei sol\u00b7licitat per l&#8217;usuari.<br><br><\/li><li><strong>De Tercers:<\/strong> s\u00f3n aquelles de les quals \u00e9s responsable una entitat distinta de l&#8217;editor i que, generalment, s&#8217;envien a l&#8217;equip terminal de l&#8217;usuari des d&#8217;un equip o domini que no \u00e9s gestionat per l&#8217;editor, sin\u00f3 per una altra entitat que tracta les dades obtingudes a trav\u00e9s de les cookies.<\/li><\/ul>\t\t\t\t\t\t\t\t<\/div>\n\t\t\t\t<\/div>\n\t\t\t\t<div class=\"elementor-element elementor-element-978b713 elementor-widget elementor-widget-heading\" data-id=\"978b713\" data-element_type=\"widget\" data-widget_type=\"heading.default\">\n\t\t\t\t<div class=\"elementor-widget-container\">\n\t\t\t\t\t<h2 class=\"elementor-heading-title elementor-size-default\">Gesti\u00f3 de cookies:<\/h2>\t\t\t\t<\/div>\n\t\t\t\t<\/div>\n\t\t\t\t<div class=\"elementor-element elementor-element-597a3ce elementor-widget elementor-widget-text-editor\" data-id=\"597a3ce\" data-element_type=\"widget\" data-widget_type=\"text-editor.default\">\n\t\t\t\t<div class=\"elementor-widget-container\">\n\t\t\t\t\t\t\t\t\t<p>Pots acceptar, rebutjar o configurar l&#8217;\u00fas de cookies a trav\u00e9s del b\u00e0ner de cookies que apareix en entrar en la nostra web. Tamb\u00e9 pots configurar el teu navegador per a bloquejar-les o eliminar-les en qualsevol moment.<\/p>\t\t\t\t\t\t\t\t<\/div>\n\t\t\t\t<\/div>\n\t\t\t\t<div class=\"elementor-element elementor-element-37e8cb1 elementor-widget elementor-widget-heading\" data-id=\"37e8cb1\" data-element_type=\"widget\" data-widget_type=\"heading.default\">\n\t\t\t\t<div class=\"elementor-widget-container\">\n\t\t\t\t\t<h2 class=\"elementor-heading-title elementor-size-default\">Ajustos de Cookies en els navegadors m\u00e9s comuns:<\/h2>\t\t\t\t<\/div>\n\t\t\t\t<\/div>\n\t\t\t\t<div class=\"elementor-element elementor-element-7b7cb81 elementor-widget elementor-widget-text-editor\" data-id=\"7b7cb81\" data-element_type=\"widget\" data-widget_type=\"text-editor.default\">\n\t\t\t\t<div class=\"elementor-widget-container\">\n\t\t\t\t\t\t\t\t\t<ul><li data-start=\"2552\" data-end=\"2610\"><p data-start=\"2554\" data-end=\"2610\">Chrome: Configuraci\u00f3 &gt; Privacitat i seguretat &gt; Cookies<\/p><\/li><li data-start=\"2611\" data-end=\"2669\"><p data-start=\"2613\" data-end=\"2669\">Firefox: Preferencies &gt; Privacitat y seguretat &gt; Cookies<\/p><\/li><li data-start=\"2670\" data-end=\"2705\"><p data-start=\"2672\" data-end=\"2705\">Safari: Preferencies &gt; Privacitat<\/p><\/li><\/ul>\t\t\t\t\t\t\t\t<\/div>\n\t\t\t\t<\/div>\n\t\t\t\t\t<\/div>\n\t\t\t\t<\/div>\n\t\t\t\t<\/div>\n\t\t","protected":false},"excerpt":{"rendered":"<p>Pol\u00edtica de cookies Introducci\u00f3 Aquest lloc web utilitza cookies pr\u00f2pies i de tercers per a fins t\u00e8cnics, estad\u00edstics i publicitaris, conforme a la normativa vigent. Qu\u00e8 s\u00f3n les cookies? Les cookies s\u00f3n petits arxius de text que s&#8217;emmagatzemen en el teu dispositiu quan visites una p\u00e0gina web. Serveixen per a recordar les teves prefer\u00e8ncies i [&hellip;]<\/p>\n","protected":false},"author":1,"featured_media":0,"parent":0,"menu_order":0,"comment_status":"closed","ping_status":"closed","template":"","meta":{"footnotes":""},"class_list":["post-1896","page","type-page","status-publish","hentry"],"yoast_head":"<!-- This site is optimized with the Yoast SEO plugin v26.8 - https:\/\/yoast.com\/product\/yoast-seo-wordpress\/ -->\n<title>Pol\u00edtica de cookies - Isabel Palau<\/title>\n<meta name=\"description\" content=\"Informa&#039;t sobrela pol\u00edtica de cookies de web d&#039;Isabel Palau: tipus de galetes utilitzades, finalitat, i com gestionar-les o desactivar-les.\" \/>\n<meta name=\"robots\" content=\"index, follow, max-snippet:-1, max-image-preview:large, max-video-preview:-1\" \/>\n<link rel=\"canonical\" href=\"https:\/\/isabelpalau.com\/ca\/politica-de-cookies\/\" \/>\n<meta property=\"og:locale\" content=\"ca_ES\" \/>\n<meta property=\"og:type\" content=\"article\" \/>\n<meta property=\"og:title\" content=\"Pol\u00edtica de cookies - Isabel Palau\" \/>\n<meta property=\"og:description\" content=\"Informa&#039;t sobrela pol\u00edtica de cookies de web d&#039;Isabel Palau: tipus de galetes utilitzades, finalitat, i com gestionar-les o desactivar-les.\" \/>\n<meta property=\"og:url\" content=\"https:\/\/isabelpalau.com\/ca\/politica-de-cookies\/\" \/>\n<meta property=\"og:site_name\" content=\"Isabel Palau\" \/>\n<meta property=\"article:modified_time\" content=\"2025-11-13T11:23:37+00:00\" \/>\n<meta name=\"twitter:card\" content=\"summary_large_image\" \/>\n<meta name=\"twitter:label1\" content=\"Temps estimat de lectura\" \/>\n\t<meta name=\"twitter:data1\" content=\"2 minuts\" \/>\n<script type=\"application\/ld+json\" class=\"yoast-schema-graph\">{\"@context\":\"https:\/\/schema.org\",\"@graph\":[{\"@type\":\"WebPage\",\"@id\":\"https:\/\/isabelpalau.com\/ca\/politica-de-cookies\/\",\"url\":\"https:\/\/isabelpalau.com\/ca\/politica-de-cookies\/\",\"name\":\"Pol\u00edtica de cookies - Isabel Palau\",\"isPartOf\":{\"@id\":\"https:\/\/isabelpalau.com\/ca\/#website\"},\"datePublished\":\"2025-01-30T10:55:44+00:00\",\"dateModified\":\"2025-11-13T11:23:37+00:00\",\"description\":\"Informa't sobrela pol\u00edtica de cookies de web d'Isabel Palau: tipus de galetes utilitzades, finalitat, i com gestionar-les o desactivar-les.\",\"breadcrumb\":{\"@id\":\"https:\/\/isabelpalau.com\/ca\/politica-de-cookies\/#breadcrumb\"},\"inLanguage\":\"ca\",\"potentialAction\":[{\"@type\":\"ReadAction\",\"target\":[\"https:\/\/isabelpalau.com\/ca\/politica-de-cookies\/\"]}]},{\"@type\":\"BreadcrumbList\",\"@id\":\"https:\/\/isabelpalau.com\/ca\/politica-de-cookies\/#breadcrumb\",\"itemListElement\":[{\"@type\":\"ListItem\",\"position\":1,\"name\":\"Portada\",\"item\":\"https:\/\/isabelpalau.com\/ca\/\"},{\"@type\":\"ListItem\",\"position\":2,\"name\":\"Pol\u00edtica de cookies\"}]},{\"@type\":\"WebSite\",\"@id\":\"https:\/\/isabelpalau.com\/ca\/#website\",\"url\":\"https:\/\/isabelpalau.com\/ca\/\",\"name\":\"Isabel Palau\",\"description\":\"\",\"potentialAction\":[{\"@type\":\"SearchAction\",\"target\":{\"@type\":\"EntryPoint\",\"urlTemplate\":\"https:\/\/isabelpalau.com\/ca\/?s={search_term_string}\"},\"query-input\":{\"@type\":\"PropertyValueSpecification\",\"valueRequired\":true,\"valueName\":\"search_term_string\"}}],\"inLanguage\":\"ca\"}]}<\/script>\n<!-- \/ Yoast SEO plugin. -->","yoast_head_json":{"title":"Pol\u00edtica de cookies - Isabel Palau","description":"Informa't sobrela pol\u00edtica de cookies de web d'Isabel Palau: tipus de galetes utilitzades, finalitat, i com gestionar-les o desactivar-les.","robots":{"index":"index","follow":"follow","max-snippet":"max-snippet:-1","max-image-preview":"max-image-preview:large","max-video-preview":"max-video-preview:-1"},"canonical":"https:\/\/isabelpalau.com\/ca\/politica-de-cookies\/","og_locale":"ca_ES","og_type":"article","og_title":"Pol\u00edtica de cookies - Isabel Palau","og_description":"Informa't sobrela pol\u00edtica de cookies de web d'Isabel Palau: tipus de galetes utilitzades, finalitat, i com gestionar-les o desactivar-les.","og_url":"https:\/\/isabelpalau.com\/ca\/politica-de-cookies\/","og_site_name":"Isabel Palau","article_modified_time":"2025-11-13T11:23:37+00:00","twitter_card":"summary_large_image","twitter_misc":{"Temps estimat de lectura":"2 minuts"},"schema":{"@context":"https:\/\/schema.org","@graph":[{"@type":"WebPage","@id":"https:\/\/isabelpalau.com\/ca\/politica-de-cookies\/","url":"https:\/\/isabelpalau.com\/ca\/politica-de-cookies\/","name":"Pol\u00edtica de cookies - Isabel Palau","isPartOf":{"@id":"https:\/\/isabelpalau.com\/ca\/#website"},"datePublished":"2025-01-30T10:55:44+00:00","dateModified":"2025-11-13T11:23:37+00:00","description":"Informa't sobrela pol\u00edtica de cookies de web d'Isabel Palau: tipus de galetes utilitzades, finalitat, i com gestionar-les o desactivar-les.","breadcrumb":{"@id":"https:\/\/isabelpalau.com\/ca\/politica-de-cookies\/#breadcrumb"},"inLanguage":"ca","potentialAction":[{"@type":"ReadAction","target":["https:\/\/isabelpalau.com\/ca\/politica-de-cookies\/"]}]},{"@type":"BreadcrumbList","@id":"https:\/\/isabelpalau.com\/ca\/politica-de-cookies\/#breadcrumb","itemListElement":[{"@type":"ListItem","position":1,"name":"Portada","item":"https:\/\/isabelpalau.com\/ca\/"},{"@type":"ListItem","position":2,"name":"Pol\u00edtica de cookies"}]},{"@type":"WebSite","@id":"https:\/\/isabelpalau.com\/ca\/#website","url":"https:\/\/isabelpalau.com\/ca\/","name":"Isabel Palau","description":"","potentialAction":[{"@type":"SearchAction","target":{"@type":"EntryPoint","urlTemplate":"https:\/\/isabelpalau.com\/ca\/?s={search_term_string}"},"query-input":{"@type":"PropertyValueSpecification","valueRequired":true,"valueName":"search_term_string"}}],"inLanguage":"ca"}]}},"_links":{"self":[{"href":"https:\/\/isabelpalau.com\/ca\/wp-json\/wp\/v2\/pages\/1896","targetHints":{"allow":["GET"]}}],"collection":[{"href":"https:\/\/isabelpalau.com\/ca\/wp-json\/wp\/v2\/pages"}],"about":[{"href":"https:\/\/isabelpalau.com\/ca\/wp-json\/wp\/v2\/types\/page"}],"author":[{"embeddable":true,"href":"https:\/\/isabelpalau.com\/ca\/wp-json\/wp\/v2\/users\/1"}],"replies":[{"embeddable":true,"href":"https:\/\/isabelpalau.com\/ca\/wp-json\/wp\/v2\/comments?post=1896"}],"version-history":[{"count":12,"href":"https:\/\/isabelpalau.com\/ca\/wp-json\/wp\/v2\/pages\/1896\/revisions"}],"predecessor-version":[{"id":2078,"href":"https:\/\/isabelpalau.com\/ca\/wp-json\/wp\/v2\/pages\/1896\/revisions\/2078"}],"wp:attachment":[{"href":"https:\/\/isabelpalau.com\/ca\/wp-json\/wp\/v2\/media?parent=1896"}],"curies":[{"name":"wp","href":"https:\/\/api.w.org\/{rel}","templated":true}]}}