{"id":1886,"date":"2025-01-30T10:54:43","date_gmt":"2025-01-30T10:54:43","guid":{"rendered":"https:\/\/isabelpalau.com\/aviso-legal\/"},"modified":"2025-11-13T11:14:14","modified_gmt":"2025-11-13T11:14:14","slug":"aviso-legal","status":"publish","type":"page","link":"https:\/\/isabelpalau.com\/ca\/aviso-legal\/","title":{"rendered":"Av\u00eds legal"},"content":{"rendered":"\t\t<div data-elementor-type=\"wp-page\" data-elementor-id=\"1886\" class=\"elementor elementor-1886 elementor-582\" data-elementor-post-type=\"page\">\n\t\t\t\t<div class=\"elementor-element elementor-element-6f146dc e-flex e-con-boxed e-con e-parent\" data-id=\"6f146dc\" data-element_type=\"container\" data-settings=\"{&quot;background_background&quot;:&quot;video&quot;,&quot;background_video_link&quot;:&quot;https:\\\/\\\/videos.pexels.com\\\/video-files\\\/7918375\\\/7918375-hd_1920_1080_30fps.mp4&quot;,&quot;background_play_on_mobile&quot;:&quot;yes&quot;}\">\n\t\t\t\t\t<div class=\"e-con-inner\">\n\t\t<div class=\"elementor-background-video-container\" aria-hidden=\"true\">\n\t\t\t\t\t\t\t<video class=\"elementor-background-video-hosted\" autoplay muted playsinline loop><\/video>\n\t\t\t\t\t<\/div>\t\t<div class=\"elementor-element elementor-element-ae3f441 elementor-widget elementor-widget-heading\" data-id=\"ae3f441\" data-element_type=\"widget\" data-widget_type=\"heading.default\">\n\t\t\t\t<div class=\"elementor-widget-container\">\n\t\t\t\t\t<h2 class=\"elementor-heading-title elementor-size-default\">Av\u00eds legal<\/h2>\t\t\t\t<\/div>\n\t\t\t\t<\/div>\n\t\t\t\t\t<\/div>\n\t\t\t\t<\/div>\n\t\t<div class=\"elementor-element elementor-element-4a8c093 e-flex e-con-boxed e-con e-parent\" data-id=\"4a8c093\" data-element_type=\"container\">\n\t\t\t\t\t<div class=\"e-con-inner\">\n\t\t\t\t<div class=\"elementor-element elementor-element-671e8fe elementor-widget elementor-widget-text-editor\" data-id=\"671e8fe\" data-element_type=\"widget\" data-widget_type=\"text-editor.default\">\n\t\t\t\t<div class=\"elementor-widget-container\">\n\t\t\t\t\t\t\t\t\t\n<h4><strong>INTRODUCCI\u00d3<\/strong><\/h4>\n\n<p>Aquest av\u00eds legal (d&#8217;ara endavant, &#8220;l&#8217;Av\u00eds&#8221;) regula l&#8217;\u00fas del portal web <strong>www.isabelpalau.com<\/strong> (d&#8217;ara endavant, &#8220;el Portal&#8221;) que ISABEL PALAU CASELLAS (d&#8217;ara endavant, &#8220;el Titular&#8221;) posa a disposici\u00f3 dels usuaris d&#8217;Internet. L&#8217;\u00fas del Portal, incl\u00f2s el simple acc\u00e9s, atorga la condici\u00f3 d&#8217;usuari (d&#8217;ara endavant, &#8220;l&#8217;Usuari\/els Usuaris&#8221;) i suposa l&#8217;acceptaci\u00f3 plena i sense reserves de totes les estipulacions d&#8217;aquest Av\u00eds que estiguin en vigor en el moment de l&#8217;acc\u00e9s. En conseq\u00fc\u00e8ncia, l&#8217;Usuari ha de llegir l&#8217;Av\u00eds cada vegada que utilitzi el Portal.<\/p>\n\n<p>L&#8217;Usuari \u00e9s conscient i accepta volunt\u00e0riament i expressament que l&#8217;\u00fas del Portal es realitza en tot cas sota la seva exclusiva responsabilitat.<\/p>\n<br\/>\n<h4><strong>INFORMACI\u00d3 LEGAL DEL TITULAR DEL PORTAL<\/strong><\/h4>\n<ul>\n  <li>Identitat del responsable: Isabel Palau Casellas<\/li>\n  <li>Nom comercial: ISABEL PALAU CASELLAS<\/li>\n  <li>NIF: 46612660D<\/li>\n  <li>Adre\u00e7a: Av. de les Ac\u00e0cies, 23, 08328, Alella<\/li>\n  <li>Tel\u00e8fon: +34 935 400 700<\/li>\n  <li>Correu electr\u00f2nic: info@isabelpalau.com<\/li>\n<\/ul>\n<br\/>\n<h4><strong>CONDICIONS D&#8217;\u00daS<\/strong><\/h4>\n<ol>\n  <li><strong>Continguts:<\/strong> L&#8217;acc\u00e9s al Portal \u00e9s de car\u00e0cter gratu\u00eft i l&#8217;Usuari es compromet a fer-ne un \u00fas adequat, conforme a les condicions d&#8217;aquest Av\u00eds, la normativa vigent, la moral i l&#8217;ordre p\u00fablic. Els continguts del Portal tenen un car\u00e0cter merament informatiu.\n    <p>La informaci\u00f3 inclosa no constitueix en cap cas una font d&#8217;assessorament ni estableix una relaci\u00f3 professional entre l&#8217;Usuari i el Titular. El seu \u00fas \u00e9s responsabilitat exclusiva de l&#8217;Usuari. El Titular es reserva el dret de modificar en qualsevol moment i sense previ av\u00eds el contingut del Portal, aquest Av\u00eds i la seva pol\u00edtica de privacitat.<\/p>\n  <\/li>\n  <li><strong>Enlla\u00e7os:<\/strong> Els Usuaris que desitgin introduir enlla\u00e7os des d&#8217;altres p\u00e0gines web cap al Portal han de sol\u00b7licitar autoritzaci\u00f3 pr\u00e8via al Titular. Aquests enlla\u00e7os es permetran sota les seg\u00fcents condicions:\n    <ul>\n      <li>Han d&#8217;adre\u00e7ar-se a la p\u00e0gina principal del Portal sense reproduir-la de cap manera.<\/li>\n      <li>Es prohibeix la creaci\u00f3 de marcs o frames que permetin visualitzar el Portal a trav\u00e9s d&#8217;adreces diferents.<\/li>\n      <li>Es prohibeix la utilitzaci\u00f3 de qualsevol marca o signe distintiu del Titular sense autoritzaci\u00f3 expressa.<\/li>\n    <\/ul>\n    <p>L&#8217;exist\u00e8ncia d&#8217;enlla\u00e7os no implica l&#8217;exist\u00e8ncia de relacions entre el Titular i el propietari del lloc web enlla\u00e7at. Aix\u00ed mateix, el Titular no es responsabilitza del contingut dels llocs web de tercers enlla\u00e7ats des del Portal.<\/p>\n  <\/li>\n  <li><strong>Propietat intel\u00b7lectual:<\/strong> Tots els continguts del Portal s\u00f3n propietat intel\u00b7lectual o industrial del Titular o de tercers amb autoritzaci\u00f3 per al seu \u00fas. L&#8217;Usuari no podr\u00e0 reproduir, transformar, distribuir, comunicar p\u00fablicament, posar a disposici\u00f3, extreure o utilitzar de qualsevol altra manera aquests elements, excepte en els casos legalment permesos o autoritzats pel Titular.<\/li>\n<\/ol>\n<br\/>\n<h4><strong>RESPONSABILITAT<\/strong><\/h4>\n<ol>\n  <li><strong>Continguts:<\/strong> El Titular aplicar\u00e0 els mitjans raonables per facilitar informaci\u00f3 actualitzada i vera\u00e7 al Portal. No obstant aix\u00f2, no es fa responsable d&#8217;errors o omissions en la informaci\u00f3 publicada ni de l&#8217;\u00fas que els Usuaris puguin fer-ne.<\/li>\n  <li><strong>Funcionament:<\/strong> El Titular no es responsabilitza d&#8217;interrupcions, virus inform\u00e0tics o altres elements que puguin afectar el sistema de l&#8217;Usuari. Tampoc assumeix responsabilitat per retards o bloquejos en l&#8217;operativitat del Portal causats per defici\u00e8ncies en l\u00ednies telef\u00f2niques o en Internet.<\/li>\n  <li><strong>Enlla\u00e7os:<\/strong> El Titular no es responsabilitza dels continguts de les p\u00e0gines web enlla\u00e7ades des del Portal, excepte en els casos previstos per la Llei 34\/2002 de Serveis de la Societat de la Informaci\u00f3 i el Comer\u00e7 Electr\u00f2nic.<\/li>\n<\/ol>\n<br\/>\n<h4><strong>PROTECCI\u00d3 DE DADES<\/strong><\/h4>\n<p>Podeu accedir a la informaci\u00f3 detallada sobre el tractament de les dades personals a la nostra Pol\u00edtica de privacitat.<\/p>\n\t\t\t\t\t\t\t\t<\/div>\n\t\t\t\t<\/div>\n\t\t\t\t\t<\/div>\n\t\t\t\t<\/div>\n\t\t\t\t<\/div>\n\t\t","protected":false},"excerpt":{"rendered":"<p>Av\u00eds legal INTRODUCCI\u00d3 Aquest av\u00eds legal (d&#8217;ara endavant, &#8220;l&#8217;Av\u00eds&#8221;) regula l&#8217;\u00fas del portal web www.isabelpalau.com (d&#8217;ara endavant, &#8220;el Portal&#8221;) que ISABEL PALAU CASELLAS (d&#8217;ara endavant, &#8220;el Titular&#8221;) posa a disposici\u00f3 dels usuaris d&#8217;Internet. L&#8217;\u00fas del Portal, incl\u00f2s el simple acc\u00e9s, atorga la condici\u00f3 d&#8217;usuari (d&#8217;ara endavant, &#8220;l&#8217;Usuari\/els Usuaris&#8221;) i suposa l&#8217;acceptaci\u00f3 plena i sense reserves [&hellip;]<\/p>\n","protected":false},"author":1,"featured_media":0,"parent":0,"menu_order":0,"comment_status":"closed","ping_status":"closed","template":"","meta":{"footnotes":""},"class_list":["post-1886","page","type-page","status-publish","hentry"],"yoast_head":"<!-- This site is optimized with the Yoast SEO plugin v26.8 - https:\/\/yoast.com\/product\/yoast-seo-wordpress\/ -->\n<title>Av\u00eds legal - Isabel Palau<\/title>\n<meta name=\"description\" content=\"Consulta l\u00b4av\u00eds legal d\u00b4Isabel Palau per con\u00e8ixer la informaci\u00f3 sobre condicions d\u00b4\u00fas, drets i responsabilitats.\" \/>\n<meta name=\"robots\" content=\"index, follow, max-snippet:-1, max-image-preview:large, max-video-preview:-1\" \/>\n<link rel=\"canonical\" href=\"https:\/\/isabelpalau.com\/ca\/aviso-legal\/\" \/>\n<meta property=\"og:locale\" content=\"ca_ES\" \/>\n<meta property=\"og:type\" content=\"article\" \/>\n<meta property=\"og:title\" content=\"Av\u00eds legal - Isabel Palau\" \/>\n<meta property=\"og:description\" content=\"Consulta l\u00b4av\u00eds legal d\u00b4Isabel Palau per con\u00e8ixer la informaci\u00f3 sobre condicions d\u00b4\u00fas, drets i responsabilitats.\" \/>\n<meta property=\"og:url\" content=\"https:\/\/isabelpalau.com\/ca\/aviso-legal\/\" \/>\n<meta property=\"og:site_name\" content=\"Isabel Palau\" \/>\n<meta property=\"article:modified_time\" content=\"2025-11-13T11:14:14+00:00\" \/>\n<meta name=\"twitter:card\" content=\"summary_large_image\" \/>\n<meta name=\"twitter:label1\" content=\"Temps estimat de lectura\" \/>\n\t<meta name=\"twitter:data1\" content=\"3 minuts\" \/>\n<script type=\"application\/ld+json\" class=\"yoast-schema-graph\">{\"@context\":\"https:\/\/schema.org\",\"@graph\":[{\"@type\":\"WebPage\",\"@id\":\"https:\/\/isabelpalau.com\/ca\/aviso-legal\/\",\"url\":\"https:\/\/isabelpalau.com\/ca\/aviso-legal\/\",\"name\":\"Av\u00eds legal - Isabel Palau\",\"isPartOf\":{\"@id\":\"https:\/\/isabelpalau.com\/ca\/#website\"},\"datePublished\":\"2025-01-30T10:54:43+00:00\",\"dateModified\":\"2025-11-13T11:14:14+00:00\",\"description\":\"Consulta l\u00b4av\u00eds legal d\u00b4Isabel Palau per con\u00e8ixer la informaci\u00f3 sobre condicions d\u00b4\u00fas, drets i responsabilitats.\",\"breadcrumb\":{\"@id\":\"https:\/\/isabelpalau.com\/ca\/aviso-legal\/#breadcrumb\"},\"inLanguage\":\"ca\",\"potentialAction\":[{\"@type\":\"ReadAction\",\"target\":[\"https:\/\/isabelpalau.com\/ca\/aviso-legal\/\"]}]},{\"@type\":\"BreadcrumbList\",\"@id\":\"https:\/\/isabelpalau.com\/ca\/aviso-legal\/#breadcrumb\",\"itemListElement\":[{\"@type\":\"ListItem\",\"position\":1,\"name\":\"Portada\",\"item\":\"https:\/\/isabelpalau.com\/ca\/\"},{\"@type\":\"ListItem\",\"position\":2,\"name\":\"Av\u00eds legal\"}]},{\"@type\":\"WebSite\",\"@id\":\"https:\/\/isabelpalau.com\/ca\/#website\",\"url\":\"https:\/\/isabelpalau.com\/ca\/\",\"name\":\"Isabel Palau\",\"description\":\"\",\"potentialAction\":[{\"@type\":\"SearchAction\",\"target\":{\"@type\":\"EntryPoint\",\"urlTemplate\":\"https:\/\/isabelpalau.com\/ca\/?s={search_term_string}\"},\"query-input\":{\"@type\":\"PropertyValueSpecification\",\"valueRequired\":true,\"valueName\":\"search_term_string\"}}],\"inLanguage\":\"ca\"}]}<\/script>\n<!-- \/ Yoast SEO plugin. -->","yoast_head_json":{"title":"Av\u00eds legal - Isabel Palau","description":"Consulta l\u00b4av\u00eds legal d\u00b4Isabel Palau per con\u00e8ixer la informaci\u00f3 sobre condicions d\u00b4\u00fas, drets i responsabilitats.","robots":{"index":"index","follow":"follow","max-snippet":"max-snippet:-1","max-image-preview":"max-image-preview:large","max-video-preview":"max-video-preview:-1"},"canonical":"https:\/\/isabelpalau.com\/ca\/aviso-legal\/","og_locale":"ca_ES","og_type":"article","og_title":"Av\u00eds legal - Isabel Palau","og_description":"Consulta l\u00b4av\u00eds legal d\u00b4Isabel Palau per con\u00e8ixer la informaci\u00f3 sobre condicions d\u00b4\u00fas, drets i responsabilitats.","og_url":"https:\/\/isabelpalau.com\/ca\/aviso-legal\/","og_site_name":"Isabel Palau","article_modified_time":"2025-11-13T11:14:14+00:00","twitter_card":"summary_large_image","twitter_misc":{"Temps estimat de lectura":"3 minuts"},"schema":{"@context":"https:\/\/schema.org","@graph":[{"@type":"WebPage","@id":"https:\/\/isabelpalau.com\/ca\/aviso-legal\/","url":"https:\/\/isabelpalau.com\/ca\/aviso-legal\/","name":"Av\u00eds legal - Isabel Palau","isPartOf":{"@id":"https:\/\/isabelpalau.com\/ca\/#website"},"datePublished":"2025-01-30T10:54:43+00:00","dateModified":"2025-11-13T11:14:14+00:00","description":"Consulta l\u00b4av\u00eds legal d\u00b4Isabel Palau per con\u00e8ixer la informaci\u00f3 sobre condicions d\u00b4\u00fas, drets i responsabilitats.","breadcrumb":{"@id":"https:\/\/isabelpalau.com\/ca\/aviso-legal\/#breadcrumb"},"inLanguage":"ca","potentialAction":[{"@type":"ReadAction","target":["https:\/\/isabelpalau.com\/ca\/aviso-legal\/"]}]},{"@type":"BreadcrumbList","@id":"https:\/\/isabelpalau.com\/ca\/aviso-legal\/#breadcrumb","itemListElement":[{"@type":"ListItem","position":1,"name":"Portada","item":"https:\/\/isabelpalau.com\/ca\/"},{"@type":"ListItem","position":2,"name":"Av\u00eds legal"}]},{"@type":"WebSite","@id":"https:\/\/isabelpalau.com\/ca\/#website","url":"https:\/\/isabelpalau.com\/ca\/","name":"Isabel Palau","description":"","potentialAction":[{"@type":"SearchAction","target":{"@type":"EntryPoint","urlTemplate":"https:\/\/isabelpalau.com\/ca\/?s={search_term_string}"},"query-input":{"@type":"PropertyValueSpecification","valueRequired":true,"valueName":"search_term_string"}}],"inLanguage":"ca"}]}},"_links":{"self":[{"href":"https:\/\/isabelpalau.com\/ca\/wp-json\/wp\/v2\/pages\/1886","targetHints":{"allow":["GET"]}}],"collection":[{"href":"https:\/\/isabelpalau.com\/ca\/wp-json\/wp\/v2\/pages"}],"about":[{"href":"https:\/\/isabelpalau.com\/ca\/wp-json\/wp\/v2\/types\/page"}],"author":[{"embeddable":true,"href":"https:\/\/isabelpalau.com\/ca\/wp-json\/wp\/v2\/users\/1"}],"replies":[{"embeddable":true,"href":"https:\/\/isabelpalau.com\/ca\/wp-json\/wp\/v2\/comments?post=1886"}],"version-history":[{"count":15,"href":"https:\/\/isabelpalau.com\/ca\/wp-json\/wp\/v2\/pages\/1886\/revisions"}],"predecessor-version":[{"id":1942,"href":"https:\/\/isabelpalau.com\/ca\/wp-json\/wp\/v2\/pages\/1886\/revisions\/1942"}],"wp:attachment":[{"href":"https:\/\/isabelpalau.com\/ca\/wp-json\/wp\/v2\/media?parent=1886"}],"curies":[{"name":"wp","href":"https:\/\/api.w.org\/{rel}","templated":true}]}}