{"id":1878,"date":"2025-01-23T09:28:32","date_gmt":"2025-01-23T09:28:32","guid":{"rendered":"https:\/\/isabelpalau.com\/accessibilitat\/"},"modified":"2025-11-13T11:13:07","modified_gmt":"2025-11-13T11:13:07","slug":"accessibilitat","status":"publish","type":"page","link":"https:\/\/isabelpalau.com\/ca\/accessibilitat\/","title":{"rendered":"Accessibilitat"},"content":{"rendered":"\t\t<div data-elementor-type=\"wp-page\" data-elementor-id=\"1878\" class=\"elementor elementor-1878 elementor-83\" data-elementor-post-type=\"page\">\n\t\t\t\t<div class=\"elementor-element elementor-element-6f146dc e-flex e-con-boxed e-con e-parent\" data-id=\"6f146dc\" data-element_type=\"container\" data-settings=\"{&quot;background_background&quot;:&quot;video&quot;,&quot;background_video_link&quot;:&quot;https:\\\/\\\/videos.pexels.com\\\/video-files\\\/7918375\\\/7918375-hd_1920_1080_30fps.mp4&quot;,&quot;background_play_on_mobile&quot;:&quot;yes&quot;}\">\n\t\t\t\t\t<div class=\"e-con-inner\">\n\t\t<div class=\"elementor-background-video-container\" aria-hidden=\"true\">\n\t\t\t\t\t\t\t<video class=\"elementor-background-video-hosted\" autoplay muted playsinline loop><\/video>\n\t\t\t\t\t<\/div>\t\t<div class=\"elementor-element elementor-element-ae3f441 elementor-widget elementor-widget-heading\" data-id=\"ae3f441\" data-element_type=\"widget\" data-widget_type=\"heading.default\">\n\t\t\t\t<div class=\"elementor-widget-container\">\n\t\t\t\t\t<h2 class=\"elementor-heading-title elementor-size-default\">Accessibilitat<\/h2>\t\t\t\t<\/div>\n\t\t\t\t<\/div>\n\t\t\t\t\t<\/div>\n\t\t\t\t<\/div>\n\t\t<div class=\"elementor-element elementor-element-4a8c093 e-flex e-con-boxed e-con e-parent\" data-id=\"4a8c093\" data-element_type=\"container\">\n\t\t\t\t\t<div class=\"e-con-inner\">\n\t\t\t\t<div class=\"elementor-element elementor-element-671e8fe elementor-widget elementor-widget-text-editor\" data-id=\"671e8fe\" data-element_type=\"widget\" data-widget_type=\"text-editor.default\">\n\t\t\t\t<div class=\"elementor-widget-container\">\n\t\t\t\t\t\t\t\t\t<div style=\"margin-bottom: 40px\">\n  <h4><strong>SITUACI\u00d3 DE COMPLIMENT<\/strong><\/h4>\n  <p>\n Aquest lloc web compleix parcialment amb l&#8217;RD 1112\/2018 a causa d&#8217;excepcions\ni incompliments. dels aspectes indicats en el punt seg\u00fcent. \n  <\/p>\n  <br>  <h4>\n    <strong>CONTINGUT NO ACCESSIBLE<\/strong>\n  <\/h4>\n  <p>El contingut recopilat a continuaci\u00f3 no \u00e9s accessible per a:<\/p>\n  <ul>\n    <li>Incompliment del RD 1112\/2018<\/li>\n    <li>\n Podria haver-hi alguns aspectes de contrast que no compleixin el m\u00ednim\nrequerit, 3:1, respecte als colors. adjacent al fons de \n    <\/li>\n    <li>\n la secci\u00f3 del lloc web en q\u00fcesti\u00f3. [9 .1.4.11 Contrast no textual] \n    <\/li>\n    <li>\n \u00c9s possible que hi hagi alguns elements no textuals que no estiguin\netiquetats correctament [2 .5.3 Etiqueta num\u00e8rica] i [4 .1.2 Nombre y        valor de la funci\u00f3n]\n    <\/li>\n    <li>\n Els motors de cerca busquen autom\u00e0ticament sense necessitat d&#8217;ordenar\ncap acci\u00f3 a l&#8217;usuari [3 .2.2 En rebre entrades]\n    <\/li>\n    <li>\n Podr\u00eda haber algunos textos en otro idioma no etiquetados correctamente [3\n.1.2 Idioma de las partes]\n    <\/li>\n    <li>\n Podrien produir-se errors ocasionals d&#8217;edici\u00f3 de codi en algunes\np\u00e0gines web. [4 .1.1 Procesamiento]\n    <\/li>\n    <li>C\u00e0rrec desproporcionat \u2013 No aplicable.<\/li>\n    <li>\n El contingut no entra dins de l&#8217;\u00e0mbit d&#8217;aplicaci\u00f3 de la legislaci\u00f3\naplicable.\n    <\/li>\n  <\/ul>\n  <br>  <h4>\n    <strong>CONTINGUT NO ACCESSIBLE<\/strong>\n  <\/h4>\n  <p>\n Aquesta declaraci\u00f3 va ser preparada el 30\/01\/2025. El m\u00e8tode utilitzat per a l&#8217;elaboraci\u00f3\nde la declaraci\u00f3 va ser una valoraci\u00f3 manual realitzada per\nAVANCEM AMB VOST\u00c8 S.L. (AVANNUBO). La Declaraci\u00f3 d&#8217;Accessibilitat va ser\nrevisada i actualitzada en 30\/01\/2025. Si desitja cridar la nostra atenci\u00f3 sobre\nl&#8217;exist\u00e8ncia d&#8217;un enlla\u00e7 a un lloc web amb contingut que considera\ninapropiat o il\u00b7legal, pot contactar-nos en info@isabelpalau.com.   \n  <\/p>\n  <br>  <h4>\n    <strong>PROCEDIMENT DE SOL\u00b7LICITUD<\/strong>\n  <\/h4>\n\n  <p>\n Si una vegada presentada una sol\u00b7licitud d&#8217;informaci\u00f3 accessible o una den\u00fancia\naquesta hagu\u00e9s estat desestimada, no va estar d&#8217;acord amb la decisi\u00f3\nadoptada, o la resposta no va complir amb els requisits previstos en l&#8217;article\n12.5, l&#8217;interessat podr\u00e0 iniciar una reclamaci\u00f3. Tamb\u00e9 es pot\niniciar una reclamaci\u00f3 en el cas que hagi transcorregut el termini de vint\ndies h\u00e0bils sense obtenir resposta. El reclam pot ser presentats a trav\u00e9s\nde la Inst\u00e0ncia Gen\u00e8rica de la Seu Electr\u00f2nica del Ministeri d&#8217;Assumptes\nEcon\u00f2mics i Transformaci\u00f3 Digital, aix\u00ed com la resta d&#8217;opcions\ncontingudes en la Llei 39\/2015, d&#8217;1 d&#8217;octubre, de Procediment\nAdministratiu Com\u00fa de les Administracions P\u00fabliques. Les reclamacions\nseran rebudes i processades per la Direcci\u00f3 General d&#8217;Inspecci\u00f3 de\nServeis del Ministeri.   \n  <\/p>\n  <br>  <h4>\n    <strong>CONTINGUT OPCIONAL<\/strong>\n  <\/h4>\n  <p>\n Aquest portal est\u00e0 dissenyat per a poder canviar la grand\u00e0ria del text i el color,\naix\u00ed com el fons de la p\u00e0gina. a trav\u00e9s de les opcions de configuraci\u00f3\nest\u00e0ndard del navegador. \n  <\/p>\n  <p>\n Si desitja canviar la grand\u00e0ria de font del text en els principals\nnavegadors gr\u00e0fics, utilitzi el seg\u00fcent men\u00fas: \n    <\/p><ul>\n        <li>\n\n Internet Explorer, Mozilla i Firefox: Veure&gt; Grand\u00e0ria del text \n        <\/li>\n        <li>\n            \n \u00d3pera: Veure &gt; Zoom \n        <\/li>\n        <li>\n            \n Safari: Veure &gt; Ampliar el text \n        <\/li>\n        <li>\n            \n Chrome: Controlar la p\u00e1gina actual &gt; Tama\u00f1o del texto\n            \n        <\/li>\n    <\/ul>\n       \n  \n  <p>Per a canviar la grand\u00e0ria de tot el que hi ha en la p\u00e0gina: Ctrl + + per a\naugmentar-ho Ctrl + \u2013 per a disminuir-ho Ctrl + 0 restaura la grand\u00e0ria del text\noriginal<\/p>\n  <p>\n Si desitja anul\u00b7lar la fulla de style o canviar el color del text, pot veure la\np\u00e0gina Com canviar Grand\u00e0ria de Text o Colors del WAI, que es pot llegir\ntradu\u00eft a l&#8217;espanyol en Com canviar la grand\u00e0ria del text o Colors\n  <\/p>\n<\/div>\n\t\t\t\t\t\t\t\t<\/div>\n\t\t\t\t<\/div>\n\t\t\t\t\t<\/div>\n\t\t\t\t<\/div>\n\t\t\t\t<\/div>\n\t\t","protected":false},"excerpt":{"rendered":"<p>Accessibilitat SITUACI\u00d3 DE COMPLIMENT Aquest lloc web compleix parcialment amb l&#8217;RD 1112\/2018 a causa d&#8217;excepcions i incompliments. dels aspectes indicats en el punt seg\u00fcent. CONTINGUT NO ACCESSIBLE El contingut recopilat a continuaci\u00f3 no \u00e9s accessible per a: Incompliment del RD 1112\/2018 Podria haver-hi alguns aspectes de contrast que no compleixin el m\u00ednim requerit, 3:1, respecte [&hellip;]<\/p>\n","protected":false},"author":1,"featured_media":0,"parent":0,"menu_order":0,"comment_status":"closed","ping_status":"closed","template":"","meta":{"footnotes":""},"class_list":["post-1878","page","type-page","status-publish","hentry"],"yoast_head":"<!-- This site is optimized with the Yoast SEO plugin v26.8 - https:\/\/yoast.com\/product\/yoast-seo-wordpress\/ -->\n<title>Accessibilitat - Isabel Palau<\/title>\n<meta name=\"description\" content=\"Compromesos amb l&#039;accessibilitat web: coneix les mesures que Isabel Palau aplica per garantir una navegaci\u00f3 inclusiva i accessible.\" \/>\n<meta name=\"robots\" content=\"index, follow, max-snippet:-1, max-image-preview:large, max-video-preview:-1\" \/>\n<link rel=\"canonical\" href=\"https:\/\/isabelpalau.com\/ca\/accessibilitat\/\" \/>\n<meta property=\"og:locale\" content=\"ca_ES\" \/>\n<meta property=\"og:type\" content=\"article\" \/>\n<meta property=\"og:title\" content=\"Accessibilitat - Isabel Palau\" \/>\n<meta property=\"og:description\" content=\"Compromesos amb l&#039;accessibilitat web: coneix les mesures que Isabel Palau aplica per garantir una navegaci\u00f3 inclusiva i accessible.\" \/>\n<meta property=\"og:url\" content=\"https:\/\/isabelpalau.com\/ca\/accessibilitat\/\" \/>\n<meta property=\"og:site_name\" content=\"Isabel Palau\" \/>\n<meta property=\"article:modified_time\" content=\"2025-11-13T11:13:07+00:00\" \/>\n<meta name=\"twitter:card\" content=\"summary_large_image\" \/>\n<meta name=\"twitter:label1\" content=\"Temps estimat de lectura\" \/>\n\t<meta name=\"twitter:data1\" content=\"3 minuts\" \/>\n<script type=\"application\/ld+json\" class=\"yoast-schema-graph\">{\"@context\":\"https:\/\/schema.org\",\"@graph\":[{\"@type\":\"WebPage\",\"@id\":\"https:\/\/isabelpalau.com\/ca\/accessibilitat\/\",\"url\":\"https:\/\/isabelpalau.com\/ca\/accessibilitat\/\",\"name\":\"Accessibilitat - Isabel Palau\",\"isPartOf\":{\"@id\":\"https:\/\/isabelpalau.com\/ca\/#website\"},\"datePublished\":\"2025-01-23T09:28:32+00:00\",\"dateModified\":\"2025-11-13T11:13:07+00:00\",\"description\":\"Compromesos amb l'accessibilitat web: coneix les mesures que Isabel Palau aplica per garantir una navegaci\u00f3 inclusiva i accessible.\",\"breadcrumb\":{\"@id\":\"https:\/\/isabelpalau.com\/ca\/accessibilitat\/#breadcrumb\"},\"inLanguage\":\"ca\",\"potentialAction\":[{\"@type\":\"ReadAction\",\"target\":[\"https:\/\/isabelpalau.com\/ca\/accessibilitat\/\"]}]},{\"@type\":\"BreadcrumbList\",\"@id\":\"https:\/\/isabelpalau.com\/ca\/accessibilitat\/#breadcrumb\",\"itemListElement\":[{\"@type\":\"ListItem\",\"position\":1,\"name\":\"Portada\",\"item\":\"https:\/\/isabelpalau.com\/ca\/\"},{\"@type\":\"ListItem\",\"position\":2,\"name\":\"Accessibilitat\"}]},{\"@type\":\"WebSite\",\"@id\":\"https:\/\/isabelpalau.com\/ca\/#website\",\"url\":\"https:\/\/isabelpalau.com\/ca\/\",\"name\":\"Isabel Palau\",\"description\":\"\",\"potentialAction\":[{\"@type\":\"SearchAction\",\"target\":{\"@type\":\"EntryPoint\",\"urlTemplate\":\"https:\/\/isabelpalau.com\/ca\/?s={search_term_string}\"},\"query-input\":{\"@type\":\"PropertyValueSpecification\",\"valueRequired\":true,\"valueName\":\"search_term_string\"}}],\"inLanguage\":\"ca\"}]}<\/script>\n<!-- \/ Yoast SEO plugin. -->","yoast_head_json":{"title":"Accessibilitat - Isabel Palau","description":"Compromesos amb l'accessibilitat web: coneix les mesures que Isabel Palau aplica per garantir una navegaci\u00f3 inclusiva i accessible.","robots":{"index":"index","follow":"follow","max-snippet":"max-snippet:-1","max-image-preview":"max-image-preview:large","max-video-preview":"max-video-preview:-1"},"canonical":"https:\/\/isabelpalau.com\/ca\/accessibilitat\/","og_locale":"ca_ES","og_type":"article","og_title":"Accessibilitat - Isabel Palau","og_description":"Compromesos amb l'accessibilitat web: coneix les mesures que Isabel Palau aplica per garantir una navegaci\u00f3 inclusiva i accessible.","og_url":"https:\/\/isabelpalau.com\/ca\/accessibilitat\/","og_site_name":"Isabel Palau","article_modified_time":"2025-11-13T11:13:07+00:00","twitter_card":"summary_large_image","twitter_misc":{"Temps estimat de lectura":"3 minuts"},"schema":{"@context":"https:\/\/schema.org","@graph":[{"@type":"WebPage","@id":"https:\/\/isabelpalau.com\/ca\/accessibilitat\/","url":"https:\/\/isabelpalau.com\/ca\/accessibilitat\/","name":"Accessibilitat - Isabel Palau","isPartOf":{"@id":"https:\/\/isabelpalau.com\/ca\/#website"},"datePublished":"2025-01-23T09:28:32+00:00","dateModified":"2025-11-13T11:13:07+00:00","description":"Compromesos amb l'accessibilitat web: coneix les mesures que Isabel Palau aplica per garantir una navegaci\u00f3 inclusiva i accessible.","breadcrumb":{"@id":"https:\/\/isabelpalau.com\/ca\/accessibilitat\/#breadcrumb"},"inLanguage":"ca","potentialAction":[{"@type":"ReadAction","target":["https:\/\/isabelpalau.com\/ca\/accessibilitat\/"]}]},{"@type":"BreadcrumbList","@id":"https:\/\/isabelpalau.com\/ca\/accessibilitat\/#breadcrumb","itemListElement":[{"@type":"ListItem","position":1,"name":"Portada","item":"https:\/\/isabelpalau.com\/ca\/"},{"@type":"ListItem","position":2,"name":"Accessibilitat"}]},{"@type":"WebSite","@id":"https:\/\/isabelpalau.com\/ca\/#website","url":"https:\/\/isabelpalau.com\/ca\/","name":"Isabel Palau","description":"","potentialAction":[{"@type":"SearchAction","target":{"@type":"EntryPoint","urlTemplate":"https:\/\/isabelpalau.com\/ca\/?s={search_term_string}"},"query-input":{"@type":"PropertyValueSpecification","valueRequired":true,"valueName":"search_term_string"}}],"inLanguage":"ca"}]}},"_links":{"self":[{"href":"https:\/\/isabelpalau.com\/ca\/wp-json\/wp\/v2\/pages\/1878","targetHints":{"allow":["GET"]}}],"collection":[{"href":"https:\/\/isabelpalau.com\/ca\/wp-json\/wp\/v2\/pages"}],"about":[{"href":"https:\/\/isabelpalau.com\/ca\/wp-json\/wp\/v2\/types\/page"}],"author":[{"embeddable":true,"href":"https:\/\/isabelpalau.com\/ca\/wp-json\/wp\/v2\/users\/1"}],"replies":[{"embeddable":true,"href":"https:\/\/isabelpalau.com\/ca\/wp-json\/wp\/v2\/comments?post=1878"}],"version-history":[{"count":1,"href":"https:\/\/isabelpalau.com\/ca\/wp-json\/wp\/v2\/pages\/1878\/revisions"}],"predecessor-version":[{"id":1879,"href":"https:\/\/isabelpalau.com\/ca\/wp-json\/wp\/v2\/pages\/1878\/revisions\/1879"}],"wp:attachment":[{"href":"https:\/\/isabelpalau.com\/ca\/wp-json\/wp\/v2\/media?parent=1878"}],"curies":[{"name":"wp","href":"https:\/\/api.w.org\/{rel}","templated":true}]}}