{"id":1682,"date":"2025-01-23T09:25:00","date_gmt":"2025-01-23T09:25:00","guid":{"rendered":"https:\/\/isabelpalau.com\/serveis\/"},"modified":"2025-11-13T11:24:50","modified_gmt":"2025-11-13T11:24:50","slug":"serveis","status":"publish","type":"page","link":"https:\/\/isabelpalau.com\/ca\/serveis\/","title":{"rendered":"Serveis"},"content":{"rendered":"\t\t<div data-elementor-type=\"wp-page\" data-elementor-id=\"1682\" class=\"elementor elementor-1682 elementor-75\" data-elementor-post-type=\"page\">\n\t\t\t\t<div class=\"elementor-element elementor-element-6f146dc e-con-full e-flex e-con e-parent\" data-id=\"6f146dc\" data-element_type=\"container\" data-settings=\"{&quot;background_background&quot;:&quot;video&quot;,&quot;background_video_link&quot;:&quot;https:\\\/\\\/videos.pexels.com\\\/video-files\\\/7918375\\\/7918375-hd_1920_1080_30fps.mp4&quot;,&quot;background_play_on_mobile&quot;:&quot;yes&quot;}\">\n\t\t<div class=\"elementor-background-video-container\" aria-hidden=\"true\">\n\t\t\t\t\t\t\t<video class=\"elementor-background-video-hosted\" autoplay muted playsinline loop><\/video>\n\t\t\t\t\t<\/div>\t\t<div class=\"elementor-element elementor-element-9909399 elementor-widget elementor-widget-heading\" data-id=\"9909399\" data-element_type=\"widget\" data-widget_type=\"heading.default\">\n\t\t\t\t<div class=\"elementor-widget-container\">\n\t\t\t\t\t<h2 class=\"elementor-heading-title elementor-size-default\">SERVEIS<\/h2>\t\t\t\t<\/div>\n\t\t\t\t<\/div>\n\t\t\t\t<\/div>\n\t\t<div class=\"elementor-element elementor-element-9b13c5f e-flex e-con-boxed e-con e-parent\" data-id=\"9b13c5f\" data-element_type=\"container\" data-settings=\"{&quot;background_background&quot;:&quot;classic&quot;}\">\n\t\t\t\t\t<div class=\"e-con-inner\">\n\t\t<div class=\"elementor-element elementor-element-63763bf e-con-full e-flex e-con e-child\" data-id=\"63763bf\" data-element_type=\"container\" id=\"traduc\">\n\t\t<div class=\"elementor-element elementor-element-9d16d7f e-con-full animated-slow e-flex elementor-invisible e-con e-child\" data-id=\"9d16d7f\" data-element_type=\"container\" data-settings=\"{&quot;background_background&quot;:&quot;classic&quot;,&quot;animation&quot;:&quot;fadeInLeft&quot;}\">\n\t\t\t\t<div class=\"elementor-element elementor-element-7856610 elementor-widget elementor-widget-image\" data-id=\"7856610\" data-element_type=\"widget\" data-widget_type=\"image.default\">\n\t\t\t\t<div class=\"elementor-widget-container\">\n\t\t\t\t\t\t\t\t\t\t\t\t\t\t\t<img fetchpriority=\"high\" decoding=\"async\" width=\"248\" height=\"248\" src=\"https:\/\/isabelpalau.com\/wp-content\/uploads\/2025\/03\/traduccion-web-rojo.png\" class=\"attachment-large size-large wp-image-1633\" alt=\"\" srcset=\"https:\/\/isabelpalau.com\/wp-content\/uploads\/2025\/03\/traduccion-web-rojo.png 248w, https:\/\/isabelpalau.com\/wp-content\/uploads\/2025\/03\/traduccion-web-rojo-150x150.png 150w\" sizes=\"(max-width: 248px) 100vw, 248px\" \/>\t\t\t\t\t\t\t\t\t\t\t\t\t\t\t<\/div>\n\t\t\t\t<\/div>\n\t\t\t\t<\/div>\n\t\t<div class=\"elementor-element elementor-element-414068c e-con-full animated-slow e-flex elementor-invisible e-con e-child\" data-id=\"414068c\" data-element_type=\"container\" data-settings=\"{&quot;background_background&quot;:&quot;classic&quot;,&quot;animation&quot;:&quot;fadeInRight&quot;}\">\n\t\t\t\t<div class=\"elementor-element elementor-element-3dc68db elementor-widget elementor-widget-heading\" data-id=\"3dc68db\" data-element_type=\"widget\" data-widget_type=\"heading.default\">\n\t\t\t\t<div class=\"elementor-widget-container\">\n\t\t\t\t\t<h2 class=\"elementor-heading-title elementor-size-default\">TRADUCCI\u00d3 DE P\u00c0GINES WEB<\/h2>\t\t\t\t<\/div>\n\t\t\t\t<\/div>\n\t\t\t\t<div class=\"elementor-element elementor-element-18a4fab elementor-widget elementor-widget-heading\" data-id=\"18a4fab\" data-element_type=\"widget\" data-widget_type=\"heading.default\">\n\t\t\t\t<div class=\"elementor-widget-container\">\n\t\t\t\t\t<h2 class=\"elementor-heading-title elementor-size-default\">EN \/ FR \/ DE &gt; CA \/ ES<\/h2>\t\t\t\t<\/div>\n\t\t\t\t<\/div>\n\t\t\t\t<div class=\"elementor-element elementor-element-6dc2c2a elementor-widget elementor-widget-text-editor\" data-id=\"6dc2c2a\" data-element_type=\"widget\" data-widget_type=\"text-editor.default\">\n\t\t\t\t<div class=\"elementor-widget-container\">\n\t\t\t\t\t\t\t\t\t<p class=\"font_8 wixui-rich-text__text\">Assegureu-vos que els vostre lloc web s\u2019adreci a la vostra audi\u00e8ncia en la seva llengua materna; les vostres visites tindran una experi\u00e8ncia m\u00e9s c\u00f2moda i atractiva, entendran el contingut amb facilitat i aconseguireu una fidelitzaci\u00f3 m\u00e9s gran. Optimitzar el vostre SEO millorar\u00e0 els resultats de cerca locals. <\/p>\t\t\t\t\t\t\t\t<\/div>\n\t\t\t\t<\/div>\n\t\t\t\t<\/div>\n\t\t\t\t<\/div>\n\t\t<div class=\"elementor-element elementor-element-7713e22 e-con-full e-flex e-con e-child\" data-id=\"7713e22\" data-element_type=\"container\" id=\"textos1\">\n\t\t<div class=\"elementor-element elementor-element-56bf7fa e-con-full animated-slow e-flex elementor-invisible e-con e-child\" data-id=\"56bf7fa\" data-element_type=\"container\" data-settings=\"{&quot;background_background&quot;:&quot;classic&quot;,&quot;animation&quot;:&quot;fadeInRight&quot;}\">\n\t\t\t\t<div class=\"elementor-element elementor-element-f162667 elementor-widget elementor-widget-image\" data-id=\"f162667\" data-element_type=\"widget\" data-widget_type=\"image.default\">\n\t\t\t\t<div class=\"elementor-widget-container\">\n\t\t\t\t\t\t\t\t\t\t\t\t\t\t\t<img decoding=\"async\" width=\"512\" height=\"512\" src=\"https:\/\/isabelpalau.com\/wp-content\/uploads\/2025\/01\/traduccion-textos.png\" class=\"attachment-large size-large wp-image-1313\" alt=\"\" srcset=\"https:\/\/isabelpalau.com\/wp-content\/uploads\/2025\/01\/traduccion-textos.png 512w, https:\/\/isabelpalau.com\/wp-content\/uploads\/2025\/01\/traduccion-textos-300x300.png 300w, https:\/\/isabelpalau.com\/wp-content\/uploads\/2025\/01\/traduccion-textos-150x150.png 150w\" sizes=\"(max-width: 512px) 100vw, 512px\" \/>\t\t\t\t\t\t\t\t\t\t\t\t\t\t\t<\/div>\n\t\t\t\t<\/div>\n\t\t\t\t<\/div>\n\t\t<div class=\"elementor-element elementor-element-543417f e-con-full animated-slow e-flex elementor-invisible e-con e-child\" data-id=\"543417f\" data-element_type=\"container\" data-settings=\"{&quot;background_background&quot;:&quot;classic&quot;,&quot;animation&quot;:&quot;fadeInLeft&quot;}\">\n\t\t\t\t<div class=\"elementor-element elementor-element-00dce95 elementor-widget elementor-widget-heading\" data-id=\"00dce95\" data-element_type=\"widget\" data-widget_type=\"heading.default\">\n\t\t\t\t<div class=\"elementor-widget-container\">\n\t\t\t\t\t<h2 class=\"elementor-heading-title elementor-size-default\">TRADUCCI\u00d3 DE TEXTOS\u200b<\/h2>\t\t\t\t<\/div>\n\t\t\t\t<\/div>\n\t\t\t\t<div class=\"elementor-element elementor-element-77dfa84 elementor-widget elementor-widget-heading\" data-id=\"77dfa84\" data-element_type=\"widget\" data-widget_type=\"heading.default\">\n\t\t\t\t<div class=\"elementor-widget-container\">\n\t\t\t\t\t<h2 class=\"elementor-heading-title elementor-size-default\">EN \/ FR \/ DE &gt; CA \/ ES<\/h2>\t\t\t\t<\/div>\n\t\t\t\t<\/div>\n\t\t\t\t<div class=\"elementor-element elementor-element-9c97386 elementor-widget elementor-widget-text-editor\" data-id=\"9c97386\" data-element_type=\"widget\" data-widget_type=\"text-editor.default\">\n\t\t\t\t<div class=\"elementor-widget-container\">\n\t\t\t\t\t\t\t\t\t<p class=\"font_8 wixui-rich-text__text\">Traducci\u00f3 de textos professional, amb la garantia d\u2019una curosa adaptaci\u00f3 que asseguri un estil clar i fluid en la llengua de dest\u00ed, tot aplicant la terminologia precisa i espec\u00edfica de cada sector.<\/p>\t\t\t\t\t\t\t\t<\/div>\n\t\t\t\t<\/div>\n\t\t\t\t<\/div>\n\t\t\t\t<\/div>\n\t\t<div class=\"elementor-element elementor-element-9c87bf0 e-con-full e-flex e-con e-child\" data-id=\"9c87bf0\" data-element_type=\"container\" id=\"jurada\">\n\t\t<div class=\"elementor-element elementor-element-d74a70c e-con-full animated-slow e-flex elementor-invisible e-con e-child\" data-id=\"d74a70c\" data-element_type=\"container\" data-settings=\"{&quot;background_background&quot;:&quot;classic&quot;,&quot;animation&quot;:&quot;fadeInLeft&quot;}\">\n\t\t\t\t<div class=\"elementor-element elementor-element-1143124 elementor-widget elementor-widget-image\" data-id=\"1143124\" data-element_type=\"widget\" data-widget_type=\"image.default\">\n\t\t\t\t<div class=\"elementor-widget-container\">\n\t\t\t\t\t\t\t\t\t\t\t\t\t\t\t<img decoding=\"async\" width=\"512\" height=\"512\" src=\"https:\/\/isabelpalau.com\/wp-content\/uploads\/2025\/01\/traduccion-jurada.png\" class=\"attachment-large size-large wp-image-1309\" alt=\"\" srcset=\"https:\/\/isabelpalau.com\/wp-content\/uploads\/2025\/01\/traduccion-jurada.png 512w, https:\/\/isabelpalau.com\/wp-content\/uploads\/2025\/01\/traduccion-jurada-300x300.png 300w, https:\/\/isabelpalau.com\/wp-content\/uploads\/2025\/01\/traduccion-jurada-150x150.png 150w\" sizes=\"(max-width: 512px) 100vw, 512px\" \/>\t\t\t\t\t\t\t\t\t\t\t\t\t\t\t<\/div>\n\t\t\t\t<\/div>\n\t\t\t\t<\/div>\n\t\t<div class=\"elementor-element elementor-element-71c5926 e-con-full animated-slow e-flex elementor-invisible e-con e-child\" data-id=\"71c5926\" data-element_type=\"container\" data-settings=\"{&quot;background_background&quot;:&quot;classic&quot;,&quot;animation&quot;:&quot;fadeInRight&quot;}\">\n\t\t\t\t<div class=\"elementor-element elementor-element-cc05865 elementor-widget elementor-widget-heading\" data-id=\"cc05865\" data-element_type=\"widget\" data-widget_type=\"heading.default\">\n\t\t\t\t<div class=\"elementor-widget-container\">\n\t\t\t\t\t<h2 class=\"elementor-heading-title elementor-size-default\">TRADUCCI\u00d3 JURADA<\/h2>\t\t\t\t<\/div>\n\t\t\t\t<\/div>\n\t\t\t\t<div class=\"elementor-element elementor-element-7f9feeb elementor-widget elementor-widget-heading\" data-id=\"7f9feeb\" data-element_type=\"widget\" data-widget_type=\"heading.default\">\n\t\t\t\t<div class=\"elementor-widget-container\">\n\t\t\t\t\t<h2 class=\"elementor-heading-title elementor-size-default\">FR \/ DE \/ ES &gt; CA <br><br>CA &gt; ES\n<\/h2>\t\t\t\t<\/div>\n\t\t\t\t<\/div>\n\t\t\t\t<div class=\"elementor-element elementor-element-85a5979 elementor-widget elementor-widget-text-editor\" data-id=\"85a5979\" data-element_type=\"widget\" data-widget_type=\"text-editor.default\">\n\t\t\t\t<div class=\"elementor-widget-container\">\n\t\t\t\t\t\t\t\t\t<p>Soc traductora jurada habilitada per la Generalitat de Catalunya, especialitzada en les combinacions de castell\u00e0, franc\u00e8s i alemany al catal\u00e0, i del catal\u00e0 al castell\u00e0. Faig traduccions de certificats i documents que requereixen validesa legal davant d\u2019entitats p\u00fabliques i organismes. <\/p>\t\t\t\t\t\t\t\t<\/div>\n\t\t\t\t<\/div>\n\t\t\t\t<\/div>\n\t\t\t\t<\/div>\n\t\t<div class=\"elementor-element elementor-element-1939da4 e-con-full e-flex e-con e-child\" data-id=\"1939da4\" data-element_type=\"container\" id=\"correcciones\">\n\t\t<div class=\"elementor-element elementor-element-650f447 e-con-full animated-slow e-flex elementor-invisible e-con e-child\" data-id=\"650f447\" data-element_type=\"container\" data-settings=\"{&quot;background_background&quot;:&quot;classic&quot;,&quot;animation&quot;:&quot;fadeInRight&quot;}\">\n\t\t\t\t<div class=\"elementor-element elementor-element-d165a46 elementor-widget elementor-widget-image\" data-id=\"d165a46\" data-element_type=\"widget\" data-widget_type=\"image.default\">\n\t\t\t\t<div class=\"elementor-widget-container\">\n\t\t\t\t\t\t\t\t\t\t\t\t\t\t\t<img loading=\"lazy\" decoding=\"async\" width=\"512\" height=\"512\" src=\"https:\/\/isabelpalau.com\/wp-content\/uploads\/2025\/01\/correccion-de-pruebas-1.png\" class=\"attachment-large size-large wp-image-1305\" alt=\"\" srcset=\"https:\/\/isabelpalau.com\/wp-content\/uploads\/2025\/01\/correccion-de-pruebas-1.png 512w, https:\/\/isabelpalau.com\/wp-content\/uploads\/2025\/01\/correccion-de-pruebas-1-300x300.png 300w, https:\/\/isabelpalau.com\/wp-content\/uploads\/2025\/01\/correccion-de-pruebas-1-150x150.png 150w\" sizes=\"(max-width: 512px) 100vw, 512px\" \/>\t\t\t\t\t\t\t\t\t\t\t\t\t\t\t<\/div>\n\t\t\t\t<\/div>\n\t\t\t\t<\/div>\n\t\t<div class=\"elementor-element elementor-element-9ba24bf e-con-full animated-slow e-flex elementor-invisible e-con e-child\" data-id=\"9ba24bf\" data-element_type=\"container\" data-settings=\"{&quot;background_background&quot;:&quot;classic&quot;,&quot;animation&quot;:&quot;fadeInLeft&quot;}\">\n\t\t\t\t<div class=\"elementor-element elementor-element-97fae71 elementor-widget elementor-widget-heading\" data-id=\"97fae71\" data-element_type=\"widget\" data-widget_type=\"heading.default\">\n\t\t\t\t<div class=\"elementor-widget-container\">\n\t\t\t\t\t<h2 class=\"elementor-heading-title elementor-size-default\">CORRECCI\u00d3 I REVISI\u00d3 DE TEXTOS<\/h2>\t\t\t\t<\/div>\n\t\t\t\t<\/div>\n\t\t\t\t<div class=\"elementor-element elementor-element-c5285d0 elementor-widget elementor-widget-heading\" data-id=\"c5285d0\" data-element_type=\"widget\" data-widget_type=\"heading.default\">\n\t\t\t\t<div class=\"elementor-widget-container\">\n\t\t\t\t\t<h2 class=\"elementor-heading-title elementor-size-default\">CA \/ ES<\/h2>\t\t\t\t<\/div>\n\t\t\t\t<\/div>\n\t\t\t\t<div class=\"elementor-element elementor-element-a6b734e elementor-widget elementor-widget-text-editor\" data-id=\"a6b734e\" data-element_type=\"widget\" data-widget_type=\"text-editor.default\">\n\t\t\t\t<div class=\"elementor-widget-container\">\n\t\t\t\t\t\t\t\t\t<p>Teniu un text i necessiteu polir-lo? Us ajudo a aconseguir un redactat natural i genu\u00ed, tot mantenint la claredat, la flu\u00efdesa i el compliment de la normativa. Buscarem solucions que s\u2019adaptin al vostre estil.  <\/p>\t\t\t\t\t\t\t\t<\/div>\n\t\t\t\t<\/div>\n\t\t\t\t<\/div>\n\t\t\t\t<\/div>\n\t\t\t\t\t<\/div>\n\t\t\t\t<\/div>\n\t\t\t\t<\/div>\n\t\t","protected":false},"excerpt":{"rendered":"<p>SERVEIS TRADUCCI\u00d3 DE P\u00c0GINES WEB EN \/ FR \/ DE &gt; CA \/ ES Assegureu-vos que els vostre lloc web s\u2019adreci a la vostra audi\u00e8ncia en la seva llengua materna; les vostres visites tindran una experi\u00e8ncia m\u00e9s c\u00f2moda i atractiva, entendran el contingut amb facilitat i aconseguireu una fidelitzaci\u00f3 m\u00e9s gran. Optimitzar el vostre SEO [&hellip;]<\/p>\n","protected":false},"author":1,"featured_media":0,"parent":0,"menu_order":0,"comment_status":"closed","ping_status":"closed","template":"","meta":{"footnotes":""},"class_list":["post-1682","page","type-page","status-publish","hentry"],"yoast_head":"<!-- This site is optimized with the Yoast SEO plugin v26.8 - https:\/\/yoast.com\/product\/yoast-seo-wordpress\/ -->\n<title>Serveis - Isabel Palau<\/title>\n<meta name=\"description\" content=\"serveis de traducci\u00f3 de p\u00e0gines web, traducci\u00f3 de textos, traducci\u00f3 jurada, correcci\u00f3 i revisi\u00f3 de textos.\" \/>\n<meta name=\"robots\" content=\"index, follow, max-snippet:-1, max-image-preview:large, max-video-preview:-1\" \/>\n<link rel=\"canonical\" href=\"https:\/\/isabelpalau.com\/ca\/serveis\/\" \/>\n<meta property=\"og:locale\" content=\"ca_ES\" \/>\n<meta property=\"og:type\" content=\"article\" \/>\n<meta property=\"og:title\" content=\"Serveis - Isabel Palau\" \/>\n<meta property=\"og:description\" content=\"serveis de traducci\u00f3 de p\u00e0gines web, traducci\u00f3 de textos, traducci\u00f3 jurada, correcci\u00f3 i revisi\u00f3 de textos.\" \/>\n<meta property=\"og:url\" content=\"https:\/\/isabelpalau.com\/ca\/serveis\/\" \/>\n<meta property=\"og:site_name\" content=\"Isabel Palau\" \/>\n<meta property=\"article:modified_time\" content=\"2025-11-13T11:24:50+00:00\" \/>\n<meta property=\"og:image\" content=\"https:\/\/isabelpalau.com\/wp-content\/uploads\/2025\/03\/traduccion-web-rojo.png\" \/>\n<meta name=\"twitter:card\" content=\"summary_large_image\" \/>\n<meta name=\"twitter:label1\" content=\"Temps estimat de lectura\" \/>\n\t<meta name=\"twitter:data1\" content=\"2 minuts\" \/>\n<script type=\"application\/ld+json\" class=\"yoast-schema-graph\">{\"@context\":\"https:\/\/schema.org\",\"@graph\":[{\"@type\":\"WebPage\",\"@id\":\"https:\/\/isabelpalau.com\/ca\/serveis\/\",\"url\":\"https:\/\/isabelpalau.com\/ca\/serveis\/\",\"name\":\"Serveis - Isabel Palau\",\"isPartOf\":{\"@id\":\"https:\/\/isabelpalau.com\/ca\/#website\"},\"primaryImageOfPage\":{\"@id\":\"https:\/\/isabelpalau.com\/ca\/serveis\/#primaryimage\"},\"image\":{\"@id\":\"https:\/\/isabelpalau.com\/ca\/serveis\/#primaryimage\"},\"thumbnailUrl\":\"https:\/\/isabelpalau.com\/wp-content\/uploads\/2025\/03\/traduccion-web-rojo.png\",\"datePublished\":\"2025-01-23T09:25:00+00:00\",\"dateModified\":\"2025-11-13T11:24:50+00:00\",\"description\":\"serveis de traducci\u00f3 de p\u00e0gines web, traducci\u00f3 de textos, traducci\u00f3 jurada, correcci\u00f3 i revisi\u00f3 de textos.\",\"breadcrumb\":{\"@id\":\"https:\/\/isabelpalau.com\/ca\/serveis\/#breadcrumb\"},\"inLanguage\":\"ca\",\"potentialAction\":[{\"@type\":\"ReadAction\",\"target\":[\"https:\/\/isabelpalau.com\/ca\/serveis\/\"]}]},{\"@type\":\"ImageObject\",\"inLanguage\":\"ca\",\"@id\":\"https:\/\/isabelpalau.com\/ca\/serveis\/#primaryimage\",\"url\":\"https:\/\/isabelpalau.com\/wp-content\/uploads\/2025\/03\/traduccion-web-rojo.png\",\"contentUrl\":\"https:\/\/isabelpalau.com\/wp-content\/uploads\/2025\/03\/traduccion-web-rojo.png\"},{\"@type\":\"BreadcrumbList\",\"@id\":\"https:\/\/isabelpalau.com\/ca\/serveis\/#breadcrumb\",\"itemListElement\":[{\"@type\":\"ListItem\",\"position\":1,\"name\":\"Portada\",\"item\":\"https:\/\/isabelpalau.com\/ca\/\"},{\"@type\":\"ListItem\",\"position\":2,\"name\":\"Serveis\"}]},{\"@type\":\"WebSite\",\"@id\":\"https:\/\/isabelpalau.com\/ca\/#website\",\"url\":\"https:\/\/isabelpalau.com\/ca\/\",\"name\":\"Isabel Palau\",\"description\":\"\",\"potentialAction\":[{\"@type\":\"SearchAction\",\"target\":{\"@type\":\"EntryPoint\",\"urlTemplate\":\"https:\/\/isabelpalau.com\/ca\/?s={search_term_string}\"},\"query-input\":{\"@type\":\"PropertyValueSpecification\",\"valueRequired\":true,\"valueName\":\"search_term_string\"}}],\"inLanguage\":\"ca\"}]}<\/script>\n<!-- \/ Yoast SEO plugin. -->","yoast_head_json":{"title":"Serveis - Isabel Palau","description":"serveis de traducci\u00f3 de p\u00e0gines web, traducci\u00f3 de textos, traducci\u00f3 jurada, correcci\u00f3 i revisi\u00f3 de textos.","robots":{"index":"index","follow":"follow","max-snippet":"max-snippet:-1","max-image-preview":"max-image-preview:large","max-video-preview":"max-video-preview:-1"},"canonical":"https:\/\/isabelpalau.com\/ca\/serveis\/","og_locale":"ca_ES","og_type":"article","og_title":"Serveis - Isabel Palau","og_description":"serveis de traducci\u00f3 de p\u00e0gines web, traducci\u00f3 de textos, traducci\u00f3 jurada, correcci\u00f3 i revisi\u00f3 de textos.","og_url":"https:\/\/isabelpalau.com\/ca\/serveis\/","og_site_name":"Isabel Palau","article_modified_time":"2025-11-13T11:24:50+00:00","og_image":[{"url":"https:\/\/isabelpalau.com\/wp-content\/uploads\/2025\/03\/traduccion-web-rojo.png","type":"","width":"","height":""}],"twitter_card":"summary_large_image","twitter_misc":{"Temps estimat de lectura":"2 minuts"},"schema":{"@context":"https:\/\/schema.org","@graph":[{"@type":"WebPage","@id":"https:\/\/isabelpalau.com\/ca\/serveis\/","url":"https:\/\/isabelpalau.com\/ca\/serveis\/","name":"Serveis - Isabel Palau","isPartOf":{"@id":"https:\/\/isabelpalau.com\/ca\/#website"},"primaryImageOfPage":{"@id":"https:\/\/isabelpalau.com\/ca\/serveis\/#primaryimage"},"image":{"@id":"https:\/\/isabelpalau.com\/ca\/serveis\/#primaryimage"},"thumbnailUrl":"https:\/\/isabelpalau.com\/wp-content\/uploads\/2025\/03\/traduccion-web-rojo.png","datePublished":"2025-01-23T09:25:00+00:00","dateModified":"2025-11-13T11:24:50+00:00","description":"serveis de traducci\u00f3 de p\u00e0gines web, traducci\u00f3 de textos, traducci\u00f3 jurada, correcci\u00f3 i revisi\u00f3 de textos.","breadcrumb":{"@id":"https:\/\/isabelpalau.com\/ca\/serveis\/#breadcrumb"},"inLanguage":"ca","potentialAction":[{"@type":"ReadAction","target":["https:\/\/isabelpalau.com\/ca\/serveis\/"]}]},{"@type":"ImageObject","inLanguage":"ca","@id":"https:\/\/isabelpalau.com\/ca\/serveis\/#primaryimage","url":"https:\/\/isabelpalau.com\/wp-content\/uploads\/2025\/03\/traduccion-web-rojo.png","contentUrl":"https:\/\/isabelpalau.com\/wp-content\/uploads\/2025\/03\/traduccion-web-rojo.png"},{"@type":"BreadcrumbList","@id":"https:\/\/isabelpalau.com\/ca\/serveis\/#breadcrumb","itemListElement":[{"@type":"ListItem","position":1,"name":"Portada","item":"https:\/\/isabelpalau.com\/ca\/"},{"@type":"ListItem","position":2,"name":"Serveis"}]},{"@type":"WebSite","@id":"https:\/\/isabelpalau.com\/ca\/#website","url":"https:\/\/isabelpalau.com\/ca\/","name":"Isabel Palau","description":"","potentialAction":[{"@type":"SearchAction","target":{"@type":"EntryPoint","urlTemplate":"https:\/\/isabelpalau.com\/ca\/?s={search_term_string}"},"query-input":{"@type":"PropertyValueSpecification","valueRequired":true,"valueName":"search_term_string"}}],"inLanguage":"ca"}]}},"_links":{"self":[{"href":"https:\/\/isabelpalau.com\/ca\/wp-json\/wp\/v2\/pages\/1682","targetHints":{"allow":["GET"]}}],"collection":[{"href":"https:\/\/isabelpalau.com\/ca\/wp-json\/wp\/v2\/pages"}],"about":[{"href":"https:\/\/isabelpalau.com\/ca\/wp-json\/wp\/v2\/types\/page"}],"author":[{"embeddable":true,"href":"https:\/\/isabelpalau.com\/ca\/wp-json\/wp\/v2\/users\/1"}],"replies":[{"embeddable":true,"href":"https:\/\/isabelpalau.com\/ca\/wp-json\/wp\/v2\/comments?post=1682"}],"version-history":[{"count":3,"href":"https:\/\/isabelpalau.com\/ca\/wp-json\/wp\/v2\/pages\/1682\/revisions"}],"predecessor-version":[{"id":2163,"href":"https:\/\/isabelpalau.com\/ca\/wp-json\/wp\/v2\/pages\/1682\/revisions\/2163"}],"wp:attachment":[{"href":"https:\/\/isabelpalau.com\/ca\/wp-json\/wp\/v2\/media?parent=1682"}],"curies":[{"name":"wp","href":"https:\/\/api.w.org\/{rel}","templated":true}]}}